{"id":119608,"date":"2020-11-24T18:25:26","date_gmt":"2020-11-24T16:25:26","guid":{"rendered":"https:\/\/unlimitedmuse.com\/?post_type=product&#038;p=119608"},"modified":"2023-02-15T10:47:18","modified_gmt":"2023-02-15T08:47:18","slug":"casa-tequila-artist-box","status":"publish","type":"product","link":"https:\/\/unlimitedmuse.com\/ja\/shop\/casa-tequila-artist-box\/","title":{"rendered":"NEW &#8220;Casa Tequila&#8221; XXXXL 12 x ARTPRINTS"},"content":{"rendered":"<h4>&#8220;Casa Tequila&#8221;<\/h4>\n<p>ist ein limitierte und handsignierte Foto Kunst Edition in Museumsqualit\u00e4t mit optionalem Kalendarium f\u00fcr 2021. Nur 100 St\u00fcck weltweit! In der schwarzen Box im A1 Format befinden sich 12 Kunstdrucke im Grossformat 61 x 81 cm, 12 separate Kalendarien und Material zur Aufh\u00e4ngung. Die Kunstbox Edition erscheint dieses Jahr zum ersten Mal und ist mit einer Auflage von nur 100 Exemplaren sehr exklusiv! Die malerischen Aktfotos zeigen die K\u00fcnstlerin Milo Moir\u00e9 w\u00e4hrend ihrer dreimonatigen Quarant\u00e4ne in Mexiko. W\u00e4hrend in Europa bereits Lockdown war, konnte sich Milo noch freiz\u00fcgig in ihrer karibischen Villa austoben. Inspiriert vom wilden Geist Frida Kahlo&#8217;s, malte sie, feierte wilde Orgien und zelebrierte die farbenfrohe Kultur Mexikos mit einem Glas Tequila. Der gesamte Inhalt der Box inklusive aller Drucke ist in Eigenproduktion hergestellt und haben Museumsqualit\u00e4t. Die zw\u00f6lf Kunstdrucke sind von Starfotograf Peter Palm und K\u00fcnstlerin Milo Moir\u00e9 handsigniert, was der Edition den Status eines Unikates verleiht. Die Kunstbox enth\u00e4lt auch zw\u00f6lf separate Kalendarien, die man optional mit den Kunstdrucken aufh\u00e4ngen kann. Durch das beliebige Kombinieren von Kunstdruck mit Kalendarium entsteht so ein individueller Kalender von fast 1 Meter! Man kann auch nur die hochwertigen Kunstdrucke aufh\u00e4ngen oder noch exklusiver in einem tollen Rahmen pr\u00e4sentieren!<\/p>\n","protected":false},"excerpt":{"rendered":"<p>&#8220;Casa Tequila&#8221; ist ein limitierte und handsignierte Foto Kunst Edition in Museumsqualit\u00e4t mit optionalem Kalendarium f\u00fcr 2021. Nur 100 St\u00fcck weltweit! In der schwarzen Box im A1 Format befinden sich 12 Kunstdrucke im Grossformat 61 x 81 cm, 12 separate Kalendarien und Material zur Aufh\u00e4ngung.<\/p>\n","protected":false},"featured_media":120988,"comment_status":"open","ping_status":"closed","template":"","meta":{"_acf_changed":false,"_themeisle_gutenberg_block_has_review":false},"product_brand":[],"product_cat":[454,455,457],"product_tag":[],"class_list":{"0":"post-119608","1":"product","2":"type-product","3":"status-publish","4":"has-post-thumbnail","6":"product_cat-p-h-hergarten-editions","7":"product_cat-peter-palm-editions","8":"product_cat-milo-moire-editions","10":"first","11":"outofstock","12":"sale","13":"purchasable","14":"product-type-simple"},"acf":[],"_links":{"self":[{"href":"https:\/\/unlimitedmuse.com\/ja\/wp-json\/wp\/v2\/product\/119608","targetHints":{"allow":["GET"]}}],"collection":[{"href":"https:\/\/unlimitedmuse.com\/ja\/wp-json\/wp\/v2\/product"}],"about":[{"href":"https:\/\/unlimitedmuse.com\/ja\/wp-json\/wp\/v2\/types\/product"}],"replies":[{"embeddable":true,"href":"https:\/\/unlimitedmuse.com\/ja\/wp-json\/wp\/v2\/comments?post=119608"}],"wp:featuredmedia":[{"embeddable":true,"href":"https:\/\/unlimitedmuse.com\/ja\/wp-json\/wp\/v2\/media\/120988"}],"wp:attachment":[{"href":"https:\/\/unlimitedmuse.com\/ja\/wp-json\/wp\/v2\/media?parent=119608"}],"wp:term":[{"taxonomy":"product_brand","embeddable":true,"href":"https:\/\/unlimitedmuse.com\/ja\/wp-json\/wp\/v2\/product_brand?post=119608"},{"taxonomy":"product_cat","embeddable":true,"href":"https:\/\/unlimitedmuse.com\/ja\/wp-json\/wp\/v2\/product_cat?post=119608"},{"taxonomy":"product_tag","embeddable":true,"href":"https:\/\/unlimitedmuse.com\/ja\/wp-json\/wp\/v2\/product_tag?post=119608"}],"curies":[{"name":"wp","href":"https:\/\/api.w.org\/{rel}","templated":true}]}}