{"id":164444,"date":"2024-06-06T15:58:10","date_gmt":"2024-06-06T14:58:10","guid":{"rendered":"https:\/\/unlimitedmuse.com\/shop\/adhesion-a-milo-moire-one-night-stand\/"},"modified":"2024-06-06T16:49:17","modified_gmt":"2024-06-06T15:49:17","slug":"milo-moire-membership-one-night-stand","status":"publish","type":"product","link":"https:\/\/unlimitedmuse.com\/fr\/shop\/milo-moire-membership-one-night-stand\/","title":{"rendered":"Adh\u00e9sion \u00e0 Milo Moir\u00e9 &#8211; One Night Stand"},"content":{"rendered":"","protected":false},"excerpt":{"rendered":"","protected":false},"featured_media":66976,"comment_status":"open","ping_status":"closed","template":"","meta":{"_acf_changed":false,"_themeisle_gutenberg_block_has_review":false},"product_brand":[],"product_cat":[1296],"product_tag":[],"class_list":{"0":"post-164444","1":"product","2":"type-product","3":"status-publish","4":"has-post-thumbnail","6":"product_cat-uncategorized","8":"first","9":"instock","10":"virtual","11":"purchasable","12":"product-type-subscription"},"acf":[],"_links":{"self":[{"href":"https:\/\/unlimitedmuse.com\/fr\/wp-json\/wp\/v2\/product\/164444","targetHints":{"allow":["GET"]}}],"collection":[{"href":"https:\/\/unlimitedmuse.com\/fr\/wp-json\/wp\/v2\/product"}],"about":[{"href":"https:\/\/unlimitedmuse.com\/fr\/wp-json\/wp\/v2\/types\/product"}],"replies":[{"embeddable":true,"href":"https:\/\/unlimitedmuse.com\/fr\/wp-json\/wp\/v2\/comments?post=164444"}],"wp:featuredmedia":[{"embeddable":true,"href":"https:\/\/unlimitedmuse.com\/fr\/wp-json\/wp\/v2\/media\/66976"}],"wp:attachment":[{"href":"https:\/\/unlimitedmuse.com\/fr\/wp-json\/wp\/v2\/media?parent=164444"}],"wp:term":[{"taxonomy":"product_brand","embeddable":true,"href":"https:\/\/unlimitedmuse.com\/fr\/wp-json\/wp\/v2\/product_brand?post=164444"},{"taxonomy":"product_cat","embeddable":true,"href":"https:\/\/unlimitedmuse.com\/fr\/wp-json\/wp\/v2\/product_cat?post=164444"},{"taxonomy":"product_tag","embeddable":true,"href":"https:\/\/unlimitedmuse.com\/fr\/wp-json\/wp\/v2\/product_tag?post=164444"}],"curies":[{"name":"wp","href":"https:\/\/api.w.org\/{rel}","templated":true}]}}