{"id":64778,"date":"2019-08-02T14:31:13","date_gmt":"2019-08-02T13:31:13","guid":{"rendered":"https:\/\/unlimitedmuse.com\/?page_id=64778"},"modified":"2023-12-04T12:39:11","modified_gmt":"2023-12-04T11:39:11","slug":"milo-moire-membre","status":"publish","type":"page","link":"https:\/\/unlimitedmuse.com\/fr\/milo-moire-membre\/","title":{"rendered":"Milo Moir\u00e9 Membre"},"content":{"rendered":"<p class=\"title-orange\">Abonnements avec acc\u00e8s total:<br \/>\nOne Night Stand &#8211; Hot Affair &#8211; Big Romance<\/p>\n<ol class=\"no-indent\">\n<li class=\"mb-1 font-weight-normal\">Acc\u00e8s au blog de Milo (Quickie)<span class=\"font-weight-light\"><br \/>\nUn aper\u00e7u rapide et doux du monde de Milo. Postes r\u00e9guliers de clips nus et de clich\u00e9s de sa vie priv\u00e9e et de fantasmes\u00a0obsc\u00e8nes.\u00a0Si vous voulez voir de trucs plus sexuelle de Milo passer \u00e0 un acc\u00e8s complet!<br \/>\n<\/span><\/li>\n<li class=\"mb-1 font-weight-normal\">Acc\u00e8de aux vid\u00e9os et \u00e0 l\u2019album photos<br \/>\n<span class=\"font-weight-light\">Chaque semaine de nouveaux contenus. Des nus incroyables et torrides t\u2019attendent!<br \/>\nLes images de Milo sont une explosion de libert\u00e9, de pure sensualit\u00e9 et de passion f\u00e9minine.<\/span><\/li>\n<li class=\"mb-1 font-weight-normal\">Acc\u00e8de aux performances artistiques de Milo<br \/>\n<span class=\"font-weight-light\">Ses exhibitions provocantes o\u00f9 elle se montre nue en public ont fait les gros titres dans le monde entier.<br \/>\nRegarde comment Milo utilise son corps nu avec ind\u00e9cence comme instrument de son art.<\/span><\/li>\n<li class=\"mb-1 font-weight-normal\">Acc\u00e8de au streaming live et aux archives de streaming<br \/>\n<span class=\"font-weight-light\">Toutes les deux semaines, tu pourras voir Milo en direct et discuter avec elle\u00a0! Regarde Milo travailler, lors d\u2019aventures folles ou dans des situations tr\u00e8s intimes. Si tu manques une diffusion en direct sur Internet, aucun probl\u00e8me\u00a0! Tu as aussi acc\u00e8s aux archives.<\/span><\/li>\n<li class=\"mb-1 font-weight-normal\">Tu \u00e9conomises de l\u2019argent et as acc\u00e8s \u00e0 un contenu exclusif.<br \/>\n<span class=\"font-weight-light\">Repasse les vid\u00e9os aussi souvent que tu le souhaites. Qui plus est, quand tu es membre, cela te<br \/>\nrevient encore moins cher que d\u2019acheter par exemple toutes les vid\u00e9os artistiques de Milo pour environ 91,88\u00a0\u20ac. Le monde de Milo est le seul endroit o\u00f9 tu trouveras ses nus\u00a0!<\/span><\/li>\n<\/ol>\n<div class=\"space mb-1\"><\/div>\n<p class=\"title-orange\">En tant que membre, tu participes de fa\u00e7on exclusive au monde de Milo!<br \/>\nRejoins-la d\u00e8s maintenant dans toute sa nudit\u00e9.<\/p>\n<p>Participe \u00e0 la vie de la seule et unique MILO MOIR\u00c9. Sois l\u00e0 quand elle utilise son corps nu et son vagin comme instrument de ses performances. Vois par exemple comment des passants la doigtent pour la p\u00e9n\u00e9trer au nom de l\u2019art.<\/p>\n<p>Milo montre ses d\u00e9sirs sexuels sans aucune g\u00eane. Elle estime qu\u2019il est grand temps que les femmes \u00e9l\u00e8vent leurs voix sexuelles dans ce monde. Milo vit ses fantasmes sexuels avec auto-d\u00e9termination. Ainsi, l\u2019orgasme joue un r\u00f4le puissant dans sa vie. Sa sexualit\u00e9 est la source magique de sa cr\u00e9ativit\u00e9 et l\u2019inspire pour de nouvelles id\u00e9es visionnaires.<\/p>\n<p>Tu recherches un coup rapide, une histoire d\u2019un soir, une histoire d\u2019amour, une grande romance ou le v\u00e9ritable amour avec Milo ?<\/p>\n<p>As-tu d\u00e9j\u00e0 r\u00eav\u00e9 de devenir l\u2019amant personnel de Milo\u00a0?<br \/>\nF\u00e9licitations, tu n\u2019es qu\u2019\u00e0 une marche d\u2019elle\u00a0! Chaque abonnement t\u2019offre un type de relation diff\u00e9rente avec la d\u00e9esse Milo. Acc\u00e8de \u00e0 son blog, \u00e0 ses vid\u00e9os, aux galeries de photos et au streaming en direct avec chat.<\/p>\n<div class=\"space mb-1\"><\/div>\n<p class=\"title-orange\">Deviens membre pour seulement 0,17 centimes par jour (Quickie\/coup rapide)<\/p>\n<p>En tant que membre, tu peux revoir les vid\u00e9os en streaming aussi souvent que tu le souhaites. Beaucoup de vid\u00e9os de Milo nue et de photos obsc\u00e8nes seront ajout\u00e9es. Une fois par semaine, tu auras acc\u00e8s \u00e0 de nouveaux contenus. Plus tu es membre pendant longtemps, plus tu verras de contenus! Tu peux r\u00e9silier ton abonnement \u00e0 tout moment.<\/p>\n<p>Les membres pourront suivre la vie excitante et sensuelle de Milo. Sur son blog, Milo montre qu\u2019elle aime faire ce qu\u2019elle veut. Par exemple quand elle se prom\u00e8ne sans sous-v\u00eatements ou qu\u2019elle provoque un scandale dans l\u2019avion. Vois par toi-m\u00eame !!!<\/p>\n<div class=\"space mb-2\"><\/div>\n<p class=\"note\">Toutes les photos sont cr\u00e9\u00e9es par le photographe de stars connu PETER PALM, sauf les selfies que Milo prend elle-m\u00eame. Peter Palm travaille pour des magazines comme PLAYBOY, MAXIM, FHM et GQ. Il est pass\u00e9 ma\u00eetre dans l\u2019art de mettre en sc\u00e8ne des pr\u00e9sentations \u00e9rotiques subtiles et provocantes. Peter et Milo ont d\u00e9j\u00e0 publi\u00e9 quatre calendriers ensemble \u00ab THE TWELVE MUSES \u00bb (2016) \u00ab SOLARIS \u00bb (2017) \u00ab HOTEL MOIR\u00c9 \u00bb (2018) et \u00ab LIBERTINE \u00bb (2019), qui sont d\u00e9j\u00e0 consid\u00e9r\u00e9s comme des classiques de la photographie \u00e9rotique.<\/p>\n","protected":false},"excerpt":{"rendered":"<p>Abonnements avec acc\u00e8s total: One Night Stand &#8211; Hot Affair &#8211; Big Romance Acc\u00e8s au blog de Milo (Quickie) Un aper\u00e7u rapide et doux du monde de Milo. Postes r\u00e9guliers de clips nus et de clich\u00e9s de sa vie priv\u00e9e et de fantasmes\u00a0obsc\u00e8nes.\u00a0Si vous voulez voir de trucs plus sexuelle de Milo passer \u00e0 un [&hellip;]<\/p>\n","protected":false},"author":2738,"featured_media":0,"parent":0,"menu_order":0,"comment_status":"open","ping_status":"closed","template":"membership_copy.php","meta":{"_acf_changed":false,"_themeisle_gutenberg_block_has_review":false,"footnotes":""},"class_list":["post-64778","page","type-page","status-publish","hentry"],"acf":[],"_links":{"self":[{"href":"https:\/\/unlimitedmuse.com\/fr\/wp-json\/wp\/v2\/pages\/64778","targetHints":{"allow":["GET"]}}],"collection":[{"href":"https:\/\/unlimitedmuse.com\/fr\/wp-json\/wp\/v2\/pages"}],"about":[{"href":"https:\/\/unlimitedmuse.com\/fr\/wp-json\/wp\/v2\/types\/page"}],"author":[{"embeddable":true,"href":"https:\/\/unlimitedmuse.com\/fr\/wp-json\/wp\/v2\/users\/2738"}],"replies":[{"embeddable":true,"href":"https:\/\/unlimitedmuse.com\/fr\/wp-json\/wp\/v2\/comments?post=64778"}],"version-history":[{"count":31,"href":"https:\/\/unlimitedmuse.com\/fr\/wp-json\/wp\/v2\/pages\/64778\/revisions"}],"predecessor-version":[{"id":158859,"href":"https:\/\/unlimitedmuse.com\/fr\/wp-json\/wp\/v2\/pages\/64778\/revisions\/158859"}],"wp:attachment":[{"href":"https:\/\/unlimitedmuse.com\/fr\/wp-json\/wp\/v2\/media?parent=64778"}],"curies":[{"name":"wp","href":"https:\/\/api.w.org\/{rel}","templated":true}]}}