{"id":152584,"date":"2023-02-14T21:32:17","date_gmt":"2023-02-14T20:32:17","guid":{"rendered":"https:\/\/unlimitedmuse.com\/complaint-policy\/"},"modified":"2023-02-15T16:31:48","modified_gmt":"2023-02-15T14:31:48","slug":"politique-en-matiere-de-plaintes","status":"publish","type":"page","link":"https:\/\/unlimitedmuse.com\/fr\/politique-en-matiere-de-plaintes\/","title":{"rendered":"Politique en mati\u00e8re de plaintes"},"content":{"rendered":"<p>Chez unlimitedMUSE, nous nous effor\u00e7ons d&rsquo;offrir \u00e0 nos clients la meilleure exp\u00e9rience d&rsquo;achat possible. Cependant, nous comprenons qu&rsquo;il peut y avoir des moments o\u00f9 les choses ne se passent pas comme pr\u00e9vu. Si vous avez une plainte \u00e0 formuler concernant un aspect quelconque de notre service, nous vous encourageons \u00e0 nous contacter afin que nous puissions r\u00e9soudre le probl\u00e8me aussi rapidement et efficacement que possible.<\/p>\n<p>Comment d\u00e9poser une plainte<\/p>\n<p>Pour d\u00e9poser une plainte, vous pouvez nous contacter de l&rsquo;une des mani\u00e8res suivantes :<br \/>\nEnvoyez un courriel \u00e0 support@unlimitedmuse.com<br \/>\nAppelez notre \u00e9quipe d&rsquo;assistance client\u00e8le au +49 211 5580249<br \/>\nEn envoyant un message via notre formulaire de contact en ligne<br \/>\nLorsque vous d\u00e9posez une plainte, veuillez fournir le plus de d\u00e9tails possible, notamment votre num\u00e9ro de commande, vos coordonn\u00e9es et une description claire du probl\u00e8me que vous avez rencontr\u00e9.<\/p>\n<p>Notre engagement \u00e0 r\u00e9soudre les plaintes<\/p>\n<p>Une fois que nous aurons re\u00e7u votre plainte, nous en accuserons r\u00e9ception dans les 3 jours ouvrables et vous fournirons un num\u00e9ro de r\u00e9f\u00e9rence. Nous examinerons ensuite votre plainte et nous nous efforcerons de la r\u00e9soudre aussi rapidement et efficacement que possible.<\/p>\n<p>Nous vous tiendrons inform\u00e9 de l&rsquo;\u00e9volution de votre plainte et nous nous efforcerons de vous fournir une solution dans les 7 jours ouvrables. Si nous ne sommes pas en mesure de r\u00e9soudre votre plainte dans ce d\u00e9lai, nous vous fournirons une explication et vous tiendrons inform\u00e9 de l&rsquo;\u00e9volution de la situation.<\/p>\n<p>Si vous n&rsquo;\u00eates pas satisfait du r\u00e9sultat de votre plainte, vous pouvez la transmettre \u00e0 notre \u00e9quipe de direction en envoyant un courriel \u00e0 support@unlimitedmuse.com. Nous examinerons alors votre plainte et nous nous efforcerons de vous fournir une solution dans les 5 jours ouvrables.<\/p>\n<p>Notre engagement envers la satisfaction des clients<\/p>\n<p>Chez unlimitedMUSE, nous appr\u00e9cions nos clients et nous nous effor\u00e7ons de fournir le meilleur service possible \u00e0 tout moment. Nous prenons toutes les plaintes au s\u00e9rieux et nous nous effor\u00e7ons de les r\u00e9soudre aussi rapidement et efficacement que possible.<\/p>\n<p>Merci d&rsquo;avoir choisi unlimitedMUSE.<\/p>\n","protected":false},"excerpt":{"rendered":"<p>Chez unlimitedMUSE, nous nous effor\u00e7ons d&rsquo;offrir \u00e0 nos clients la meilleure exp\u00e9rience d&rsquo;achat possible. Cependant, nous comprenons qu&rsquo;il peut y avoir des moments o\u00f9 les choses ne se passent pas comme pr\u00e9vu. Si vous avez une plainte \u00e0 formuler concernant un aspect quelconque de notre service, nous vous encourageons \u00e0 nous contacter afin que nous [&hellip;]<\/p>\n","protected":false},"author":208450,"featured_media":0,"parent":0,"menu_order":0,"comment_status":"open","ping_status":"closed","template":"","meta":{"_acf_changed":false,"_themeisle_gutenberg_block_has_review":false,"footnotes":""},"class_list":["post-152584","page","type-page","status-publish","hentry"],"acf":[],"_links":{"self":[{"href":"https:\/\/unlimitedmuse.com\/fr\/wp-json\/wp\/v2\/pages\/152584","targetHints":{"allow":["GET"]}}],"collection":[{"href":"https:\/\/unlimitedmuse.com\/fr\/wp-json\/wp\/v2\/pages"}],"about":[{"href":"https:\/\/unlimitedmuse.com\/fr\/wp-json\/wp\/v2\/types\/page"}],"author":[{"embeddable":true,"href":"https:\/\/unlimitedmuse.com\/fr\/wp-json\/wp\/v2\/users\/208450"}],"replies":[{"embeddable":true,"href":"https:\/\/unlimitedmuse.com\/fr\/wp-json\/wp\/v2\/comments?post=152584"}],"version-history":[{"count":5,"href":"https:\/\/unlimitedmuse.com\/fr\/wp-json\/wp\/v2\/pages\/152584\/revisions"}],"predecessor-version":[{"id":152676,"href":"https:\/\/unlimitedmuse.com\/fr\/wp-json\/wp\/v2\/pages\/152584\/revisions\/152676"}],"wp:attachment":[{"href":"https:\/\/unlimitedmuse.com\/fr\/wp-json\/wp\/v2\/media?parent=152584"}],"curies":[{"name":"wp","href":"https:\/\/api.w.org\/{rel}","templated":true}]}}