{"id":152435,"date":"2023-02-08T20:21:38","date_gmt":"2023-02-08T18:21:38","guid":{"rendered":"https:\/\/unlimitedmuse.com\/merchant-privacy-policy\/"},"modified":"2023-02-12T18:48:39","modified_gmt":"2023-02-12T16:48:39","slug":"politique-de-confidentialite-du-marchand","status":"publish","type":"page","link":"https:\/\/unlimitedmuse.com\/fr\/politique-de-confidentialite-du-marchand\/","title":{"rendered":"Politique de confidentialit\u00e9 du marchand"},"content":{"rendered":"<p>Afin de rendre notre service disponible, vous devez fournir \u00e0 UnlimitedMUSE des informations sur vous et votre entreprise. De plus, vous et les employ\u00e9s d&rsquo;UnlimitedMUSE communiquez entre vous via toutes les formes de communication standard et, dans le cadre de son processus, UnlimitedMUSE stocke des informations sur chaque transaction qu&rsquo;il traite pour vous. UnlimitedMUSE stocke toutes les informations et communications qu&rsquo;il juge pertinentes pour la conduite de ses activit\u00e9s, et ces informations deviennent la propri\u00e9t\u00e9 d&rsquo;UnlimitedMUSE au moment o\u00f9 elles sont re\u00e7ues ou g\u00e9n\u00e9r\u00e9es.<\/p>\n<p>UnlimitedMUSE peut partager toute information sur vous et votre entreprise lorsque requis par des tiers dans le traitement des cartes de cr\u00e9dit et des ch\u00e8ques en ligne.<\/p>\n<p>Marchands avec des transactions d&rsquo;abonnement uniquement\u00a0: UnlimitedMUSE ne divulguera pas autrement les informations personnelles et de compte de ses marchands \u00e0 moins qu&rsquo;UnlimitedMUSE ait des raisons de croire que la divulgation de ces informations est n\u00e9cessaire pour identifier, entrer en contact avec ou intenter une action en justice contre quelqu&rsquo;un qui pourrait causer un pr\u00e9judice ou interf\u00e9rer. avec les droits ou la propri\u00e9t\u00e9 d&rsquo;UnlimitedMUSE, des marchands d&rsquo;UnlimitedMUSE ou d&rsquo;autres, ou lorsque UnlimitedMUSE croit de bonne foi que la loi exige une telle divulgation.<\/p>\n<p>Marchands de biens corporels\u00a0: si vous traitez des transactions pour des biens corporels, vos coordonn\u00e9es sont facilement disponibles sur votre site Web. Si UnlimitedMUSE re\u00e7oit une demande \u00e9crite d&rsquo;un organisme d&rsquo;application de la loi l\u00e9gitime qui enqu\u00eate sur une plainte pour utilisation frauduleuse d&rsquo;une carte, UnlimitedMUSE fournira, sans vous consulter, vos coordonn\u00e9es aux forces de l&rsquo;ordre. Sinon, UnlimitedMUSE ne divulguera pas les informations personnelles et de compte de ses marchands \u00e0 moins qu&rsquo;UnlimitedMUSE ait des raisons de croire que la divulgation de ces informations est n\u00e9cessaire pour identifier, entrer en contact avec ou intenter une action en justice contre quelqu&rsquo;un qui pourrait causer un pr\u00e9judice ou interf\u00e9rer avec les droits ou la propri\u00e9t\u00e9. d&rsquo;UnlimitedMUSE, des marchands d&rsquo;UnlimitedMUSE ou d&rsquo;autres, ou lorsque UnlimitedMUSE pense de bonne foi que la loi exige une telle divulgation.<\/p>\n<p>UnlimitedMUSE ne divulguera pas non plus, sauf pour les raisons \u00e9nonc\u00e9es ci-dessous, \u00e0 des tiers le contenu de tout courrier \u00e9lectronique ou d&rsquo;autres communications \u00e9lectroniques qu&rsquo;UnlimitedMUSE stocke ou transmet \u00e0 ou re\u00e7oit de ses marchands. Les circonstances dans lesquelles UnlimitedMUSE divulguera ces communications marchandes \u00e9lectroniques sont lorsque\u00a0:<\/p>\n<ol>\n<li>Il est n\u00e9cessaire pour fournir un service au Commer\u00e7ant,<\/li>\n<li>Il est n\u00e9cessaire de prot\u00e9ger les int\u00e9r\u00eats l\u00e9gitimes d&rsquo;UnlimitedMUSE et de ses marchands,<\/li>\n<li>Il est tenu de coop\u00e9rer avec les ordonnances d&rsquo;interception, les mandats ou toute autre proc\u00e9dure judiciaire qu&rsquo;UnlimitedMUSE d\u00e9termine, \u00e0 sa seule discr\u00e9tion, comme valide et ex\u00e9cutoire\u00a0; et<\/li>\n<li>Il est n\u00e9cessaire de fournir \u00e0 un organisme d&rsquo;application de la loi lorsque le contenu est obtenu par inadvertance par UnlimitedMUSE et semble se rapporter \u00e0 la commission d&rsquo;un crime.<\/li>\n<\/ol>\n<p>En utilisant les services d&rsquo;UnlimitedMUSE, vous acceptez que nous puissions divulguer des informations obtenues au cours de votre utilisation des services d&rsquo;UnlimitedMUSE lorsqu&rsquo;il est estim\u00e9, \u00e0 la seule et absolue discr\u00e9tion d&rsquo;UnlimitedMUSE, que la publication est appropri\u00e9e ou autrement n\u00e9cessaire pour se conformer \u00e0 la loi, appliquer notre Accord, et\/ou prot\u00e9ger le contrat et les autres droits d&rsquo;UnlimitedMUSE et de nos marchands.<\/p>\n<p>UnlimitedMUSE d\u00e9cline toute intention de censurer, modifier ou s&rsquo;engager dans un examen ou une surveillance continus des communications stock\u00e9es ou transmises via ses installations par des commer\u00e7ants ou autres. Cependant, UnlimitedMUSE examinera, supprimera ou bloquera l&rsquo;acc\u00e8s aux communications susceptibles de nuire \u00e0 UnlimitedMUSE, \u00e0 ses marchands ou \u00e0 des tiers. Les motifs pour lesquels UnlimitedMUSE peut prendre de telles mesures incluent, mais sans s&rsquo;y limiter, les violations r\u00e9elles ou potentielles de la politique d&rsquo;utilisation acceptable (AUP) d&rsquo;UnlimitedMUSE. Il est de votre devoir de fournir \u00e0 UnlimitedMUSE des informations exactes et \u00e0 jour, et le fait de ne pas nous fournir ces informations pourrait annuler tout accord entre vous et UnlimitedMUSE. Nous utilisons les informations que vous fournissez \u00e0 des fins telles que le traitement des transactions, la pr\u00e9vention des pertes, l&rsquo;am\u00e9lioration de notre service, la communication avec vous et le respect de nos obligations envers vous. Les employ\u00e9s d&rsquo;UnlimitedMUSE ont acc\u00e8s \u00e0 vos informations en cas de besoin. UnlimitedMUSE ne vendra pas vos informations \u00e0 un tiers pour quelque raison que ce soit.<\/p>\n<p>Au mieux de ses capacit\u00e9s, UnlimitedMUSE utilise les derni\u00e8res et meilleures techniques disponibles pour prot\u00e9ger ses syst\u00e8mes contre les intrusions par des personnes non autoris\u00e9es, et am\u00e9liore constamment sa s\u00e9curit\u00e9 \u00e0 mesure que de meilleures m\u00e9thodes deviennent disponibles. Toutes les informations sont stock\u00e9es derri\u00e8re des pare-feu et d&rsquo;autres syst\u00e8mes de s\u00e9curit\u00e9 sophistiqu\u00e9s. Notre centre de donn\u00e9es utilise des mesures de s\u00e9curit\u00e9 physique de pointe pour emp\u00eacher tout acc\u00e8s non autoris\u00e9 \u00e0 l&rsquo;installation.<\/p>\n<p>UnlimitedMUSE se r\u00e9serve le droit de changer, modifier ou amender cette politique \u00e0 tout moment. UnlimitedMUSE prend tr\u00e8s au s\u00e9rieux les questions de confidentialit\u00e9 et a l&rsquo;intention de rester \u00e0 la pointe de la politique de confidentialit\u00e9 et des questions de protection. Nous mettrons occasionnellement \u00e0 jour notre politique de confidentialit\u00e9 et nous publierons ces mises \u00e0 jour sur cette page. Vous \u00eates responsable de revisiter cette page pour examiner les mises \u00e0 jour de notre politique de confidentialit\u00e9.<\/p>\n<p>Quelles donn\u00e9es collectons-nous et comment les utilisons-nous\u00a0: Le site Web UnlimitedMUSE utilise des cookies, des pixels de suivi et des technologies associ\u00e9es. Les cookies sont de petits fichiers de donn\u00e9es qui sont servis par notre plateforme et\/ou des fournisseurs tiers, qui sont stock\u00e9s sur votre appareil. Notre site utilise des cookies d\u00e9pos\u00e9s par nous ou par des tiers \u00e0 diverses fins, y compris, mais sans s&rsquo;y limiter, pour exploiter et personnaliser le site Web. De plus, les cookies peuvent \u00eatre utilis\u00e9s pour collecter des donn\u00e9es qui suivent votre utilisation du site afin que nous puissions vous proposer des publicit\u00e9s cibl\u00e9es.<\/p>\n<p>Partage de donn\u00e9es : Nous ne divulguerons aucune donn\u00e9e collect\u00e9e par les cookies servis sur notre site \u00e0 des entit\u00e9s tierces.<\/p>\n<p>Vos choix et refus\u00a0: nous reconnaissons l&rsquo;importance que vous accordez \u00e0 votre vie priv\u00e9e en ligne, c&rsquo;est pourquoi nous vous proposons les options suivantes pour contr\u00f4ler la mani\u00e8re dont les cookies vous affectent\u00a0:<\/p>\n<p>Vous pouvez refuser de recevoir des publicit\u00e9s cibl\u00e9es diffus\u00e9es par nous ou en notre nom en cliquant sur l&rsquo;ic\u00f4ne bleue qui appara\u00eet g\u00e9n\u00e9ralement dans le coin des publicit\u00e9s que nous diffusons ou en cliquant ici. Veuillez noter que si vous supprimez vos cookies ou mettez \u00e0 jour votre navigateur apr\u00e8s vous \u00eatre d\u00e9sinscrit, vous devrez vous d\u00e9sinscrire \u00e0 nouveau. De plus, si vous utilisez plusieurs navigateurs ou appareils, vous devrez ex\u00e9cuter cette d\u00e9sactivation sur chaque navigateur ou appareil.<\/p>\n<p>Pour d\u00e9sactiver la r\u00e9ception de publicit\u00e9s cibl\u00e9es bas\u00e9es sur votre comportement sur diff\u00e9rentes applications mobiles, suivez les instructions ci-dessous, pour les appareils iOS et Android\u00a0:<\/p>\n<p>iOS 7 ou sup\u00e9rieur\u00a0: acc\u00e9dez \u00e0 vos param\u00e8tres\u00a0&gt; s\u00e9lectionnez Confidentialit\u00e9\u00a0&gt; s\u00e9lectionnez Publicit\u00e9\u00a0&gt; activez le param\u00e8tre \u00ab\u00a0Limiter le suivi des publicit\u00e9s\u00a0\u00bb.<\/p>\n<p>Pour les appareils Android avec OS 2.2 ou sup\u00e9rieur et les services Google Play version 4.0 ou sup\u00e9rieure\u00a0: Ouvrez votre application Param\u00e8tres Google\u00a0&gt; Annonces\u00a0&gt; Activez \u00ab\u00a0D\u00e9sactiver la publicit\u00e9 cibl\u00e9e par centres d&rsquo;int\u00e9r\u00eat\u00a0\u00bb.<\/p>\n<p>La d\u00e9sactivation ne vous emp\u00eachera pas de voir des publicit\u00e9s, mais ces publicit\u00e9s seront probablement moins pertinentes car elles ne seront pas adapt\u00e9es \u00e0 vos int\u00e9r\u00eats. Les publicit\u00e9s peuvent, par exemple, \u00eatre g\u00e9n\u00e9r\u00e9es de mani\u00e8re al\u00e9atoire ou bas\u00e9es sur la page Web que vous visitez.<\/p>\n<p>Les modifications apport\u00e9es \u00e0 cet avis de confidentialit\u00e9 seront publi\u00e9es sur cette page. Si nous apportons un changement important \u00e0 nos pratiques de confidentialit\u00e9, nous les publierons sur cette page, alors assurez-vous de v\u00e9rifier r\u00e9guli\u00e8rement les mises \u00e0 jour.<\/p>\n<p>Si vous avez des questions concernant cet avis de confidentialit\u00e9 ou nos pratiques de confidentialit\u00e9, vous pouvez nous contacter \u00e0 unlimitedMUSE@unlimitedMUSE.com<\/p>\n<p>Les questions concernant les informations que UnlimitedMUSE a stock\u00e9es \u00e0 votre sujet doivent \u00eatre \u00e9crites et adress\u00e9es \u00e0\u00a0:<\/p>\n<p>Peter Palm<br \/>\nSchanzenstrasse 6-8<br \/>\n40549 D\u00fcsseldorf<\/p>\n<hr \/>\n<h1>R\u00e8glement g\u00e9n\u00e9ral sur la protection des donn\u00e9es (RGPD) \u2013 Politique de protection des donn\u00e9es conforme<\/h1>\n<p>Instructions<\/p>\n<p>UnlimitedMUSE (\u00ab\u00a0UnlimitedMUSE\u00a0\u00bb) a besoin de collecter et d&rsquo;utiliser certaines informations sur les individus. Ces informations peuvent inclure des clients, des fournisseurs, des contacts commerciaux, des employ\u00e9s et d&rsquo;autres personnes avec lesquelles l&rsquo;organisation est en relation ou peut avoir besoin de contacter. Cette politique d\u00e9crit comment ces donn\u00e9es personnelles doivent \u00eatre collect\u00e9es, trait\u00e9es et stock\u00e9es pour r\u00e9pondre aux normes de protection des donn\u00e9es de l&rsquo;entreprise &#8211; et pour se conformer \u00e0 la loi.<\/p>\n<p>Pourquoi cette politique existe<\/p>\n<p>Cette politique de protection des donn\u00e9es garantit \u00e0 UnlimitedMUSE :<\/p>\n<p>Respecte la loi sur la protection des donn\u00e9es et suit les bonnes pratiques<\/p>\n<p>Prot\u00e8ge les droits du personnel, des clients et des partenaires<\/p>\n<p>Est transparent sur la fa\u00e7on dont il stocke et traite les donn\u00e9es personnelles des individus<\/p>\n<p>Se prot\u00e8ge du risque de violation de donn\u00e9es<\/p>\n<p>Le r\u00e8glement g\u00e9n\u00e9ral sur la protection des donn\u00e9es<\/p>\n<p>Le r\u00e8glement g\u00e9n\u00e9ral de l&rsquo;UE sur la protection des donn\u00e9es (RGPD) remplace la directive 95\/46\/CE sur la protection des donn\u00e9es et a \u00e9t\u00e9 con\u00e7u pour harmoniser les lois sur la confidentialit\u00e9 des donn\u00e9es dans toute l&rsquo;Europe, pour prot\u00e9ger la confidentialit\u00e9 des donn\u00e9es des citoyens de l&rsquo;UE et pour remodeler la fa\u00e7on dont les organisations du monde entier abordent la confidentialit\u00e9 des donn\u00e9es. Le RGPD vise principalement \u00e0 redonner le contr\u00f4le aux citoyens et r\u00e9sidents sur leurs donn\u00e9es personnelles et \u00e0 simplifier l&rsquo;environnement r\u00e9glementaire du commerce international en unifiant la r\u00e9glementation au sein de l&rsquo;UE.<\/p>\n<p>Qu&rsquo;est-ce que les \u00ab\u00a0donn\u00e9es personnelles\u00a0\u00bb\u00a0?<\/p>\n<p>Les \u00ab\u00a0donn\u00e9es personnelles\u00a0\u00bb sont d\u00e9finies tant dans la directive que dans le RGPD comme toute information relative \u00e0 une personne qui peut \u00eatre identifi\u00e9e, directement ou indirectement, notamment par r\u00e9f\u00e9rence \u00e0 un identifiant tel qu&rsquo;un nom, un num\u00e9ro d&rsquo;identification, des donn\u00e9es de localisation, un identifiant en ligne ou \u00e0 un ou plusieurs facteurs propres \u00e0 l&rsquo;identit\u00e9 physique, physiologique, g\u00e9n\u00e9tique, psychique, \u00e9conomique, culturelle ou sociale de cette personne. Ainsi, dans de nombreux cas, les identifiants en ligne, y compris l&rsquo;adresse IP, les cookies, etc., seront d\u00e9sormais consid\u00e9r\u00e9s comme des donn\u00e9es personnelles s&rsquo;ils peuvent (ou sont susceptibles d&rsquo;\u00eatre) li\u00e9s sans effort excessif \u00e0 la personne concern\u00e9e.<\/p>\n<p>1. Collecte et suivi des informations<\/p>\n<p>1.1. Lorsque vous visitez notre site Web<\/p>\n<p>Vous pouvez visiter notre site Web (www.unlimitedMUSE.com) sans divulguer vos informations personnelles. UnlimitedMUSE utilise Google Analytics et des cookies afin d&rsquo;am\u00e9liorer notre service, l&rsquo;exp\u00e9rience utilisateur et d&rsquo;analyser l&rsquo;utilisation de notre site Web. Outre l&#8217;emplacement approximatif (adresse IP), les informations collect\u00e9es par Google Analytics sont principalement des donn\u00e9es de trafic anonymes, notamment des informations sur le navigateur, les informations sur l&rsquo;appareil et la langue. Nous ne collectons pas d&rsquo;informations suppl\u00e9mentaires, telles que votre \u00e2ge, votre sexe, vos centres d&rsquo;int\u00e9r\u00eat, vos coordonn\u00e9es bancaires ou votre parcours de navigation.<\/p>\n<p>Les informations collect\u00e9es sont utilis\u00e9es pour fournir un aper\u00e7u de la fa\u00e7on dont les gens acc\u00e8dent et utilisent le site Web UnlimitedMUSE. Il n&rsquo;est pas utilis\u00e9 \u00e0 des fins suppl\u00e9mentaires, telles que le profilage de ceux qui acc\u00e8dent \u00e0 notre site Web.<\/p>\n<p>2. Lorsque vous nous contactez<\/p>\n<p>Bien que vous puissiez utiliser notre site Web sans donner vos informations personnelles, une fois que vous nous avez contact\u00e9s via le site Web UnlimitedMUSE, UnlimitedMUSE collecte des informations vous concernant.<\/p>\n<p>Les informations que vous renseignez (informations personnelles telles que votre nom, votre adresse e-mail, votre organisation) seront trait\u00e9es et stock\u00e9es afin de nous permettre de vous contacter et de r\u00e9pondre \u00e0 votre demande, et\/ou de vous permettre d&rsquo;acc\u00e9der \u00e0 nos services.<\/p>\n<p>2.1. Recrutement<\/p>\n<p>Si vous postulez pour un emploi chez UnlimitedMUSE, nous collecterons, traiterons et stockerons les informations que vous nous avez envoy\u00e9es \u00e0 des fins li\u00e9es au recrutement, telles que vous contacter. De plus, UnlimitedMUSE peut conserver vos donn\u00e9es pendant un certain temps dans le but de vous consid\u00e9rer pour une autre opportunit\u00e9.<\/p>\n<p>3. Plugins de m\u00e9dias sociaux<\/p>\n<p>Notre site Web propose deux plug-ins pour faciliter le partage et le suivi de nos pages de m\u00e9dias sociaux : Facebook, exploit\u00e9 par Facebook Inc., 1601 S. California Ave, Palo Alto, CA 94304, \u00c9tats-Unis ; et LinkedIn, exploit\u00e9 par LinkedIn, 2029 Sterling Court Mountain View, CA 94043 \u00c9tats-Unis.<\/p>\n<p>\u00catre sur notre site Web n&rsquo;entra\u00eene pas automatiquement le partage de donn\u00e9es sur ces r\u00e9seaux de m\u00e9dias sociaux. Ces plugins restent inactifs (inactifs) jusqu&rsquo;\u00e0 ce qu&rsquo;on clique dessus. Une fois cliqu\u00e9, vous serez redirig\u00e9 vers lesdits r\u00e9seaux de m\u00e9dias sociaux avec leurs propres politiques de confidentialit\u00e9 sp\u00e9cifiques qu&rsquo;il vous est recommand\u00e9 de consulter.<\/p>\n<p>4. S\u00e9curit\u00e9 des informations<\/p>\n<p>Lorsque UnlimitedMUSE collecte des informations vous concernant, nous nous assurons \u00e9galement que vos informations sont prot\u00e9g\u00e9es contre tout acc\u00e8s non autoris\u00e9, perte, manipulation, falsification, destruction ou divulgation non autoris\u00e9e. Cela se fait par des mesures techniques appropri\u00e9es.<\/p>\n<p>5. Acc\u00e8s aux informations<\/p>\n<p>Vous avez le droit de demander l&rsquo;acc\u00e8s aux informations que nous avons sur vous. Vous pouvez le faire en nous contactant \u00e0 dpo@unlimitedMUSE.com. Nous veillerons \u00e0 vous fournir une copie des donn\u00e9es que nous traitons \u00e0 votre sujet. Afin de r\u00e9pondre \u00e0 votre demande, nous pouvons vous demander de v\u00e9rifier votre identit\u00e9. Nous r\u00e9pondrons \u00e0 votre demande en envoyant votre copie par voie \u00e9lectronique, \u00e0 moins que la demande ne sp\u00e9cifie express\u00e9ment une m\u00e9thode diff\u00e9rente. Pour toute demande d&rsquo;acc\u00e8s ult\u00e9rieure, nous pouvons vous facturer des frais administratifs.<\/p>\n<p>6. Correction et suppression des informations<\/p>\n<p>Si vous pensez que les informations que nous avons sur vous sont incorrectes, vous pouvez nous contacter afin que nous puissions les mettre \u00e0 jour et maintenir l&rsquo;exactitude de vos donn\u00e9es. Toutes les donn\u00e9es qui ne sont plus n\u00e9cessaires aux fins sp\u00e9cifi\u00e9es dans la section Collecte et utilisation des informations ou \u00e0 des fins de d\u00e9claration r\u00e9glementaire seront supprim\u00e9es.<\/p>\n<p>Si vous avez des questions sur les donn\u00e9es personnelles stock\u00e9es par UnlimitedMUSE, vous pouvez simplement nous contacter \u00e0 l&rsquo;adresse dpo@unlimitedMUSE.com.<\/p>\n<p>7. Quand cette politique de confidentialit\u00e9 s&rsquo;applique<\/p>\n<p>Cette politique de confidentialit\u00e9 s&rsquo;applique aux services offerts par UnlimitedMUSE directement via notre site Web. Notre site Web peut contenir des liens vers d&rsquo;autres sites Web. Une fois redirig\u00e9e vers un autre site Web, cette politique n&rsquo;est plus applicable.<\/p>\n<p>Cette version de la politique de confidentialit\u00e9 est effective depuis janvier 2019.<\/p>\n<p>8. Modifications<\/p>\n<p>Nous nous r\u00e9servons le droit de modifier cette politique de confidentialit\u00e9. Nous r\u00e9visons constamment notre politique de confidentialit\u00e9 et nous nous effor\u00e7ons de l&rsquo;am\u00e9liorer. UnlimitedMUSE ne r\u00e9duira pas vos droits \u00e9nonc\u00e9s dans cette politique sans demander le consentement pr\u00e9alable explicite aux modifications. Toutes les modifications apport\u00e9es \u00e0 notre politique de confidentialit\u00e9 seront disponibles sur ce site Web. Vous pouvez acc\u00e9der aux versions pr\u00e9c\u00e9dentes de cette politique ici.<\/p>\n<p>9. Pour r\u00e9sumer<\/p>\n<p>Conform\u00e9ment \u00e0 la l\u00e9gislation en vigueur, nous ne collectons qu&rsquo;un nombre limit\u00e9 d&rsquo;informations vous concernant, n\u00e9cessaires \u00e0 l&rsquo;am\u00e9lioration de notre service. Nous n&rsquo;utilisons pas de profilage, nous ne vendons ni ne transmettons de quelque mani\u00e8re que ce soit vos donn\u00e9es \u00e0 des tiers et nous n&rsquo;utilisons pas vos donn\u00e9es \u00e0 des fins autres que celles que nous avons sp\u00e9cifi\u00e9es. Nous veillons \u00e9galement \u00e0 ce que vos donn\u00e9es soient stock\u00e9es en toute s\u00e9curit\u00e9. Nous supprimons toutes les informations jug\u00e9es plus n\u00e9cessaires. Nous r\u00e9visons constamment notre politique de confidentialit\u00e9 afin de l&rsquo;am\u00e9liorer et de mieux vous prot\u00e9ger.<\/p>\n<p>10. Vous pouvez nous contacter \u00e0 tout moment pour :<\/p>\n<p>Demander l&rsquo;acc\u00e8s aux informations que UnlimitedMUSE poss\u00e8de sur vous<\/p>\n<p>Corrigez toute information que UnlimitedMUSE poss\u00e8de \u00e0 votre sujet<\/p>\n<p>Demander la suppression de toute information non contractuelle que UnlimitedMUSE poss\u00e8de \u00e0 votre sujet<\/p>\n<p>Si vous avez des questions suppl\u00e9mentaires sur la collecte et le stockage des donn\u00e9es par UnlimitedMUSE, veuillez nous contacter \u00e0\u00a0:<\/p>\n<p>Peter Palm<br \/>\nSchanzenstrasse 6-8<br \/>\n40549 D\u00fcsseldorf<\/p>\n<p>Glossaire des termes<\/p>\n<p>Biscuits<\/p>\n<p>Les cookies sont de petits fichiers ou d&rsquo;autres \u00e9l\u00e9ments de donn\u00e9es qui sont t\u00e9l\u00e9charg\u00e9s ou stock\u00e9s sur votre ordinateur ou autre appareil et qui peuvent \u00eatre li\u00e9s \u00e0 des informations sur votre utilisation de notre site Web (y compris certains services et fonctionnalit\u00e9s tiers propos\u00e9s dans le cadre de notre site Web).<\/p>\n<p>Appareil<\/p>\n<p>Un appareil est ce que vous utilisez pour acc\u00e9der \u00e0 notre site Web, comme un smartphone, une tablette ou un ordinateur.<\/p>\n<p>adresse IP<\/p>\n<p>L&rsquo;adresse IP (Internet Protocol) est un num\u00e9ro qui est connect\u00e9 \u00e0 votre appareil. Une adresse IP peut \u00eatre utilis\u00e9e pour d\u00e9terminer l&#8217;emplacement de votre appareil g\u00e9n\u00e9ralement dans un rayon de 40 km, ce qui n&rsquo;est donc pas une d\u00e9termination exacte de votre emplacement. Les adresses IP sont essentiellement le fonctionnement d&rsquo;Internet.<\/p>\n<p>Informations personnelles Les informations personnelles sont des informations permettant de vous identifier. Il peut s&rsquo;agir de votre nom, de votre adresse e-mail, de vos coordonn\u00e9es ou de tout autre type d&rsquo;informations permettant de remonter jusqu&rsquo;\u00e0 vous.<\/p>\n","protected":false},"excerpt":{"rendered":"<p>Afin de rendre notre service disponible, vous devez fournir \u00e0 UnlimitedMUSE des informations sur vous et votre entreprise. De plus, vous et les employ\u00e9s d&rsquo;UnlimitedMUSE communiquez entre vous via toutes les formes de communication standard et, dans le cadre de son processus, UnlimitedMUSE stocke des informations sur chaque transaction qu&rsquo;il traite pour vous. UnlimitedMUSE stocke [&hellip;]<\/p>\n","protected":false},"author":208450,"featured_media":0,"parent":0,"menu_order":0,"comment_status":"open","ping_status":"closed","template":"","meta":{"_acf_changed":false,"_themeisle_gutenberg_block_has_review":false,"footnotes":""},"class_list":["post-152435","page","type-page","status-publish","hentry"],"acf":[],"_links":{"self":[{"href":"https:\/\/unlimitedmuse.com\/fr\/wp-json\/wp\/v2\/pages\/152435","targetHints":{"allow":["GET"]}}],"collection":[{"href":"https:\/\/unlimitedmuse.com\/fr\/wp-json\/wp\/v2\/pages"}],"about":[{"href":"https:\/\/unlimitedmuse.com\/fr\/wp-json\/wp\/v2\/types\/page"}],"author":[{"embeddable":true,"href":"https:\/\/unlimitedmuse.com\/fr\/wp-json\/wp\/v2\/users\/208450"}],"replies":[{"embeddable":true,"href":"https:\/\/unlimitedmuse.com\/fr\/wp-json\/wp\/v2\/comments?post=152435"}],"version-history":[{"count":3,"href":"https:\/\/unlimitedmuse.com\/fr\/wp-json\/wp\/v2\/pages\/152435\/revisions"}],"predecessor-version":[{"id":152444,"href":"https:\/\/unlimitedmuse.com\/fr\/wp-json\/wp\/v2\/pages\/152435\/revisions\/152444"}],"wp:attachment":[{"href":"https:\/\/unlimitedmuse.com\/fr\/wp-json\/wp\/v2\/media?parent=152435"}],"curies":[{"name":"wp","href":"https:\/\/api.w.org\/{rel}","templated":true}]}}