{"id":152386,"date":"2023-02-08T19:59:09","date_gmt":"2023-02-08T17:59:09","guid":{"rendered":"https:\/\/unlimitedmuse.com\/18-u-s-c-%c2%a72257-records-keeping-requirements-compliance-statement\/"},"modified":"2023-02-12T12:04:36","modified_gmt":"2023-02-12T10:04:36","slug":"18-u-s-c-%c2%a72257-exigences-en-matiere-de-conservation-des-dossiers-declaration-de-conformite","status":"publish","type":"page","link":"https:\/\/unlimitedmuse.com\/fr\/18-u-s-c-%c2%a72257-exigences-en-matiere-de-conservation-des-dossiers-declaration-de-conformite\/","title":{"rendered":"18 U.S.C. \u00a72257 Exigences en mati\u00e8re de conservation des dossiers D\u00e9claration de conformit\u00e9"},"content":{"rendered":"<p>18 U.S.C. \u00a72257 Exigences en mati\u00e8re de conservation des dossiers D\u00e9claration de conformit\u00e9Tous les mod\u00e8les, acteurs, actrices et autres personnes qui apparaissent dans toute repr\u00e9sentation visuelle d&rsquo;un comportement sexuellement explicite r\u00e9el ou simul\u00e9 apparaissant sur, ou autrement contenu dans, ce site Web avaient plus de dix-huit (18) ans au moment o\u00f9 l&rsquo;image visuelle a \u00e9t\u00e9 produite. Les dossiers exig\u00e9s par le titre 18 U.S.C. \u00a72257 sont conserv\u00e9s par le d\u00e9positaire des dossiers appropri\u00e9.<\/p>\n<p>Toutes les autres representations visuelles affichees sur ce site Web sont exemptes de la disposition de 18 U.S.C. \u00a72257, 2257A et \/ ou 28 C.F.R. 75, parce que 1) elles ne representent pas un comportement tel que specifiquement liste dans 18 U.S.C section 2256 (2)(A) (i) a (iv), 2) elles ne representent pas un comportement tel que specifiquement liste dans 18 U. S.C. section 2257A, 3) elles ne repr\u00e9sentent pas un comportement \u00e9num\u00e9r\u00e9 dans la section 2256(2)(A)(v) du 18 U.S.C. produites apr\u00e8s le 27 juillet 2006, ou 4) sont autrement exempt\u00e9es parce que les repr\u00e9sentations visuelles ont \u00e9t\u00e9 cr\u00e9\u00e9es avant le 3 juillet 1995.<\/p>\n<p>En ce qui concerne toutes les repr\u00e9sentations visuelles affich\u00e9es sur ce site Web, qu&rsquo;il s&rsquo;agisse d&rsquo;un comportement sexuellement explicite r\u00e9el, d&rsquo;un comportement sexuel simul\u00e9 ou autre, toutes les personnes \u00e9taient \u00e2g\u00e9es d&rsquo;au moins 18 ans lorsque lesdites repr\u00e9sentations visuelles ont \u00e9t\u00e9 produites.<\/p>\n<p>Le titre de cette \u0153uvre est : www.unlimitedmuse.com<\/p>\n<p>Les images contenues sur ce site ont \u00e9t\u00e9, dupliqu\u00e9es, reproduites ou r\u00e9\u00e9dit\u00e9es le 07 f\u00e9vrier 2023 Tous les dossiers dont la tenue est requise par la loi f\u00e9d\u00e9rale sont en la possession de Peter Palm dont le titre est : Directeur, et sont disponibles pour inspection pendant les heures de bureau normales \u00e0 :<\/p>\n<p>unlimitedmuse.com<br \/>\nPeter Palm<br \/>\nSchanzenstrasse 6-8<br \/>\n40549 D\u00fcsseldorf<\/p>\n<p>Les heures normales d&rsquo;ouverture de cette soci\u00e9t\u00e9 sont 11 h \u00e0 16 h, du lundi au vendredi.<\/p>\n<p>Pour toute question, veuillez appeler, Peter Palm, Esq. +49 211 5580249<\/p>\n","protected":false},"excerpt":{"rendered":"<p>18 U.S.C. \u00a72257 Exigences en mati\u00e8re de conservation des dossiers D\u00e9claration de conformit\u00e9Tous les mod\u00e8les, acteurs, actrices et autres personnes qui apparaissent dans toute repr\u00e9sentation visuelle d&rsquo;un comportement sexuellement explicite r\u00e9el ou simul\u00e9 apparaissant sur, ou autrement contenu dans, ce site Web avaient plus de dix-huit (18) ans au moment o\u00f9 l&rsquo;image visuelle a \u00e9t\u00e9 [&hellip;]<\/p>\n","protected":false},"author":208450,"featured_media":0,"parent":0,"menu_order":0,"comment_status":"open","ping_status":"closed","template":"","meta":{"_acf_changed":false,"_themeisle_gutenberg_block_has_review":false,"footnotes":""},"class_list":["post-152386","page","type-page","status-publish","hentry"],"acf":[],"_links":{"self":[{"href":"https:\/\/unlimitedmuse.com\/fr\/wp-json\/wp\/v2\/pages\/152386","targetHints":{"allow":["GET"]}}],"collection":[{"href":"https:\/\/unlimitedmuse.com\/fr\/wp-json\/wp\/v2\/pages"}],"about":[{"href":"https:\/\/unlimitedmuse.com\/fr\/wp-json\/wp\/v2\/types\/page"}],"author":[{"embeddable":true,"href":"https:\/\/unlimitedmuse.com\/fr\/wp-json\/wp\/v2\/users\/208450"}],"replies":[{"embeddable":true,"href":"https:\/\/unlimitedmuse.com\/fr\/wp-json\/wp\/v2\/comments?post=152386"}],"version-history":[{"count":3,"href":"https:\/\/unlimitedmuse.com\/fr\/wp-json\/wp\/v2\/pages\/152386\/revisions"}],"predecessor-version":[{"id":152393,"href":"https:\/\/unlimitedmuse.com\/fr\/wp-json\/wp\/v2\/pages\/152386\/revisions\/152393"}],"wp:attachment":[{"href":"https:\/\/unlimitedmuse.com\/fr\/wp-json\/wp\/v2\/media?parent=152386"}],"curies":[{"name":"wp","href":"https:\/\/api.w.org\/{rel}","templated":true}]}}