{"id":9150,"date":"2015-09-07T13:37:50","date_gmt":"2015-09-07T12:37:50","guid":{"rendered":"https:\/\/unlimitedmuse.com\/?post_type=product&#038;p=9150"},"modified":"2024-09-08T11:00:08","modified_gmt":"2024-09-08T10:00:08","slug":"fluid-ecstasy","status":"publish","type":"product","link":"https:\/\/unlimitedmuse.com\/de\/shop\/fluid-ecstasy\/","title":{"rendered":"Fluid Ecstasy"},"content":{"rendered":"<h4 style=\"font-weight: inherit; color: #c5000a;\">Fluid Ecstasy &#8211; Die R\u00fcckkehr zum Ursprung, Mauritius (2015)<\/h4>\n<h4 style=\"font-weight: inherit; color: #c5000a;\">Video Arbeit von Milo Moir\u00e9 und Peter Palm<\/h4>\n<p>Dauer 5:06 min<\/p>\n<p><span style=\"color: #000000;\">ist eine k\u00fcnstlerische Unterwasser Videoarbeit von Peter Palm, die er auf Mauritius mit der Konzeptk\u00fcnstlerin Milo Moir\u00e9 umsetzte. Aufgeladen mit einer naiven Sexualit\u00e4t offenbart der knapp sechs-min\u00fctige Kurzfilm voller Anmut surreale Perspektiven des weiblichen Aktes. Unterhalb der Oberfl\u00e4che bleibt in der Geborgenheit des Elements Wasser nichts verborgen.<br \/>\nDer Titel &#8222;Fluid Ecstasy&#8220; beschreibt ein tranceartiges, nat\u00fcrliches Gl\u00fccksgef\u00fchl im Fluss der Verschmelzung.<br \/>\n<\/span>Peter Palm zeigt mit der nackten Milo Moir\u00e9 eine friedliche Welt, vergleichbar unserem &#8222;Sein&#8220; in der Fruchtblase vor unserer Geburt.<br \/>\nAuf technische Hilfsmittel haben sowohl Milo Moir\u00e9 als auch Peter Palm verzichtet mit einer Ausnahme&#8230;Flossen, die angelehnt sind an der Metamorphose vom Fisch zum Homo Sapiens.<br \/>\nDas Video entstand w\u00e4hrend vielen Tauchg\u00e4ngen.<\/p>\n","protected":false},"excerpt":{"rendered":"<p style=\"color: #000000;\">Unzensiert &#8211; extended \u00fcber 5 Minuten<\/p>\n<p style=\"color: #000000;\">Lizenz nur f\u00fcr den privaten Gebrauch<\/p>\n<h4 style=\"font-weight: inherit; color: #c5000a;\"><\/h4>\n","protected":false},"featured_media":166466,"comment_status":"open","ping_status":"closed","template":"","meta":{"_acf_changed":false,"_themeisle_gutenberg_block_has_review":false},"product_brand":[],"product_cat":[785],"product_tag":[792,796],"class_list":{"0":"post-9150","1":"product","2":"type-product","3":"status-publish","4":"has-post-thumbnail","6":"product_cat-milo-moire-videos-de","7":"product_tag-sofort-download","8":"product_tag-video-de","10":"first","11":"instock","12":"downloadable","13":"virtual","14":"sold-individually","15":"purchasable","16":"product-type-simple"},"acf":[],"_links":{"self":[{"href":"https:\/\/unlimitedmuse.com\/de\/wp-json\/wp\/v2\/product\/9150","targetHints":{"allow":["GET"]}}],"collection":[{"href":"https:\/\/unlimitedmuse.com\/de\/wp-json\/wp\/v2\/product"}],"about":[{"href":"https:\/\/unlimitedmuse.com\/de\/wp-json\/wp\/v2\/types\/product"}],"replies":[{"embeddable":true,"href":"https:\/\/unlimitedmuse.com\/de\/wp-json\/wp\/v2\/comments?post=9150"}],"wp:featuredmedia":[{"embeddable":true,"href":"https:\/\/unlimitedmuse.com\/de\/wp-json\/wp\/v2\/media\/166466"}],"wp:attachment":[{"href":"https:\/\/unlimitedmuse.com\/de\/wp-json\/wp\/v2\/media?parent=9150"}],"wp:term":[{"taxonomy":"product_brand","embeddable":true,"href":"https:\/\/unlimitedmuse.com\/de\/wp-json\/wp\/v2\/product_brand?post=9150"},{"taxonomy":"product_cat","embeddable":true,"href":"https:\/\/unlimitedmuse.com\/de\/wp-json\/wp\/v2\/product_cat?post=9150"},{"taxonomy":"product_tag","embeddable":true,"href":"https:\/\/unlimitedmuse.com\/de\/wp-json\/wp\/v2\/product_tag?post=9150"}],"curies":[{"name":"wp","href":"https:\/\/api.w.org\/{rel}","templated":true}]}}