{"id":78454,"date":"2019-12-17T14:42:53","date_gmt":"2019-12-17T12:42:53","guid":{"rendered":"https:\/\/unlimitedmuse.com\/?post_type=product&#038;p=78454"},"modified":"2021-10-01T20:27:56","modified_gmt":"2021-10-01T18:27:56","slug":"kalender-raw-beauty-iceland-2020","status":"publish","type":"product","link":"https:\/\/unlimitedmuse.com\/de\/shop\/kalender-raw-beauty-iceland-2020\/","title":{"rendered":"Kalender RAW BEAUTY ICELAND 2020"},"content":{"rendered":"<p><img loading=\"lazy\" decoding=\"async\" class=\"aligncenter size-full wp-image-77034\" src=\"https:\/\/unlimitedmuse.com\/wp-content\/uploads\/RAW-ICELAND-1.jpg\" alt=\"\" width=\"1080\" height=\"804\" srcset=\"https:\/\/unlimitedmuse.com\/wp-content\/uploads\/RAW-ICELAND-1.jpg 1080w, https:\/\/unlimitedmuse.com\/wp-content\/uploads\/RAW-ICELAND-1-537x400.jpg 537w, https:\/\/unlimitedmuse.com\/wp-content\/uploads\/RAW-ICELAND-1-1075x800.jpg 1075w, https:\/\/unlimitedmuse.com\/wp-content\/uploads\/RAW-ICELAND-1-768x572.jpg 768w, https:\/\/unlimitedmuse.com\/wp-content\/uploads\/RAW-ICELAND-1-510x380.jpg 510w\" sizes=\"auto, (max-width: 1080px) 100vw, 1080px\" \/><\/p>\n<p><img loading=\"lazy\" decoding=\"async\" class=\"aligncenter size-full wp-image-77076\" src=\"https:\/\/unlimitedmuse.com\/wp-content\/uploads\/RAW-ICELAND-11.jpg\" alt=\"\" width=\"1080\" height=\"804\" srcset=\"https:\/\/unlimitedmuse.com\/wp-content\/uploads\/RAW-ICELAND-11.jpg 1080w, https:\/\/unlimitedmuse.com\/wp-content\/uploads\/RAW-ICELAND-11-537x400.jpg 537w, https:\/\/unlimitedmuse.com\/wp-content\/uploads\/RAW-ICELAND-11-1075x800.jpg 1075w, https:\/\/unlimitedmuse.com\/wp-content\/uploads\/RAW-ICELAND-11-768x572.jpg 768w, https:\/\/unlimitedmuse.com\/wp-content\/uploads\/RAW-ICELAND-11-510x380.jpg 510w\" sizes=\"auto, (max-width: 1080px) 100vw, 1080px\" \/><\/p>\n<p><img loading=\"lazy\" decoding=\"async\" class=\"aligncenter size-full wp-image-77071\" src=\"https:\/\/unlimitedmuse.com\/wp-content\/uploads\/RAW-ICELAND-10.jpg\" alt=\"\" width=\"1080\" height=\"804\" srcset=\"https:\/\/unlimitedmuse.com\/wp-content\/uploads\/RAW-ICELAND-10.jpg 1080w, https:\/\/unlimitedmuse.com\/wp-content\/uploads\/RAW-ICELAND-10-537x400.jpg 537w, https:\/\/unlimitedmuse.com\/wp-content\/uploads\/RAW-ICELAND-10-1075x800.jpg 1075w, https:\/\/unlimitedmuse.com\/wp-content\/uploads\/RAW-ICELAND-10-768x572.jpg 768w, https:\/\/unlimitedmuse.com\/wp-content\/uploads\/RAW-ICELAND-10-510x380.jpg 510w\" sizes=\"auto, (max-width: 1080px) 100vw, 1080px\" \/><\/p>\n<p><img loading=\"lazy\" decoding=\"async\" class=\"aligncenter size-full wp-image-77066\" src=\"https:\/\/unlimitedmuse.com\/wp-content\/uploads\/RAW-ICELAND-9.jpg\" alt=\"\" width=\"1080\" height=\"804\" srcset=\"https:\/\/unlimitedmuse.com\/wp-content\/uploads\/RAW-ICELAND-9.jpg 1080w, https:\/\/unlimitedmuse.com\/wp-content\/uploads\/RAW-ICELAND-9-537x400.jpg 537w, https:\/\/unlimitedmuse.com\/wp-content\/uploads\/RAW-ICELAND-9-1075x800.jpg 1075w, https:\/\/unlimitedmuse.com\/wp-content\/uploads\/RAW-ICELAND-9-768x572.jpg 768w, https:\/\/unlimitedmuse.com\/wp-content\/uploads\/RAW-ICELAND-9-510x380.jpg 510w\" sizes=\"auto, (max-width: 1080px) 100vw, 1080px\" \/><\/p>\n<p><img loading=\"lazy\" decoding=\"async\" class=\"aligncenter size-full wp-image-77062\" src=\"https:\/\/unlimitedmuse.com\/wp-content\/uploads\/RAW-ICELAND-8.jpg\" alt=\"\" width=\"1080\" height=\"804\" srcset=\"https:\/\/unlimitedmuse.com\/wp-content\/uploads\/RAW-ICELAND-8.jpg 1080w, https:\/\/unlimitedmuse.com\/wp-content\/uploads\/RAW-ICELAND-8-537x400.jpg 537w, https:\/\/unlimitedmuse.com\/wp-content\/uploads\/RAW-ICELAND-8-1075x800.jpg 1075w, https:\/\/unlimitedmuse.com\/wp-content\/uploads\/RAW-ICELAND-8-768x572.jpg 768w, https:\/\/unlimitedmuse.com\/wp-content\/uploads\/RAW-ICELAND-8-510x380.jpg 510w\" sizes=\"auto, (max-width: 1080px) 100vw, 1080px\" \/><\/p>\n<p><img loading=\"lazy\" decoding=\"async\" class=\"aligncenter size-full wp-image-77058\" src=\"https:\/\/unlimitedmuse.com\/wp-content\/uploads\/RAW-ICELAND-7.jpg\" alt=\"\" width=\"1080\" height=\"804\" srcset=\"https:\/\/unlimitedmuse.com\/wp-content\/uploads\/RAW-ICELAND-7.jpg 1080w, https:\/\/unlimitedmuse.com\/wp-content\/uploads\/RAW-ICELAND-7-537x400.jpg 537w, https:\/\/unlimitedmuse.com\/wp-content\/uploads\/RAW-ICELAND-7-1075x800.jpg 1075w, https:\/\/unlimitedmuse.com\/wp-content\/uploads\/RAW-ICELAND-7-768x572.jpg 768w, https:\/\/unlimitedmuse.com\/wp-content\/uploads\/RAW-ICELAND-7-510x380.jpg 510w\" sizes=\"auto, (max-width: 1080px) 100vw, 1080px\" \/><\/p>\n<p><img loading=\"lazy\" decoding=\"async\" class=\"aligncenter size-full wp-image-77054\" src=\"https:\/\/unlimitedmuse.com\/wp-content\/uploads\/RAW-ICELAND-6.jpg\" alt=\"\" width=\"1080\" height=\"804\" srcset=\"https:\/\/unlimitedmuse.com\/wp-content\/uploads\/RAW-ICELAND-6.jpg 1080w, https:\/\/unlimitedmuse.com\/wp-content\/uploads\/RAW-ICELAND-6-537x400.jpg 537w, https:\/\/unlimitedmuse.com\/wp-content\/uploads\/RAW-ICELAND-6-1075x800.jpg 1075w, https:\/\/unlimitedmuse.com\/wp-content\/uploads\/RAW-ICELAND-6-768x572.jpg 768w, https:\/\/unlimitedmuse.com\/wp-content\/uploads\/RAW-ICELAND-6-510x380.jpg 510w\" sizes=\"auto, (max-width: 1080px) 100vw, 1080px\" \/><\/p>\n<p><img loading=\"lazy\" decoding=\"async\" class=\"aligncenter size-full wp-image-77050\" src=\"https:\/\/unlimitedmuse.com\/wp-content\/uploads\/RAW-ICELAND-5.jpg\" alt=\"\" width=\"1080\" height=\"804\" srcset=\"https:\/\/unlimitedmuse.com\/wp-content\/uploads\/RAW-ICELAND-5.jpg 1080w, https:\/\/unlimitedmuse.com\/wp-content\/uploads\/RAW-ICELAND-5-537x400.jpg 537w, https:\/\/unlimitedmuse.com\/wp-content\/uploads\/RAW-ICELAND-5-1075x800.jpg 1075w, https:\/\/unlimitedmuse.com\/wp-content\/uploads\/RAW-ICELAND-5-768x572.jpg 768w, https:\/\/unlimitedmuse.com\/wp-content\/uploads\/RAW-ICELAND-5-510x380.jpg 510w\" sizes=\"auto, (max-width: 1080px) 100vw, 1080px\" \/><\/p>\n<p><img loading=\"lazy\" decoding=\"async\" class=\"aligncenter size-full wp-image-77046\" src=\"https:\/\/unlimitedmuse.com\/wp-content\/uploads\/RAW-ICELAND-4.jpg\" alt=\"\" width=\"1080\" height=\"804\" srcset=\"https:\/\/unlimitedmuse.com\/wp-content\/uploads\/RAW-ICELAND-4.jpg 1080w, https:\/\/unlimitedmuse.com\/wp-content\/uploads\/RAW-ICELAND-4-537x400.jpg 537w, https:\/\/unlimitedmuse.com\/wp-content\/uploads\/RAW-ICELAND-4-1075x800.jpg 1075w, https:\/\/unlimitedmuse.com\/wp-content\/uploads\/RAW-ICELAND-4-768x572.jpg 768w, https:\/\/unlimitedmuse.com\/wp-content\/uploads\/RAW-ICELAND-4-510x380.jpg 510w\" sizes=\"auto, (max-width: 1080px) 100vw, 1080px\" \/><\/p>\n<p><img loading=\"lazy\" decoding=\"async\" class=\"aligncenter size-full wp-image-77042\" src=\"https:\/\/unlimitedmuse.com\/wp-content\/uploads\/RAW-ICELAND-3.jpg\" alt=\"\" width=\"1080\" height=\"804\" srcset=\"https:\/\/unlimitedmuse.com\/wp-content\/uploads\/RAW-ICELAND-3.jpg 1080w, https:\/\/unlimitedmuse.com\/wp-content\/uploads\/RAW-ICELAND-3-537x400.jpg 537w, https:\/\/unlimitedmuse.com\/wp-content\/uploads\/RAW-ICELAND-3-1075x800.jpg 1075w, https:\/\/unlimitedmuse.com\/wp-content\/uploads\/RAW-ICELAND-3-768x572.jpg 768w, https:\/\/unlimitedmuse.com\/wp-content\/uploads\/RAW-ICELAND-3-510x380.jpg 510w\" sizes=\"auto, (max-width: 1080px) 100vw, 1080px\" \/><\/p>\n<p><img loading=\"lazy\" decoding=\"async\" class=\"aligncenter size-full wp-image-77038\" src=\"https:\/\/unlimitedmuse.com\/wp-content\/uploads\/RAW-ICELAND-2.jpg\" alt=\"\" width=\"1080\" height=\"804\" srcset=\"https:\/\/unlimitedmuse.com\/wp-content\/uploads\/RAW-ICELAND-2.jpg 1080w, https:\/\/unlimitedmuse.com\/wp-content\/uploads\/RAW-ICELAND-2-537x400.jpg 537w, https:\/\/unlimitedmuse.com\/wp-content\/uploads\/RAW-ICELAND-2-1075x800.jpg 1075w, https:\/\/unlimitedmuse.com\/wp-content\/uploads\/RAW-ICELAND-2-768x572.jpg 768w, https:\/\/unlimitedmuse.com\/wp-content\/uploads\/RAW-ICELAND-2-510x380.jpg 510w\" sizes=\"auto, (max-width: 1080px) 100vw, 1080px\" \/><\/p>\n","protected":false},"excerpt":{"rendered":"<p><strong>ACHTUNG LIEFERUNG in die SCHWEIZ nur \u00fcber diesen SHOP andere L\u00e4nder \u00fcber AMAZON Deutschland<\/strong><\/p>\n<p><strong>Buy at <span style=\"color: #ff0000;\"><a style=\"color: #ff0000;\" href=\"https:\/\/amzn.to\/2MqnwFo\" target=\"_blank\" rel=\"noopener noreferrer\">AMAZON.de<\/a> <\/span><\/strong><\/p>\n<p><strong>RAW BEAUTY &#8211; ICELAND 2020 ist ein k\u00fcnstlerischer Aktkalender mit Milo Moir\u00e9 fotografiert von Starfotograf Peter Palm<\/strong><\/p>\n<p><strong>Handsigniert von Milo Moir\u00e9 &amp; limitiert\u00a0auf 1000 St\u00fcck!!!<\/strong><\/p>\n<p>Der hochwertige Moir\u00e9 X Palm Kalender ist jedes Jahr aufs Neue ein beeindruckendes Kunstwerk. Diesmal war das K\u00fcnstlerpaar im mystischen Island und k\u00e4mpfte unter extremsten Bedingungen gegen Regen, Wind und K\u00e4lte. Auf den Spuren von Games of Thrones nahm die abenteuerlustige Milo ein Nacktbad in der &#8222;Liebesh\u00f6hle von John Schnee&#8220; um sich aufzuw\u00e4rmen. Auf der n\u00f6rdlichen Insel ist es selbst im Sommer eiskalt. Im &#8222;Reich der Wildlinge&#8220; entdeckte sie inmitten von skurrilen Vulkangesteinsformationen ein gigantisches Guckloch zu Jurassic Park.<br \/>\nDie rohe Sch\u00f6nheit Islands hautnah zu erleben und bildlich fest zu halten war bei jeder Akt-Aufnahme eine k\u00f6rperliche Grenzerfahrung. Trotz H\u00f6henangst bestieg Milo ein Flugzeugdach bei eisigem Wind. Sie ist durch \u00e4tzende Schwefelfelder gewandert, hat an der Klippe des reissenden G\u00f6tterwasserfalls meditiert und ist in der Gletscherlagune zwischen traumhaften Eisskulpturen geschwommen. Der Kalender zeigt surreale Bilder, die man so von Island nie zuvor gesehen hat!<\/p>\n<p>\u201eRAW BEAUTY\u201c, ein Motto was nicht nur auf die entbl\u00f6sste Sch\u00f6nheit von Milo Moir\u00e9 anspielt, sondern auch auf die unber\u00fchrte Natur Islands. Atemberaubende Landschaften aus Feuer und Eis, die von Klimawandel und Umweltverschmutzung bedroht sind. Es gibt wohl keinen anderen Ort auf unserer Erde wo der Mensch voller Ehrfurcht auf die Wunder von Mutter Erde blickt.<\/p>\n<p>Besonderes: Limitiert auf 1000 St\u00fcck! Handsigniert von Milo Moir\u00e9.<br \/>\nMerkmale: 32&#215;43 cm, Farbdruck (2 Schwarz-Weiss und 11 Farbabbildungen), stabile Spiralbindung mit Aufh\u00e4ngung, Folien verschweisst und neutrale Kartonverpackung.<br \/>\nHinweis: Kein Arbeitskalender! Kalendarium-Ziffern sehr klein und rein dekorativ.<\/p>\n","protected":false},"featured_media":77025,"comment_status":"open","ping_status":"closed","template":"","meta":{"_acf_changed":false,"_themeisle_gutenberg_block_has_review":false},"product_brand":[],"product_cat":[786,787,788,1449],"product_tag":[],"class_list":{"0":"post-78454","1":"product","2":"type-product","3":"status-publish","4":"has-post-thumbnail","6":"product_cat-milo-moire-editionen","7":"product_cat-peter-palm-editionen","8":"product_cat-p-h-hergarten-editionen","9":"product_cat-uncategorized-de","11":"first","12":"outofstock","13":"purchasable","14":"product-type-simple"},"acf":[],"_links":{"self":[{"href":"https:\/\/unlimitedmuse.com\/de\/wp-json\/wp\/v2\/product\/78454","targetHints":{"allow":["GET"]}}],"collection":[{"href":"https:\/\/unlimitedmuse.com\/de\/wp-json\/wp\/v2\/product"}],"about":[{"href":"https:\/\/unlimitedmuse.com\/de\/wp-json\/wp\/v2\/types\/product"}],"replies":[{"embeddable":true,"href":"https:\/\/unlimitedmuse.com\/de\/wp-json\/wp\/v2\/comments?post=78454"}],"wp:featuredmedia":[{"embeddable":true,"href":"https:\/\/unlimitedmuse.com\/de\/wp-json\/wp\/v2\/media\/77025"}],"wp:attachment":[{"href":"https:\/\/unlimitedmuse.com\/de\/wp-json\/wp\/v2\/media?parent=78454"}],"wp:term":[{"taxonomy":"product_brand","embeddable":true,"href":"https:\/\/unlimitedmuse.com\/de\/wp-json\/wp\/v2\/product_brand?post=78454"},{"taxonomy":"product_cat","embeddable":true,"href":"https:\/\/unlimitedmuse.com\/de\/wp-json\/wp\/v2\/product_cat?post=78454"},{"taxonomy":"product_tag","embeddable":true,"href":"https:\/\/unlimitedmuse.com\/de\/wp-json\/wp\/v2\/product_tag?post=78454"}],"curies":[{"name":"wp","href":"https:\/\/api.w.org\/{rel}","templated":true}]}}