{"id":7698,"date":"2015-05-18T14:35:48","date_gmt":"2015-05-18T13:35:48","guid":{"rendered":"https:\/\/unlimitedmuse.com\/shop\/uncategorized\/plopegg-the-blue-mauritius\/"},"modified":"2023-03-15T17:20:17","modified_gmt":"2023-03-15T15:20:17","slug":"plopegg-die-blaue-mauritius","status":"publish","type":"product","link":"https:\/\/unlimitedmuse.com\/de\/shop\/plopegg-die-blaue-mauritius\/","title":{"rendered":"Plopegg Die Blaue Mauritius"},"content":{"rendered":"<h4 style=\"font-weight: inherit; color: #c5000a;\">Plopegg Die Blaue Mauritius &#8211; Die R\u00fcckkehr Zum Ursprung, Mauritius (2015)<\/h4>\n<h4 style=\"font-weight: inherit; color: #c5000a;\">Performance von Milo Moir\u00e9<\/h4>\n<p>Dauer 6:34 min<\/p>\n<p>Die Konzeptk\u00fcnstlerin Milo Moir\u00e9 liess sich durch die paradiesische Anmut der Insel Mauritius im indischen Ozean zu ihrem neuesten Werk \u201eThe Blue Mauritius\u201c inspirieren.\u00a0Sie collagierte ein insulares Ideal aus\u00a0Blau- und Gr\u00fcnt\u00f6nen. Am Fusse einer K\u00fcstenklippe im wilden S\u00fcden von Mauritius gebar sie beim Anblick eines aufgew\u00fchlten Meeres ein Bildnis einer intimen Ber\u00fchrung mit dem absolut Erhabenen, der Natur. Die K\u00fcnstlerin zeigt eine Urspr\u00fcnglichkeit, die nicht nach Heiligen und S\u00fcndern verlangt, einen unerh\u00f6rt unbefangenen Blick auf die Sch\u00f6pfung der Natur.<\/p>\n<p>Die Performance ist nicht nur eine Huldigung an die Unversehrtheit, sondern auch eine Verk\u00f6rperlichung von Intimit\u00e4t und der \u201e\u00c4sthetik des Undarstellbaren\u201c. Die K\u00fcnstlerin beschreibt das so: \u201cDer Kern ist, genauer hinzuschauen und das Reine darin zu erkennen. Es ist wie das rein weiss erscheinende Licht des Farbspektrums, welches alle Wellenl\u00e4ngen in sich vereint.\u201c<\/p>\n","protected":false},"excerpt":{"rendered":"<p style=\"color: #000000;\">extended \u00fcber 6 minute<\/p>\n<p style=\"color: #666666;\"><strong>\u00a0<\/strong><\/p>\n<h2 style=\"color: #000000;\"><\/h2>\n<p>&nbsp;<\/p>\n","protected":false},"featured_media":7697,"comment_status":"open","ping_status":"closed","template":"","meta":{"_acf_changed":false,"_themeisle_gutenberg_block_has_review":false},"product_brand":[],"product_cat":[785],"product_tag":[792,796],"class_list":{"0":"post-7698","1":"product","2":"type-product","3":"status-publish","4":"has-post-thumbnail","6":"product_cat-milo-moire-videos-de","7":"product_tag-sofort-download","8":"product_tag-video-de","10":"first","11":"instock","12":"downloadable","13":"virtual","14":"sold-individually","15":"purchasable","16":"product-type-simple"},"acf":[],"_links":{"self":[{"href":"https:\/\/unlimitedmuse.com\/de\/wp-json\/wp\/v2\/product\/7698","targetHints":{"allow":["GET"]}}],"collection":[{"href":"https:\/\/unlimitedmuse.com\/de\/wp-json\/wp\/v2\/product"}],"about":[{"href":"https:\/\/unlimitedmuse.com\/de\/wp-json\/wp\/v2\/types\/product"}],"replies":[{"embeddable":true,"href":"https:\/\/unlimitedmuse.com\/de\/wp-json\/wp\/v2\/comments?post=7698"}],"wp:featuredmedia":[{"embeddable":true,"href":"https:\/\/unlimitedmuse.com\/de\/wp-json\/wp\/v2\/media\/7697"}],"wp:attachment":[{"href":"https:\/\/unlimitedmuse.com\/de\/wp-json\/wp\/v2\/media?parent=7698"}],"wp:term":[{"taxonomy":"product_brand","embeddable":true,"href":"https:\/\/unlimitedmuse.com\/de\/wp-json\/wp\/v2\/product_brand?post=7698"},{"taxonomy":"product_cat","embeddable":true,"href":"https:\/\/unlimitedmuse.com\/de\/wp-json\/wp\/v2\/product_cat?post=7698"},{"taxonomy":"product_tag","embeddable":true,"href":"https:\/\/unlimitedmuse.com\/de\/wp-json\/wp\/v2\/product_tag?post=7698"}],"curies":[{"name":"wp","href":"https:\/\/api.w.org\/{rel}","templated":true}]}}