{"id":7248,"date":"2015-03-11T11:57:33","date_gmt":"2015-03-11T10:57:33","guid":{"rendered":"https:\/\/unlimitedmuse.com\/shop\/uncategorized\/the-naked-life-2-2\/"},"modified":"2023-10-22T17:49:53","modified_gmt":"2023-10-22T15:49:53","slug":"das-nackte-leben","status":"publish","type":"product","link":"https:\/\/unlimitedmuse.com\/de\/shop\/das-nackte-leben\/","title":{"rendered":"Das nackte Leben"},"content":{"rendered":"<h4 style=\"font-weight: inherit; color: #c5000a;\">Das nackte Leben &#8211; Wie wenig Abstraktion vertr\u00e4gt die Kunst? LWL Museum, Muenster (2015)<\/h4>\n<h4 style=\"font-weight: inherit; color: #c5000a;\">Performance von Milo Moir\u00e9<\/h4>\n<p>Dauer 3:06 min<\/p>\n<p style=\"color: #404040;\">Die nackte Milo Moir\u00e9 mit nacktem Baby w\u00e4hrend der Finissage \u201eDas nackte Leben\u201c am 22.02.2015 im LWL-Museum M\u00fcnster.\u00a0<span style=\"font-style: inherit;\">Milo und das Baby schauten sich die Akte an und wurden aufgrund ihrer Nacktheit selbst zum Akt.<\/span><\/p>\n<p>Anl\u00e4sslich der Ausstellung \u201eDas nackte Leben\u201c im LWL-Museum in M\u00fcnster\u00a0hinterfragt die Performancek\u00fcnstlerin Milo Moir\u00e9 die Grundhaltung zu abstrakter und figurativer Kunst. Ist ein Gem\u00e4lde mit naturalistischem Inhalt nicht selbst eine Abstraktion? Was k\u00f6nnte das absolute Motiv einer Ausstellung, die sich dem nackten Leben widmet und nach konkreter Sinneserfahrung appelliert, sein?<br \/>\nMilo Moir\u00e9 holt in Einklang mit der Haltung der ausgestellten K\u00fcnstler das Allt\u00e4gliche in die Kunst, doch entfernt sie sich von der abstrakten Darstellungsform noch einen Schritt weiter und zeigt ihr Hauptmotiv nackten Lebens: Ein nackter S\u00e4ugling geborgen im Arm einer nackten Frau. Diese unmittelbare Erfahrung des lebendigen Aktes fordert dazu auf, gewohnte Wahrnehmungsformen zu reflektieren. Wie nah darf die Darstellungsform in der Kunst sich am Allt\u00e4glichen bewegen? Milo Moir\u00e9\u2019s Performance hinterl\u00e4sst die Frage im musealem Raum:\u00a0\u201eWie wenig Abstraktion vertr\u00e4gt die Kunst?\u201d<\/p>\n","protected":false},"excerpt":{"rendered":"<h2 style=\"color: #000000;\"><\/h2>\n<p style=\"color: #404040;\"><span style=\"font-style: inherit; color: #808080;\">\u00a0<\/span><\/p>\n","protected":false},"featured_media":7253,"comment_status":"open","ping_status":"closed","template":"","meta":{"_acf_changed":false,"_themeisle_gutenberg_block_has_review":false},"product_brand":[],"product_cat":[785],"product_tag":[792,796],"class_list":{"0":"post-7248","1":"product","2":"type-product","3":"status-publish","4":"has-post-thumbnail","6":"product_cat-milo-moire-videos-de","7":"product_tag-sofort-download","8":"product_tag-video-de","10":"first","11":"instock","12":"downloadable","13":"virtual","14":"sold-individually","15":"purchasable","16":"product-type-simple"},"acf":[],"_links":{"self":[{"href":"https:\/\/unlimitedmuse.com\/de\/wp-json\/wp\/v2\/product\/7248","targetHints":{"allow":["GET"]}}],"collection":[{"href":"https:\/\/unlimitedmuse.com\/de\/wp-json\/wp\/v2\/product"}],"about":[{"href":"https:\/\/unlimitedmuse.com\/de\/wp-json\/wp\/v2\/types\/product"}],"replies":[{"embeddable":true,"href":"https:\/\/unlimitedmuse.com\/de\/wp-json\/wp\/v2\/comments?post=7248"}],"wp:featuredmedia":[{"embeddable":true,"href":"https:\/\/unlimitedmuse.com\/de\/wp-json\/wp\/v2\/media\/7253"}],"wp:attachment":[{"href":"https:\/\/unlimitedmuse.com\/de\/wp-json\/wp\/v2\/media?parent=7248"}],"wp:term":[{"taxonomy":"product_brand","embeddable":true,"href":"https:\/\/unlimitedmuse.com\/de\/wp-json\/wp\/v2\/product_brand?post=7248"},{"taxonomy":"product_cat","embeddable":true,"href":"https:\/\/unlimitedmuse.com\/de\/wp-json\/wp\/v2\/product_cat?post=7248"},{"taxonomy":"product_tag","embeddable":true,"href":"https:\/\/unlimitedmuse.com\/de\/wp-json\/wp\/v2\/product_tag?post=7248"}],"curies":[{"name":"wp","href":"https:\/\/api.w.org\/{rel}","templated":true}]}}