{"id":5978,"date":"2014-10-01T18:04:50","date_gmt":"2014-10-01T17:04:50","guid":{"rendered":"https:\/\/unlimitedmuse.com\/?post_type=product&#038;p=5978"},"modified":"2023-11-27T11:11:10","modified_gmt":"2023-11-27T10:11:10","slug":"atelier-arbeit-plopegg-art-basel","status":"publish","type":"product","link":"https:\/\/unlimitedmuse.com\/de\/shop\/atelier-arbeit-plopegg-art-basel\/","title":{"rendered":"Atelier Arbeit Plopegg Art Basel"},"content":{"rendered":"<h4 style=\"font-weight: inherit; color: #c5000a;\">Plopegg Art Basel &#8211; Der fl\u00fcssig Geborene, Duesseldorf (2015)<\/h4>\n<h4 style=\"font-weight: inherit; color: #c5000a;\">Atelier Arbeit von Milo Moir\u00e9<\/h4>\n<p>Dauer 4:31 min<\/p>\n<div style=\"color: #000000;\">Diese Videodokumentation zeigt den Entstehungsprozess vom Werk PlopEgg Art Basel im Atelier aus der PlopEgg Serie von Milo Moir\u00e9.\u00a0Die K\u00fcnstlerin verk\u00f6rpert in ihrem Gem\u00e4lde PlopEgg 2 Art Basel die Transformation von Geld in Kunst und Kunst in Geld. Vulkanartige Farbexplosionen aus ihrer Vagina fusionieren mit zahl-reichen Schweizer Banknoten zu einer Orgie von abstraktem Geld, festgehalten auf Leinwand<b>.\u00a0<\/b><\/div>\n<p style=\"color: #404040;\">Sound:\u00a0Grahmanski \u2013 Light Of Gold<\/p>\n","protected":false},"excerpt":{"rendered":"<p>Plopegg Art Basel &#8211; Der fl\u00fcssig Geborene, Duesseldorf (2015) Atelier Arbeit von Milo Moir\u00e9 Dauer 4:31 min Diese Videodokumentation zeigt den Entstehungsprozess vom Werk PlopEgg Art Basel im Atelier aus der PlopEgg Serie von Milo Moir\u00e9.\u00a0Die K\u00fcnstlerin verk\u00f6rpert in ihrem Gem\u00e4lde PlopEgg 2 Art Basel die Transformation von Geld in Kunst und Kunst in Geld. [&hellip;]<\/p>\n","protected":false},"featured_media":5989,"comment_status":"open","ping_status":"closed","template":"","meta":{"_acf_changed":false,"_themeisle_gutenberg_block_has_review":false},"product_brand":[],"product_cat":[785],"product_tag":[792,796],"class_list":{"0":"post-5978","1":"product","2":"type-product","3":"status-publish","4":"has-post-thumbnail","6":"product_cat-milo-moire-videos-de","7":"product_tag-sofort-download","8":"product_tag-video-de","10":"first","11":"instock","12":"downloadable","13":"virtual","14":"sold-individually","15":"purchasable","16":"product-type-simple"},"acf":[],"_links":{"self":[{"href":"https:\/\/unlimitedmuse.com\/de\/wp-json\/wp\/v2\/product\/5978","targetHints":{"allow":["GET"]}}],"collection":[{"href":"https:\/\/unlimitedmuse.com\/de\/wp-json\/wp\/v2\/product"}],"about":[{"href":"https:\/\/unlimitedmuse.com\/de\/wp-json\/wp\/v2\/types\/product"}],"replies":[{"embeddable":true,"href":"https:\/\/unlimitedmuse.com\/de\/wp-json\/wp\/v2\/comments?post=5978"}],"wp:featuredmedia":[{"embeddable":true,"href":"https:\/\/unlimitedmuse.com\/de\/wp-json\/wp\/v2\/media\/5989"}],"wp:attachment":[{"href":"https:\/\/unlimitedmuse.com\/de\/wp-json\/wp\/v2\/media?parent=5978"}],"wp:term":[{"taxonomy":"product_brand","embeddable":true,"href":"https:\/\/unlimitedmuse.com\/de\/wp-json\/wp\/v2\/product_brand?post=5978"},{"taxonomy":"product_cat","embeddable":true,"href":"https:\/\/unlimitedmuse.com\/de\/wp-json\/wp\/v2\/product_cat?post=5978"},{"taxonomy":"product_tag","embeddable":true,"href":"https:\/\/unlimitedmuse.com\/de\/wp-json\/wp\/v2\/product_tag?post=5978"}],"curies":[{"name":"wp","href":"https:\/\/api.w.org\/{rel}","templated":true}]}}