{"id":5625,"date":"2014-06-26T01:18:37","date_gmt":"2014-06-26T00:18:37","guid":{"rendered":"https:\/\/unlimitedmuse.com\/?product=the-script-system-2-art-basel-uncensored-2"},"modified":"2024-06-04T00:05:25","modified_gmt":"2024-06-03T23:05:25","slug":"the-script-system-2","status":"publish","type":"product","link":"https:\/\/unlimitedmuse.com\/de\/shop\/the-script-system-2\/","title":{"rendered":"The Script System 2"},"content":{"rendered":"<h4 style=\"font-weight: inherit; color: #c5000a;\">The Script System 2 &#8211; Kunst Messen, ein Drehbuch \u00fcber die Macht der Zahlen, Art Basel, Schweiz (2014)<\/h4>\n<h4 style=\"font-weight: inherit; color: #c5000a;\">Performance von Milo Moir\u00e9<\/h4>\n<p>Dauer 2:34 min<\/p>\n<p>Milo Mor\u00e9\u2019s\u00a0Performance The Script System Art Basel fand\u00a0anl\u00e4sslich der wichtigsten Kunstmesse der Welt statt. Die K\u00fcnstlerin stellte das von Zahlen dominierte Script der Art Basel auf die Probe.<br \/>\nVon einem K\u00fcnstleratelier in Basel machte sie sich nur in Worte gekleidet\u00a0mit dem\u00a0Tram\u00a0auf den\u00a0Weg zur Kunstmesse. An den K\u00f6rperstellen\u00a0wo normalerweise\u00a0Kleidungsst\u00fccke getragen werden, standen stattdessen Worte wie \u201cBra\u201d, \u201cShirt\u201d, \u201cPanties\u201d oder \u201cJacket\u201d geschrieben. The Script System hatte Moir\u00e9\u00a0bereits im Jahre 2013 in der D\u00fcsseldorfer Strassenbahn durchgef\u00fchrt. Diesmal war ihr\u00a0Ziel\u00a0die international finanzkr\u00e4ftigste Kunstschau um sie auf ihre Experimentierfreudigkeit zu testen. Sie versuchte dort\u00a0Eintritt zu bekommen.<\/p>\n<p>Die Performance ist inspiriert von der\u00a0Script Theorie aus der Kognitionspsychologie. Jeder von uns kennt diese Scripts (z.B. Restaurant-Script: hinsetzen, bestellen, essen, zahlen, gehen). Scripts\u00a0sind immer wiederkehrende, stereotype Handlungsabfolgen, nach denen wir Tag f\u00fcr Tag funktionieren. Besonders fr\u00fch morgens auf dem Weg zur Arbeit ist unser Handeln\u00a0fast automatisch, meist ohne Bewusstsein f\u00fcr unsere Umwelt. Diese Alltagsblindheit wollte Moir\u00e9\u00a0durch ihre\u00a0Performance durchbrechen. Das Unsichtbare bzw. Unsichtbar gewordene wieder sichtbar machen. Durch ihre St\u00f6rung wollte sie\u00a0eine Spore f\u00fcr ein befreiendes Denken verbreiten.\u00a0Doch wieso w\u00e4hlte Moir\u00e9 hierf\u00fcr die Art Basel?<br \/>\nDie Performancek\u00fcnstlerin erkl\u00e4rt ihre Absicht folgendermassen: \u201cEs ist an der Zeit, dass der Kunstmarkt den berieselnden Event-Charakter zugunsten echter\u00a0Experimentierfreudigkeit ein St\u00fcck weit aufgibt. Das starre Korsett aus Zahlen und Machtgier macht die Kunst kurzatmig. Ich habe genau diese Bereitschaft\u00a0der Art Basel erprobt. Es war ein Versuch eine\u00a0Pore zu finden und zwar f\u00fcr einen lebendigen Austausch zwischen der k\u00fcnstlerischen Freiheit und der Institution f\u00fcr elit\u00e4ren Kommerz. Es geht mir um einen fruchtbaren Dialog zwischen gesellschaftlichem und kommerziellem Mehrwert von\u00a0Kunst. Selbst eine Art Basel\u00a0braucht die Eigenheit der Kunst, n\u00e4mlich spielerisch und leidenschaftlich-authentisch zu sein. Ohne diese Qualit\u00e4t verkauft selbst die renommierte Kunstmesse\u00a0nur Illusionen. Die Freiheit die Kunst charakterisiert hat nichts mit Kalkulierbarkeit zu tun.\u201d<\/p>\n<p>Milo Moir\u00e9 machte sich also auf den Weg um\u00a0einen\u00a0Dialog mit der Messe zu finden. Nur in Worte gekleidet umringt von Presseleuten stand sie schliesslich in der Schlange vor den Eingangst\u00fcren der Art Basel. Ein spontaner Moment, w\u00fcrde man sie\u00a0hinein lassen? Es tauchte eine Messesprecherin auf um ihr mitzuteilen, dass ihr leider kein Zugang gew\u00e4hrt wird. Die Aussteller wurden schliesslich in einem langwierigen Verfahren ausgesucht und h\u00e4tten viel Geld f\u00fcr ihre St\u00e4nde bezahlt.<\/p>\n<p>Nicht nur die Reaktionen der Fahrg\u00e4ste im Tram sondern auch der Art Basel f\u00fchren vor Augen, dass sich tief verankerte Scripts nicht lockern lassen. Die Art Basel untermauerte vielmehr ihre\u00a0hermetischen Strukturen.\u00a0Die\u00a0Script Theorie hatte sich best\u00e4tigt. Ob Individuum oder Institutionen niemand will seine\u00a0automatisierte Normalit\u00e4t in Frage stellen.<\/p>\n","protected":false},"excerpt":{"rendered":"<p>The Script System 2 &#8211; Kunst Messen, ein Drehbuch \u00fcber die Macht der Zahlen, Art Basel, Schweiz (2014) Performance von Milo Moir\u00e9 Dauer 2:34 min Milo Mor\u00e9\u2019s\u00a0Performance The Script System Art Basel fand\u00a0anl\u00e4sslich der wichtigsten Kunstmesse der Welt statt. Die K\u00fcnstlerin stellte das von Zahlen dominierte Script der Art Basel auf die Probe. Von einem [&hellip;]<\/p>\n","protected":false},"featured_media":5624,"comment_status":"open","ping_status":"closed","template":"","meta":{"_acf_changed":false,"_themeisle_gutenberg_block_has_review":false},"product_brand":[],"product_cat":[785],"product_tag":[796,792],"class_list":{"0":"post-5625","1":"product","2":"type-product","3":"status-publish","4":"has-post-thumbnail","6":"product_cat-milo-moire-videos-de","7":"product_tag-video-de","8":"product_tag-sofort-download","10":"first","11":"instock","12":"downloadable","13":"virtual","14":"sold-individually","15":"purchasable","16":"product-type-simple"},"acf":[],"_links":{"self":[{"href":"https:\/\/unlimitedmuse.com\/de\/wp-json\/wp\/v2\/product\/5625","targetHints":{"allow":["GET"]}}],"collection":[{"href":"https:\/\/unlimitedmuse.com\/de\/wp-json\/wp\/v2\/product"}],"about":[{"href":"https:\/\/unlimitedmuse.com\/de\/wp-json\/wp\/v2\/types\/product"}],"replies":[{"embeddable":true,"href":"https:\/\/unlimitedmuse.com\/de\/wp-json\/wp\/v2\/comments?post=5625"}],"wp:featuredmedia":[{"embeddable":true,"href":"https:\/\/unlimitedmuse.com\/de\/wp-json\/wp\/v2\/media\/5624"}],"wp:attachment":[{"href":"https:\/\/unlimitedmuse.com\/de\/wp-json\/wp\/v2\/media?parent=5625"}],"wp:term":[{"taxonomy":"product_brand","embeddable":true,"href":"https:\/\/unlimitedmuse.com\/de\/wp-json\/wp\/v2\/product_brand?post=5625"},{"taxonomy":"product_cat","embeddable":true,"href":"https:\/\/unlimitedmuse.com\/de\/wp-json\/wp\/v2\/product_cat?post=5625"},{"taxonomy":"product_tag","embeddable":true,"href":"https:\/\/unlimitedmuse.com\/de\/wp-json\/wp\/v2\/product_tag?post=5625"}],"curies":[{"name":"wp","href":"https:\/\/api.w.org\/{rel}","templated":true}]}}