{"id":5006,"date":"2014-06-08T14:13:42","date_gmt":"2014-06-08T13:13:42","guid":{"rendered":"https:\/\/unlimitedmuse.com\/?product=the-script-system-uncensored-2"},"modified":"2020-01-03T00:23:12","modified_gmt":"2020-01-02T22:23:12","slug":"the-script-system","status":"publish","type":"product","link":"https:\/\/unlimitedmuse.com\/de\/shop\/the-script-system\/","title":{"rendered":"The Script System"},"content":{"rendered":"<h4 style=\"font-weight: inherit; color: #c5000a;\">The Script System, Duesseldorf (2013)<\/h4>\n<h4 style=\"font-weight: inherit; color: #c5000a;\">Performance von Milo Moir\u00e9<\/h4>\n<p>Dauer 4:05 min<\/p>\n<p><strong>Der Alltag ist gepr\u00e4gt von menschlichen Automaten. Gelingt es stereotypes Handeln zu durchbrechen?<\/strong><\/p>\n<p>The Script System war Milo Moir\u00e9\u2019s erste artivistische Performance. Die Idee zum Konzept basiert auf der Skript Theorie der Kognitionspsychologen. Diese besagt, dass wir im Alltag immer wieder stereotype Handlungsabl\u00e4ufe machen ohne uns dessen bewusst zu sein. Uns allen ist z.B. das Restaurant Skript bekannt: Hinsetzen, bestellen, essen, zahlen und gehen. Wie menschliche Automaten funktionieren wir auch in der Strassenbahn, blind folgen wir unserem inneren Drehbuch ohne dabei unsere Umwelt wahrzunehmen. Genau dort beabsichtigte Moir\u00e9 das Skript der Menschen zu st\u00f6ren bzw. zu durchbrechen. Wie alle anderen Berufspendler fuhr sie also mit \u00f6ffentlichen Verkehrsmitteln in der Morgend\u00e4mmerung durch D\u00fcsseldorf. Mit einem Unterschied, statt Kleidung zu tragen hatte sie die Kleidungsst\u00fccke als Worte auf ihren nackten K\u00f6rper geschrieben.<\/p>\n<p>Der Tag f\u00fcr Tag gleiche Weg zur Arbeit mit der Stra\u00dfenbahn\u2026 Es ist fr\u00fch\u2026viel zu fr\u00fch\u00a0f\u00fcr Performancekunst!\u00a0Das halb-automatisierte Agieren nach verinnerlichtem Script\u2026 Einsteigen, durchgehen, Ticket entwerten, Platz einnehmen\u2026\u00a0Gest\u00f6rt durch eine vollkommen Nackte, mittendrin, gekleidet in Worte\u2026\u00a0Was wird passieren? Erstaunlicherweise\u2026nicht viel!<\/p>\n<p>Die eigene, radikale Nacktheit wird dabei zum Abwehrschild gegen das Stereotype und\u00a0macht die K\u00fcnstlerin paradoxerweise zur Unsichtbaren.\u00a0L\u00e4sst man atemberaubende Schutzlosigkeit zu, entsteht pl\u00f6tzlich ein protektiver, fast privater Raum\u2026selbst in einer Stra\u00dfenbahn.<\/p>\n<p><em>Gedicht<\/em><br \/>\n<em>The Script System von Milo Moir\u00e9:<\/em><br \/>\n<em>-Das vorgeschriebene Leben-<\/em><br \/>\n<em>Gehen in der Spur von anderen,<\/em><br \/>\n<em>die wiederum <\/em><br \/>\n<em>ihren Weg in anderen fanden.<\/em><br \/>\n<em>Den Anfang zu verstehen <\/em><br \/>\n<em>und den Mut haben <\/em><br \/>\n<em>sich ans Ende zu begeben.<\/em><br \/>\n<em>Mensch, Ich sein.<\/em><\/p>\n","protected":false},"excerpt":{"rendered":"<p>The Script System, Duesseldorf (2013) Performance von Milo Moir\u00e9 Dauer 4:05 min Der Alltag ist gepr\u00e4gt von menschlichen Automaten. Gelingt es stereotypes Handeln zu durchbrechen? The Script System war Milo Moir\u00e9\u2019s erste artivistische Performance. Die Idee zum Konzept basiert auf der Skript Theorie der Kognitionspsychologen. Diese besagt, dass wir im Alltag immer wieder stereotype Handlungsabl\u00e4ufe [&hellip;]<\/p>\n","protected":false},"featured_media":5007,"comment_status":"open","ping_status":"closed","template":"","meta":{"_acf_changed":false,"_themeisle_gutenberg_block_has_review":false},"product_brand":[],"product_cat":[785],"product_tag":[792,796],"class_list":{"0":"post-5006","1":"product","2":"type-product","3":"status-publish","4":"has-post-thumbnail","6":"product_cat-milo-moire-videos-de","7":"product_tag-sofort-download","8":"product_tag-video-de","10":"first","11":"instock","12":"featured","13":"downloadable","14":"virtual","15":"sold-individually","16":"purchasable","17":"product-type-simple"},"acf":[],"_links":{"self":[{"href":"https:\/\/unlimitedmuse.com\/de\/wp-json\/wp\/v2\/product\/5006","targetHints":{"allow":["GET"]}}],"collection":[{"href":"https:\/\/unlimitedmuse.com\/de\/wp-json\/wp\/v2\/product"}],"about":[{"href":"https:\/\/unlimitedmuse.com\/de\/wp-json\/wp\/v2\/types\/product"}],"replies":[{"embeddable":true,"href":"https:\/\/unlimitedmuse.com\/de\/wp-json\/wp\/v2\/comments?post=5006"}],"wp:featuredmedia":[{"embeddable":true,"href":"https:\/\/unlimitedmuse.com\/de\/wp-json\/wp\/v2\/media\/5007"}],"wp:attachment":[{"href":"https:\/\/unlimitedmuse.com\/de\/wp-json\/wp\/v2\/media?parent=5006"}],"wp:term":[{"taxonomy":"product_brand","embeddable":true,"href":"https:\/\/unlimitedmuse.com\/de\/wp-json\/wp\/v2\/product_brand?post=5006"},{"taxonomy":"product_cat","embeddable":true,"href":"https:\/\/unlimitedmuse.com\/de\/wp-json\/wp\/v2\/product_cat?post=5006"},{"taxonomy":"product_tag","embeddable":true,"href":"https:\/\/unlimitedmuse.com\/de\/wp-json\/wp\/v2\/product_tag?post=5006"}],"curies":[{"name":"wp","href":"https:\/\/api.w.org\/{rel}","templated":true}]}}