{"id":5004,"date":"2014-06-08T14:16:55","date_gmt":"2014-06-08T13:16:55","guid":{"rendered":"https:\/\/unlimitedmuse.com\/?product=the-plopegg-painting-performance-a-birth-of-a-picture-1-uncensored"},"modified":"2023-10-22T17:49:53","modified_gmt":"2023-10-22T15:49:53","slug":"plopegg-art-cologne-die-geburt-eines-bildes","status":"publish","type":"product","link":"https:\/\/unlimitedmuse.com\/de\/shop\/plopegg-art-cologne-die-geburt-eines-bildes\/","title":{"rendered":"Plopegg Art Cologne &#8211; Die Geburt eines Bildes"},"content":{"rendered":"<h4 style=\"font-weight: inherit; color: #c5000a;\">Die PlopEgg Painting Performance \u2013 Die Geburt eines Bildes, Art Cologne, Deutschland (2014)<\/h4>\n<h4 style=\"font-weight: inherit; color: #c5000a;\">Performance von Milo Moir\u00e9<\/h4>\n<p>Dauer 3:02 min<\/p>\n<p><strong style=\"font-style: inherit;\">\u201eWas bedeutet es, ein Werk k\u00f6rperlich zu erschaffen, gar zu geb\u00e4ren, in seiner urspr\u00fcnglichsten Form?\u201c<\/strong><\/p>\n<p>In einem einj\u00e4hrigen Prozess entstand das Konzept zur \u201eThe PlopEgg- Painting Performance\u201c. Aus Alltagserfahrungen wie dem Sitzen auf einem Frauenarztstuhl, der Farbigkeit der Menstruation, dem monatlichen Verlust einer Eizelle und dem Sch\u00f6pfungsmoment vor der Tabula Rasa, hat Milo Moir\u00e9 im wahrsten Sinne des Wortes ein Bild geboren. Ausschlaggebend\u00a0waren Schl\u00fcsselsymbole wie der \u201cMutterschoss\u201d und die Urform des Ei\u2019s\u00a0.<\/p>\n<p>Eine aufrecht stehende Nackte auf einer Empore\u2026Ein mit Tinte und Acryl gef\u00fclltes Ei\u2026Eine pr\u00e4parierte Leinwand\u2026<br \/>\nWas die Zuschauer erwartet, ist die komprimierte Geburt eines Kunstwerkes. M\u00fchevoll verl\u00e4sst das Ei den Geburtskanal der K\u00fcnstlerin und zerschellt auf der Leinwand, rote Farbe flie\u00dft raus. Das n\u00e4chste Ei birgt eine andere Farbe und so entsteht nach und nach, begleitet nur von lauten \u201ePlops\u201c, ein abstraktes Werk \u2013 archaisch, unkontrollierbar und intuitiv. Am Schluss der fast meditativen Art-Birth-Performance wird die befleckte Leinwand zusammengeklappt, glatt gestrichen und auseinander gefaltet zu einem symmetrisch gespiegelten Bild von \u00fcberraschender Farbgebung und kraftvoller weil universeller Symbolik.<br \/>\nDas unmittelbar aus der Vagina entstandene Bild setzt augenblicklich Gedankenketten frei \u2013 \u00fcber die Sch\u00f6pfungsangst, die symbolische Kraft des Beil\u00e4ufigen und die kreative Macht der Weiblichkeit.<\/p>\n<p><strong style=\"font-style: inherit;\">Plopegg Art Cologne<\/strong><\/p>\n<p>Milo Moir\u00e9 er\u00f6ffnet ihre Performance Reihe \u201eThe PlopEgg Painting Performance Nr. 1 \u2013 A Birth of a Picture\u201c auf der renommierten Kunstmesse Art Cologne \u2013 einem Ort, an dem sich die Kunst auf den Flirt mit gro\u00dfen Zahlen einl\u00e4sst. Das Hashtag 1 steht f\u00fcr das erste Art-Birth-Picture, das vor den Augen der Zuschauer auf einer wie ein Pressespiegel aufbereiteten Leinwand entstehen wird. Weitere Performances sollen weltweit auf verschiedenen Kunstmessen folgen.<br \/>\nIm Kontext von Kunst (Performance), Kommerz (Art Fair) und Meinungsschaffung (Media) geschieht so ein vors\u00e4tzlich-zuf\u00e4lliger Sch\u00f6pfungsakt, der ambivalente Deutungen provoziert.<\/p>\n","protected":false},"excerpt":{"rendered":"<p>Die PlopEgg Painting Performance \u2013 Die Geburt eines Bildes, Art Cologne, Deutschland (2014) Performance von Milo Moir\u00e9 Dauer 3:02 min \u201eWas bedeutet es, ein Werk k\u00f6rperlich zu erschaffen, gar zu geb\u00e4ren, in seiner urspr\u00fcnglichsten Form?\u201c In einem einj\u00e4hrigen Prozess entstand das Konzept zur \u201eThe PlopEgg- Painting Performance\u201c. Aus Alltagserfahrungen wie dem Sitzen auf einem Frauenarztstuhl, [&hellip;]<\/p>\n","protected":false},"featured_media":5005,"comment_status":"open","ping_status":"closed","template":"","meta":{"_acf_changed":false,"_themeisle_gutenberg_block_has_review":false},"product_brand":[],"product_cat":[785],"product_tag":[792],"class_list":{"0":"post-5004","1":"product","2":"type-product","3":"status-publish","4":"has-post-thumbnail","6":"product_cat-milo-moire-videos-de","7":"product_tag-sofort-download","9":"first","10":"instock","11":"featured","12":"downloadable","13":"virtual","14":"sold-individually","15":"purchasable","16":"product-type-simple"},"acf":[],"_links":{"self":[{"href":"https:\/\/unlimitedmuse.com\/de\/wp-json\/wp\/v2\/product\/5004","targetHints":{"allow":["GET"]}}],"collection":[{"href":"https:\/\/unlimitedmuse.com\/de\/wp-json\/wp\/v2\/product"}],"about":[{"href":"https:\/\/unlimitedmuse.com\/de\/wp-json\/wp\/v2\/types\/product"}],"replies":[{"embeddable":true,"href":"https:\/\/unlimitedmuse.com\/de\/wp-json\/wp\/v2\/comments?post=5004"}],"wp:featuredmedia":[{"embeddable":true,"href":"https:\/\/unlimitedmuse.com\/de\/wp-json\/wp\/v2\/media\/5005"}],"wp:attachment":[{"href":"https:\/\/unlimitedmuse.com\/de\/wp-json\/wp\/v2\/media?parent=5004"}],"wp:term":[{"taxonomy":"product_brand","embeddable":true,"href":"https:\/\/unlimitedmuse.com\/de\/wp-json\/wp\/v2\/product_brand?post=5004"},{"taxonomy":"product_cat","embeddable":true,"href":"https:\/\/unlimitedmuse.com\/de\/wp-json\/wp\/v2\/product_cat?post=5004"},{"taxonomy":"product_tag","embeddable":true,"href":"https:\/\/unlimitedmuse.com\/de\/wp-json\/wp\/v2\/product_tag?post=5004"}],"curies":[{"name":"wp","href":"https:\/\/api.w.org\/{rel}","templated":true}]}}