{"id":42438,"date":"2019-03-22T17:41:49","date_gmt":"2019-03-22T16:41:49","guid":{"rendered":"https:\/\/unlimitedmuse.com\/?post_type=product&#038;p=42438"},"modified":"2023-05-25T10:39:15","modified_gmt":"2023-05-25T08:39:15","slug":"ceci-nest-pas-une-femme-nue-im-kunstmuseum-rijeka","status":"publish","type":"product","link":"https:\/\/unlimitedmuse.com\/de\/shop\/ceci-nest-pas-une-femme-nue-im-kunstmuseum-rijeka\/","title":{"rendered":"Ceci n\u2019est pas une femme nue im Kunstmuseum Rijeka"},"content":{"rendered":"<h4 style=\"font-weight: inherit; color: #c5000a;\">Ceci N\u2019est Pas Une Femme Nue im Museum f\u00fcr Moderne und Zeitgen\u00f6ssische Kunst in Rijeka, Kroatien (2017)<\/h4>\n<h4 style=\"font-weight: inherit; color: #c5000a;\">Performance von Milo Moir\u00e9<\/h4>\n<p>Dauer: 20:43 min<\/p>\n<p>Die K\u00fcnstlerin Milo Moir\u00e9 er\u00f6ffnente mit ihrer Performance &#8222;Ceci n&#8217;est pas une femme nue&#8220; das neue Museum f\u00fcr moderne und zeitgen\u00f6ssische Kunst in Rijeka, Kroatien. Milo Moir\u00e9&#8217;s performatives Werk wurde zusammen w\u00e4hrend der grossen Retrospektive der kroatischen Performance Ikone Tomislav Gotovac ausgestellt.<br \/>\nBegleitet von hunderten von Museumsbesuchern lief die K\u00fcnstlerin w\u00e4hrend 30 Minuten vom alten Museum quer durch die Innenstadt zum neuen Museumsgeb\u00e4ude. Dabei trug sie eine VR Brille mit der sie ihre Perfomance live auf Facebook streamte. Die User konnten sozusagen ihrem digitalen Blick folgen. Auf ihrem nackten K\u00f6rper stand auf dem R\u00fccken- und Brustbereich der Satz &#8222;Ceci n&#8217;est pas une femme nue&#8220; geschrieben. Ihr Po und Schambereich war mit einem Bin\u00e4rcode f\u00fcr das Wort &#8222;Digitized&#8220; (\u201eDigitalisiert) beschriftet.<\/p>\n","protected":false},"excerpt":{"rendered":"<p>Ceci N\u2019est Pas Une Femme Nue im Museum f\u00fcr Moderne und Zeitgen\u00f6ssische Kunst in Rijeka, Kroatien (2017) Performance von Milo Moir\u00e9 Dauer: 20:43 min Die K\u00fcnstlerin Milo Moir\u00e9 er\u00f6ffnente mit ihrer Performance &#8222;Ceci n&#8217;est pas une femme nue&#8220; das neue Museum f\u00fcr moderne und zeitgen\u00f6ssische Kunst in Rijeka, Kroatien. Milo Moir\u00e9&#8217;s performatives Werk wurde zusammen [&hellip;]<\/p>\n","protected":false},"featured_media":42448,"comment_status":"open","ping_status":"closed","template":"","meta":{"_acf_changed":false,"_themeisle_gutenberg_block_has_review":false},"product_brand":[],"product_cat":[785],"product_tag":[],"class_list":{"0":"post-42438","1":"product","2":"type-product","3":"status-publish","4":"has-post-thumbnail","6":"product_cat-milo-moire-videos-de","8":"first","9":"instock","10":"downloadable","11":"virtual","12":"sold-individually","13":"purchasable","14":"product-type-simple"},"acf":[],"_links":{"self":[{"href":"https:\/\/unlimitedmuse.com\/de\/wp-json\/wp\/v2\/product\/42438","targetHints":{"allow":["GET"]}}],"collection":[{"href":"https:\/\/unlimitedmuse.com\/de\/wp-json\/wp\/v2\/product"}],"about":[{"href":"https:\/\/unlimitedmuse.com\/de\/wp-json\/wp\/v2\/types\/product"}],"replies":[{"embeddable":true,"href":"https:\/\/unlimitedmuse.com\/de\/wp-json\/wp\/v2\/comments?post=42438"}],"wp:featuredmedia":[{"embeddable":true,"href":"https:\/\/unlimitedmuse.com\/de\/wp-json\/wp\/v2\/media\/42448"}],"wp:attachment":[{"href":"https:\/\/unlimitedmuse.com\/de\/wp-json\/wp\/v2\/media?parent=42438"}],"wp:term":[{"taxonomy":"product_brand","embeddable":true,"href":"https:\/\/unlimitedmuse.com\/de\/wp-json\/wp\/v2\/product_brand?post=42438"},{"taxonomy":"product_cat","embeddable":true,"href":"https:\/\/unlimitedmuse.com\/de\/wp-json\/wp\/v2\/product_cat?post=42438"},{"taxonomy":"product_tag","embeddable":true,"href":"https:\/\/unlimitedmuse.com\/de\/wp-json\/wp\/v2\/product_tag?post=42438"}],"curies":[{"name":"wp","href":"https:\/\/api.w.org\/{rel}","templated":true}]}}