{"id":40091,"date":"2019-02-18T15:49:55","date_gmt":"2019-02-18T14:49:55","guid":{"rendered":"https:\/\/unlimitedmuse.com\/?post_type=product&#038;p=40091"},"modified":"2024-09-09T11:08:43","modified_gmt":"2024-09-09T10:08:43","slug":"ist-das-kunst-oder-kann-das-weg","status":"publish","type":"product","link":"https:\/\/unlimitedmuse.com\/de\/shop\/ist-das-kunst-oder-kann-das-weg\/","title":{"rendered":"Ist das Kunst oder kann das weg"},"content":{"rendered":"<h4 style=\"font-weight: inherit; color: #c5000a;\">Ist das Kunst oder kann das weg? Kunstakademie Duesseldorf, Deutschland (2019)<\/h4>\n<h4 style=\"font-weight: inherit; color: #c5000a;\">Performance von Milo Moir\u00e9<\/h4>\n<p>Dauer: 12:42 min<\/p>\n<p>Die Performance ist inspiriert von der Kunstinstallation &#8222;Fettecke&#8220; (1983) von Joseph Beuys im Raum 3 der Kunstakademie D\u00fcsseldorf. Es handelte sich dabei um eine damals kontrovers diskutierte Anordnung aus Buttermasse in seinem Atelier. Nach Beuys Tod wurde die &#8222;Fettecke&#8220; im Jahre 1986 vom damaligen Hausmeister entfernt. Ein Skandal, der dieses Werk zu einer der bekanntesten Arbeiten des K\u00fcnstlers machte. Seitdem kursiert der Spruch in aller Munde, ob heimlich fl\u00fcsternd oder als direkte Entgegnung in Anbetracht der Ambiguit\u00e4t eines fragw\u00fcrdigen Kunstwerkes: &#8222;Ist das Kunst oder kann das weg&#8220;.<br \/>\nMit dem ber\u00fcchtigten Satz auf dem nackten K\u00f6rper &#8222;Ist das Kunst oder kann das weg&#8220; besucht Milo Moir\u00e9 den Rundgang 2019 der Kunstakademie D\u00fcsseldorf. In den so genannten heiligen Hallen pr\u00e4sentieren die Studenten w\u00e4hrend vier Tagen ihre Arbeiten der breiten \u00d6ffentlichkeit.<br \/>\nMit der Performance verk\u00f6rpert Milo Moir\u00e9 mit Selbstironie das grundlegende Missverst\u00e4ndnis des K\u00fcnstlers. Nicht Antworten sondern Fragen sch\u00e4rfen die Neubetrachtung, so die K\u00fcnstlerin. Sie w\u00fcrdigt damit alle Kunstwerke die nicht als solches erkannt, verh\u00f6hnt, missbilligt oder gar zerst\u00f6rt wurden.<\/p>\n","protected":false},"excerpt":{"rendered":"<p>Ist das Kunst oder kann das weg? Kunstakademie Duesseldorf, Deutschland (2019) Performance von Milo Moir\u00e9 Dauer: 12:42 min Die Performance ist inspiriert von der Kunstinstallation &#8222;Fettecke&#8220; (1983) von Joseph Beuys im Raum 3 der Kunstakademie D\u00fcsseldorf. Es handelte sich dabei um eine damals kontrovers diskutierte Anordnung aus Buttermasse in seinem Atelier. Nach Beuys Tod wurde [&hellip;]<\/p>\n","protected":false},"featured_media":86810,"comment_status":"open","ping_status":"closed","template":"","meta":{"_acf_changed":false,"_themeisle_gutenberg_block_has_review":false},"product_brand":[],"product_cat":[785],"product_tag":[],"class_list":{"0":"post-40091","1":"product","2":"type-product","3":"status-publish","4":"has-post-thumbnail","6":"product_cat-milo-moire-videos-de","8":"first","9":"instock","10":"downloadable","11":"virtual","12":"sold-individually","13":"purchasable","14":"product-type-simple"},"acf":[],"_links":{"self":[{"href":"https:\/\/unlimitedmuse.com\/de\/wp-json\/wp\/v2\/product\/40091","targetHints":{"allow":["GET"]}}],"collection":[{"href":"https:\/\/unlimitedmuse.com\/de\/wp-json\/wp\/v2\/product"}],"about":[{"href":"https:\/\/unlimitedmuse.com\/de\/wp-json\/wp\/v2\/types\/product"}],"replies":[{"embeddable":true,"href":"https:\/\/unlimitedmuse.com\/de\/wp-json\/wp\/v2\/comments?post=40091"}],"wp:featuredmedia":[{"embeddable":true,"href":"https:\/\/unlimitedmuse.com\/de\/wp-json\/wp\/v2\/media\/86810"}],"wp:attachment":[{"href":"https:\/\/unlimitedmuse.com\/de\/wp-json\/wp\/v2\/media?parent=40091"}],"wp:term":[{"taxonomy":"product_brand","embeddable":true,"href":"https:\/\/unlimitedmuse.com\/de\/wp-json\/wp\/v2\/product_brand?post=40091"},{"taxonomy":"product_cat","embeddable":true,"href":"https:\/\/unlimitedmuse.com\/de\/wp-json\/wp\/v2\/product_cat?post=40091"},{"taxonomy":"product_tag","embeddable":true,"href":"https:\/\/unlimitedmuse.com\/de\/wp-json\/wp\/v2\/product_tag?post=40091"}],"curies":[{"name":"wp","href":"https:\/\/api.w.org\/{rel}","templated":true}]}}