{"id":33244,"date":"2018-12-11T12:24:24","date_gmt":"2018-12-11T10:24:24","guid":{"rendered":"https:\/\/unlimitedmuse.com\/?post_type=product&#038;p=33244"},"modified":"2023-02-15T11:39:13","modified_gmt":"2023-02-15T09:39:13","slug":"akt-kalender-hotel-moire-2018-copy","status":"publish","type":"product","link":"https:\/\/unlimitedmuse.com\/de\/shop\/akt-kalender-hotel-moire-2018-copy\/","title":{"rendered":"Akt Kalender LIBERTINE 2019"},"content":{"rendered":"<p><b class=\"\">LIBERTINE \u2013 Lebe deinen Freigeist!<\/b><\/p>\n<div class=\"\"><br class=\"\" \/>LIBERTINE ist ein k\u00fcnstlerischer Aktkalender (2019) mit Milo Moir\u00e9 fotografiert von Starfotograf Peter Palm.\u00a0<br class=\"\" \/>Wild, instinktiv, frech und nackt, das ist LIBERTINE! Die K\u00fcnstlerin Milo Moir\u00e9 verk\u00f6rpert im neuen Kalender ihre ungez\u00e4hmte Natur. Dabei ragt sie wie heroische Freiheitsstatuen aus Fleisch und Blut empor. Egal ob als\u00a0Indianerin, Hippie, Wildling oder einfach pur, sie verzaubert zw\u00f6lffach durch ihre selbstbewusste St\u00e4rke und weibliche Anmut.\u00a0<br class=\"\" \/>Der bildgewaltige Kalender des Fotografen Peter Palm verbindet starke Posen mit faszinierenden Landschaftsaufnahmen und moderner Urbanit\u00e4t. Es sind nicht nur Abbilder einer wundersch\u00f6nen weiblichen Silhouette.\u00a0Dar\u00fcberhinaus verf\u00fchren die Motive Monat f\u00fcr Monat dazu im neuen Jahr den eigenen Freigeist zu leben.\u00a0<br class=\"\" \/>Die Aufnahmen entstanden in S\u00fcdafrika, auf den Kanaren und in Deutschland.<\/div>\n","protected":false},"excerpt":{"rendered":"<div class=\"\">Der Kalender ist auf 1000 St\u00fcck weltweit limitiert. Jedes Exemplar ist von Milo Moir\u00e9 pers\u00f6nlich handsigniert.<\/div>\n<div class=\"\"><\/div>\n<div class=\"\">\n<div class=\"\">Format:\u00a048 cm x 34 cm<br class=\"\" \/>Hochwertiger Druck 4-farbig, Spiralbindung und dezentes Kalendarium.<\/div>\n<\/div>\n","protected":false},"featured_media":33246,"comment_status":"open","ping_status":"closed","template":"","meta":{"_acf_changed":false,"_themeisle_gutenberg_block_has_review":false},"product_brand":[],"product_cat":[787,787],"product_tag":[],"class_list":{"0":"post-33244","1":"product","2":"type-product","3":"status-publish","4":"has-post-thumbnail","6":"product_cat-peter-palm-editionen","9":"first","10":"instock","11":"featured","12":"taxable","13":"shipping-taxable","14":"product-type-external"},"acf":[],"_links":{"self":[{"href":"https:\/\/unlimitedmuse.com\/de\/wp-json\/wp\/v2\/product\/33244","targetHints":{"allow":["GET"]}}],"collection":[{"href":"https:\/\/unlimitedmuse.com\/de\/wp-json\/wp\/v2\/product"}],"about":[{"href":"https:\/\/unlimitedmuse.com\/de\/wp-json\/wp\/v2\/types\/product"}],"replies":[{"embeddable":true,"href":"https:\/\/unlimitedmuse.com\/de\/wp-json\/wp\/v2\/comments?post=33244"}],"wp:featuredmedia":[{"embeddable":true,"href":"https:\/\/unlimitedmuse.com\/de\/wp-json\/wp\/v2\/media\/33246"}],"wp:attachment":[{"href":"https:\/\/unlimitedmuse.com\/de\/wp-json\/wp\/v2\/media?parent=33244"}],"wp:term":[{"taxonomy":"product_brand","embeddable":true,"href":"https:\/\/unlimitedmuse.com\/de\/wp-json\/wp\/v2\/product_brand?post=33244"},{"taxonomy":"product_cat","embeddable":true,"href":"https:\/\/unlimitedmuse.com\/de\/wp-json\/wp\/v2\/product_cat?post=33244"},{"taxonomy":"product_tag","embeddable":true,"href":"https:\/\/unlimitedmuse.com\/de\/wp-json\/wp\/v2\/product_tag?post=33244"}],"curies":[{"name":"wp","href":"https:\/\/api.w.org\/{rel}","templated":true}]}}