{"id":15573,"date":"2016-12-15T16:26:46","date_gmt":"2016-12-15T14:26:46","guid":{"rendered":"https:\/\/unlimitedmuse.com\/shop\/unkategorisiert\/aktkalender-solaris-2017-aktkalender-mit-milo-moire\/"},"modified":"2023-02-15T11:48:23","modified_gmt":"2023-02-15T09:48:23","slug":"aktkalender-solaris-2017-mit-milo-moire","status":"publish","type":"product","link":"https:\/\/unlimitedmuse.com\/de\/shop\/aktkalender-solaris-2017-mit-milo-moire\/","title":{"rendered":"Aktkalender SOLARIS 2017"},"content":{"rendered":"<p>Diesmal steht der Kalender von Starfotograf Peter Palm und seiner Muse, der K\u00fcnstlerin Milo Moir\u00e9, ganz unter dem Stern &#8222;Solaris&#8220;, was im Lateinischen so viel bedeutet wie\u00a0\u201eder Sonne zugeh\u00f6rig\u201c. Solaris ist der vertikale Blick des Sonnenreichs weiblicher Selbstgewissheit. In dieser engen Begrenzung des hochkantigen Bildschnittes dr\u00e4ngt die Verlaufsdynamik des Oben und des Unten deutlich hervor.<\/p>\n<p>Eine Frau deren sonnengleiche Unnahbarkeit mit Anziehungskraft auf die Sinnesbed\u00fcrftigen herunter strahlt. Ihre unverh\u00fcllte Anmut ist ein verl\u00e4sslicher Kernfusionsreaktor f\u00fcr die menschliche Begierde. Es ist ein kanalisiertes Emporsteigen der Unterwerfung angesichts dieser selbstbewussten Form von Weiblichkeit. Wie die Sonne das Ganze, fast unendliche Weltall erleuchtet, so erstrahlt der weibliche Akt das Irdische. Der unerl\u00e4sslichste Himmelsk\u00f6rper im sinnlichen Kosmos der Kunst.<\/p>\n<p>Deckblatt plus 12 Monatsbl\u00e4tter<br \/>\nR\u00fcckwand: stabile Spiralbindung in Silber mit Schlaufe f\u00fcr Aufh\u00e4ngung<br \/>\nFormat: 29&#215;46 cm\/11&#215;18 inches<br \/>\nAuflage: 1.000 St\u00fcck<br \/>\nDruck: hochwertig in Farbe und Schwarz-Weiss<br \/>\nPapier: 200g\/m2 MultiartSilk<br \/>\nVerpackung: massgefertigt, Folie und Karton<\/p>\n","protected":false},"excerpt":{"rendered":"<p>Wandkalender 29&#215;46 cm\/11&#215;18 inches, 12 Motive, Spiralbindung<\/p>\n<p>fotografiert von Starfotograf Peter Palm<br \/>\nHandsigniert von Milo Moir\u00e9<\/p>\n<p>&nbsp;<\/p>\n<p>&nbsp;<\/p>\n<p>&nbsp;<\/p>\n<p><span style=\"font-size: 14.4px;\">\u00a0<\/span><\/p>\n","protected":false},"featured_media":15780,"comment_status":"open","ping_status":"closed","template":"","meta":{"_acf_changed":false,"_themeisle_gutenberg_block_has_review":false},"product_brand":[],"product_cat":[787,787],"product_tag":[],"class_list":{"0":"post-15573","1":"product","2":"type-product","3":"status-publish","4":"has-post-thumbnail","6":"product_cat-peter-palm-editionen","9":"first","10":"instock","11":"featured","12":"taxable","13":"shipping-taxable","14":"product-type-external"},"acf":[],"_links":{"self":[{"href":"https:\/\/unlimitedmuse.com\/de\/wp-json\/wp\/v2\/product\/15573","targetHints":{"allow":["GET"]}}],"collection":[{"href":"https:\/\/unlimitedmuse.com\/de\/wp-json\/wp\/v2\/product"}],"about":[{"href":"https:\/\/unlimitedmuse.com\/de\/wp-json\/wp\/v2\/types\/product"}],"replies":[{"embeddable":true,"href":"https:\/\/unlimitedmuse.com\/de\/wp-json\/wp\/v2\/comments?post=15573"}],"wp:featuredmedia":[{"embeddable":true,"href":"https:\/\/unlimitedmuse.com\/de\/wp-json\/wp\/v2\/media\/15780"}],"wp:attachment":[{"href":"https:\/\/unlimitedmuse.com\/de\/wp-json\/wp\/v2\/media?parent=15573"}],"wp:term":[{"taxonomy":"product_brand","embeddable":true,"href":"https:\/\/unlimitedmuse.com\/de\/wp-json\/wp\/v2\/product_brand?post=15573"},{"taxonomy":"product_cat","embeddable":true,"href":"https:\/\/unlimitedmuse.com\/de\/wp-json\/wp\/v2\/product_cat?post=15573"},{"taxonomy":"product_tag","embeddable":true,"href":"https:\/\/unlimitedmuse.com\/de\/wp-json\/wp\/v2\/product_tag?post=15573"}],"curies":[{"name":"wp","href":"https:\/\/api.w.org\/{rel}","templated":true}]}}