{"id":11403,"date":"2016-06-17T18:45:49","date_gmt":"2016-06-17T17:45:49","guid":{"rendered":"https:\/\/unlimitedmuse.com\/shop\/uncategorized\/mirror-box-uncensored-milo-moire\/"},"modified":"2024-02-14T05:11:03","modified_gmt":"2024-02-14T04:11:03","slug":"mirror-box","status":"publish","type":"product","link":"https:\/\/unlimitedmuse.com\/de\/shop\/mirror-box\/","title":{"rendered":"Mirror Box"},"content":{"rendered":"<h4 style=\"font-weight: inherit; color: #c5000a;\">MIRROR BOX,\u00a0Duesseldorf\/Amsterdam\/London (2017)<\/h4>\n<h4 style=\"font-weight: inherit; color: #c5000a;\">Performance von Milo Moir\u00e9<\/h4>\n<p>Dauer: 4:42 min<\/p>\n<div style=\"color: #323333;\">Was passiert wenn eine Frau ihre Sexualit\u00e4t \u00f6ffentlich zur Schau stellt, mit Bestimmtheit die Initiative ergreift und dabei klare Regeln f\u00fcr den intimen Austausch vorgibt?<\/div>\n<div style=\"color: #323333;\">Performancek\u00fcnstlerin Milo Moir\u00e9 tr\u00e4gt einen trapezf\u00f6rmigen Rock aus Spiegelfl\u00e4chen, vorne ist eine viereckige \u00d6ffnung verschlossen durch einen roten Vorhang. Durch ein Megaphon l\u00e4dt sie Passanten ein f\u00fcr 30 Sekunden in die \u00d6ffnung zu greifen um ihre Vagina zu ber\u00fchren. \u201eIch stehe heute hier f\u00fcr die Rechte der Frau und die sexuelle Selbstbestimmung. Frauen haben eine Sexualit\u00e4t wie auch M\u00e4nner eine haben. Doch Frauen entscheiden selbst, wann und wie sie angefasst werden wollen und wann nicht\u201c, verlautet die K\u00fcnstlerin.<\/div>\n<div style=\"color: #323333;\"><\/div>\n<div style=\"color: #323333;\">Die Einvernehmlichkeit sexueller Handlungen wird hier zum Symbol. \u00dcberdies nimmt sich Moir\u00e9 das Recht heraus die weibliche Lust zu zeigen und damit Frauen eine sexuelle Stimme zu geben. Das vorherrschende Bild des weiblichen K\u00f6rper als Spiegel m\u00e4nnlicher Lust erg\u00e4nzt die K\u00fcnstlerin durch die Illumination der libidin\u00f6sen Black-Box der Frau.<\/div>\n<div style=\"color: #323333;\">Unweigerlich wird nicht nur das eigene Selbst durch die Mirror-Box erkenntlich. Zugleich werden die Reflexionen der Zuschauer auf der verspiegelten Box zum Sinnbild f\u00fcr den Rollentausch vom Voyeur zum Beobachteten. Ein st\u00e4ndiges Umkehrspiel analog unserer Rolle in der digitalen Welt.<\/div>\n<div style=\"color: #323333;\"><\/div>\n<div style=\"color: #323333;\">Milo Moir\u00e9\u2019s Performance \u201cMirror-Box\u201c kann als eine Weiterentwicklung des Tapp- und Tastkinos (1968) von VALIE EXPORT gesehen werden. Die K\u00fcnstlerin Milo Moir\u00e9 distanziert sich allerdings von der alten Thematik und zielt auf die moderne Selbstbestimmung und progressive Sexualit\u00e4t der Frau ab. Moir\u00e9 setzt ihren K\u00f6rper als Instrument, gar als Waffe ein um aktuelle Machtstrukturen darzustellen und aufzubrechen. Offensiv sucht sie nach dem weiblichen Ausdruck sexueller Selbstbestimmung und lotet die Grenzen der Kunst und der b\u00fcrgerlichen Moral aus.<\/div>\n","protected":false},"excerpt":{"rendered":"<p style=\"color: #000000;\">Lizenz nur f\u00fcr den privaten Gebrauch<\/p>\n<p>&nbsp;<\/p>\n<h4 style=\"font-weight: inherit; color: #c5000a;\"><\/h4>\n","protected":false},"featured_media":11402,"comment_status":"open","ping_status":"closed","template":"","meta":{"_acf_changed":false,"_themeisle_gutenberg_block_has_review":false},"product_brand":[],"product_cat":[785],"product_tag":[792,796],"class_list":{"0":"post-11403","1":"product","2":"type-product","3":"status-publish","4":"has-post-thumbnail","6":"product_cat-milo-moire-videos-de","7":"product_tag-sofort-download","8":"product_tag-video-de","10":"first","11":"instock","12":"downloadable","13":"virtual","14":"sold-individually","15":"purchasable","16":"product-type-simple"},"acf":[],"_links":{"self":[{"href":"https:\/\/unlimitedmuse.com\/de\/wp-json\/wp\/v2\/product\/11403","targetHints":{"allow":["GET"]}}],"collection":[{"href":"https:\/\/unlimitedmuse.com\/de\/wp-json\/wp\/v2\/product"}],"about":[{"href":"https:\/\/unlimitedmuse.com\/de\/wp-json\/wp\/v2\/types\/product"}],"replies":[{"embeddable":true,"href":"https:\/\/unlimitedmuse.com\/de\/wp-json\/wp\/v2\/comments?post=11403"}],"wp:featuredmedia":[{"embeddable":true,"href":"https:\/\/unlimitedmuse.com\/de\/wp-json\/wp\/v2\/media\/11402"}],"wp:attachment":[{"href":"https:\/\/unlimitedmuse.com\/de\/wp-json\/wp\/v2\/media?parent=11403"}],"wp:term":[{"taxonomy":"product_brand","embeddable":true,"href":"https:\/\/unlimitedmuse.com\/de\/wp-json\/wp\/v2\/product_brand?post=11403"},{"taxonomy":"product_cat","embeddable":true,"href":"https:\/\/unlimitedmuse.com\/de\/wp-json\/wp\/v2\/product_cat?post=11403"},{"taxonomy":"product_tag","embeddable":true,"href":"https:\/\/unlimitedmuse.com\/de\/wp-json\/wp\/v2\/product_tag?post=11403"}],"curies":[{"name":"wp","href":"https:\/\/api.w.org\/{rel}","templated":true}]}}