{"id":64485,"date":"2014-06-14T13:42:22","date_gmt":"2014-06-14T12:42:22","guid":{"rendered":"https:\/\/unlimitedmuse.com\/ueber-uns\/"},"modified":"2023-11-14T18:35:55","modified_gmt":"2023-11-14T16:35:55","slug":"ueber-uns","status":"publish","type":"page","link":"https:\/\/unlimitedmuse.com\/de\/ueber-uns\/","title":{"rendered":"\u00dcber Uns"},"content":{"rendered":"<p><span style=\"font-family: arial, helvetica, sans-serif;\"><b>M U S E N<\/b><\/span><\/p>\n<p><span style=\"font-family: arial, helvetica, sans-serif;\">Eine MUSE ist eine der neun griechischen G\u00f6ttinnen der K\u00fcnste, die dich in vielfacher Hinsicht inspiriert und dich zum Tr\u00e4umen bringt.<\/span><\/p>\n<p><span style=\"font-family: arial, helvetica, sans-serif;\">Unlimitedmuse.com wurde gegr\u00fcndet, um den Wunsch nach exklusiven, hocherotischen und stilvollen Sex ohne Tabus zu befriedigen. Von sinnlichen, fast tr\u00e4umerischen Szenen bis hin zu Hardcore-Action, denn wir glauben, dass guter Sex ein Menschenrecht ist.<span class=\"Apple-converted-space\">\u00a0<\/span><\/span><\/p>\n<p><span style=\"font-family: arial, helvetica, sans-serif;\">Unsere MUSEN sind ausgew\u00e4hlte Pers\u00f6nlichkeiten die, die Kunst der perfekten Verf\u00fchrung beherrschen und jeden um den Verstand bringen k\u00f6nnen.<\/span><\/p>\n<p><span style=\"font-family: arial, helvetica, sans-serif;\">Unsere MUSE <strong>Milo Moir\u00e9<\/strong>, die schon von Anfang an bei der Gr\u00fcndung mit im Boot war, bis hin zu neuen MUSEN, wie zum Beispiel <strong>Mina Harker<\/strong> und weitere werden sie unterhalten, verf\u00fchren und sie an ihrem schamlosen Leben teilhaben lassen.<\/span><\/p>\n<p><span style=\"font-family: arial, helvetica, sans-serif;\">Egal, ob Sie auf der Suche nach einer hei\u00dfen Szene an einem atemberaubenden Ort oder nach einer Geschichte sind, wir haben alles! Unser Ziel ist es, die Erwartungen an die Qualit\u00e4t unserer Inhalte immer wieder zu \u00fcbertreffen. Um dies zu gew\u00e4hrleisten, reisen wir zu den intimsten Orten auf der ganzen Welt, w\u00e4hlen nur die hei\u00dfesten MUSEN aus und haben nur einen Kameramann, der seit 20 Jahren f\u00fcr den Playboy und andere ber\u00fchmte Magazine arbeitet. Er wei\u00df, wie man die perfekten Aufnahmen macht und den weiblichen K\u00f6rper erotisch in Szene setzt. So stellen wir sicher, dass unsere MUSEN sich wohlf\u00fchlen und unsere Members visuell verw\u00f6hnt werden.<\/span><\/p>\n<p><span style=\"font-family: arial, helvetica, sans-serif;\">Aber das ist noch nicht alles: Unser Ziel ist es, Sie auf eine Reise mitzunehmen, die Ihnen grenzenlosen Spa\u00df und Freude bereitet.<\/span><\/p>\n<p><span style=\"font-family: arial, helvetica, sans-serif;\">Die universelle Vollkommenheit und Perfektion der weiblichen Sch\u00f6pfung wird den Betrachtern nicht vorenthalten.<\/span><\/p>\n<p><span style=\"font-family: arial, helvetica, sans-serif;\">Es liegt nicht alleine am professionellen Handwerk und dem \u00e4sthetischen Blick von unlimitedMUSE das die Filme und Fotos so einzigartig macht. Vielmehr ist es die pure Intimit\u00e4t und Experimentierfreude die fasziniert.<span class=\"Apple-converted-space\">\u00a0<\/span><\/span><\/p>\n<p><span style=\"font-family: arial, helvetica, sans-serif;\">Eine MUSE, die ihre eigenen sexuellen Phantasien als Protagonistin selbst nach ihren Vorstellungen zum Leben erwecken kann.<\/span><\/p>\n<p><span style=\"font-family: arial, helvetica, sans-serif;\">Festgehalten in einer Qualit\u00e4t wie es einer MUSE geb\u00fchrt.<\/span><\/p>\n<p><span style=\"font-family: arial, helvetica, sans-serif;\"><strong>An alle Betrachter der sexuellen Expression:<\/strong><\/span><\/p>\n<p><span style=\"font-family: arial, helvetica, sans-serif;\">Sch\u00f6n, dass Du uns hier gefunden hast.<\/span><\/p>\n<p><span style=\"font-family: arial, helvetica, sans-serif;\">Unsere MUSEN lieben es nackt zu sein und Sex zu haben.<span class=\"Apple-converted-space\">\u00a0<\/span><\/span><\/p>\n<p><span style=\"font-family: arial, helvetica, sans-serif;\">Ihre k\u00f6rperliche Lust ist ein wichtiger Motor in ihrem Leben.<span class=\"Apple-converted-space\">\u00a0<\/span><\/span><\/p>\n<p><span style=\"font-family: arial, helvetica, sans-serif;\">Ab sofort kannst auch Du daran teilhaben und unsere MUSEN bei ihren privaten Abenteuern begleiten. Was unsere MUSEN hier zeigen beruht ausschliesslich auf ihren eigenen sexuellen Bed\u00fcrfnissen.<span class=\"Apple-converted-space\">\u00a0<\/span><\/span><\/p>\n<p><span style=\"font-family: arial, helvetica, sans-serif;\">Sie tuen nur das, was ihnen Spa\u00df macht &#8211; und das ganz hemmungslos!<\/span><\/p>\n<p><span style=\"font-family: arial, helvetica, sans-serif;\">Mit intimen Selfies oder Clips m\u00f6chten sie ihre lusterf\u00fcllten Augenblicke dokumentieren. In der MUSEN Welt lassen sie dich daran teilhaben.<span class=\"Apple-converted-space\">\u00a0<\/span><\/span><\/p>\n<p><span style=\"font-family: arial, helvetica, sans-serif;\">Phantasien kennen keine Grenzen! Deine MUSE m\u00f6chte in deiner Phantasie gerne dein Sex Objekt sein und findet es spannend und ant\u00f6rnend, wenn sie dich erregt. Aber in der Realit\u00e4t, solltest Du einer dieser MUSEN mal begegnen, m\u00f6chte sie, dass du sie mit Respekt behandelst. Ein w\u00fcrdevoller Umgang geb\u00fchrt unseren MUSEN und jeder anderen Frau, unabh\u00e4ngig davon wie sexy sie dir erscheinen mag. Du solltest akzeptieren, dass selbst lusterf\u00fcllte, nackte Frauen kein Freiwild sind. Daf\u00fcr haben wir mit unserer Muse Milo Moir\u00e9 \u00f6ffentlich auf der Domplatte bei minus Temperaturen nach den \u00fcbergriffen der Silvesternacht in K\u00f6ln demonstriert.<\/span><\/p>\n<p><span style=\"font-family: arial, helvetica, sans-serif;\">Die MUSEN betrachten es als ein Kompliment, wenn sie sich vorstellen, dass du sie beobachtest und dabei masturbierst. Diese Vorstellung macht sie noch hemmungsloser!<\/span><\/p>\n<p><span style=\"font-family: arial, helvetica, sans-serif;\">Wir freuen uns, dass du unser Member geworden bist oder bald sein wirst! Viel Vergn\u00fcgen beim Eintauchen in unsere sexuelle Welt.<span class=\"Apple-converted-space\">\u00a0<\/span><\/span><\/p>\n<p><span style=\"font-family: arial, helvetica, sans-serif;\">Deine MUSEN<\/span><\/p>\n<p><span style=\"font-family: arial, helvetica, sans-serif;\"><img loading=\"lazy\" decoding=\"async\" class=\"size-full wp-image-73287 alignleft\" src=\"https:\/\/unlimitedmuse.com\/wp-content\/uploads\/milo-moire-about-us.jpg\" alt=\"\" width=\"667\" height=\"1000\" srcset=\"https:\/\/unlimitedmuse.com\/wp-content\/uploads\/milo-moire-about-us.jpg 667w, https:\/\/unlimitedmuse.com\/wp-content\/uploads\/milo-moire-about-us-267x400.jpg 267w, https:\/\/unlimitedmuse.com\/wp-content\/uploads\/milo-moire-about-us-534x800.jpg 534w, https:\/\/unlimitedmuse.com\/wp-content\/uploads\/milo-moire-about-us-510x765.jpg 510w\" sizes=\"auto, (max-width: 667px) 100vw, 667px\" \/><\/span><\/p>\n","protected":false},"excerpt":{"rendered":"<p>M U S E N Eine MUSE ist eine der neun griechischen G\u00f6ttinnen der K\u00fcnste, die dich in vielfacher Hinsicht inspiriert und dich zum Tr\u00e4umen bringt. Unlimitedmuse.com wurde gegr\u00fcndet, um den Wunsch nach exklusiven, hocherotischen und stilvollen Sex ohne Tabus zu befriedigen. Von sinnlichen, fast tr\u00e4umerischen Szenen bis hin zu Hardcore-Action, denn wir glauben, dass [&hellip;]<\/p>\n","protected":false},"author":2738,"featured_media":0,"parent":0,"menu_order":0,"comment_status":"open","ping_status":"closed","template":"","meta":{"_acf_changed":false,"_themeisle_gutenberg_block_has_review":false,"footnotes":""},"class_list":["post-64485","page","type-page","status-publish","hentry"],"acf":[],"_links":{"self":[{"href":"https:\/\/unlimitedmuse.com\/de\/wp-json\/wp\/v2\/pages\/64485","targetHints":{"allow":["GET"]}}],"collection":[{"href":"https:\/\/unlimitedmuse.com\/de\/wp-json\/wp\/v2\/pages"}],"about":[{"href":"https:\/\/unlimitedmuse.com\/de\/wp-json\/wp\/v2\/types\/page"}],"author":[{"embeddable":true,"href":"https:\/\/unlimitedmuse.com\/de\/wp-json\/wp\/v2\/users\/2738"}],"replies":[{"embeddable":true,"href":"https:\/\/unlimitedmuse.com\/de\/wp-json\/wp\/v2\/comments?post=64485"}],"version-history":[{"count":6,"href":"https:\/\/unlimitedmuse.com\/de\/wp-json\/wp\/v2\/pages\/64485\/revisions"}],"predecessor-version":[{"id":157814,"href":"https:\/\/unlimitedmuse.com\/de\/wp-json\/wp\/v2\/pages\/64485\/revisions\/157814"}],"wp:attachment":[{"href":"https:\/\/unlimitedmuse.com\/de\/wp-json\/wp\/v2\/media?parent=64485"}],"curies":[{"name":"wp","href":"https:\/\/api.w.org\/{rel}","templated":true}]}}