{"id":52319,"date":"2019-08-02T14:31:13","date_gmt":"2019-08-02T13:31:13","guid":{"rendered":"https:\/\/unlimitedmuse.com\/milo-moire-member\/"},"modified":"2025-07-15T12:04:15","modified_gmt":"2025-07-15T11:04:15","slug":"milo-moire-member","status":"publish","type":"page","link":"https:\/\/unlimitedmuse.com\/de\/milo-moire-member\/","title":{"rendered":"Milo Moir\u00e9 Mitglied"},"content":{"rendered":"<p class=\"title-orange\">Mitgliedschaften mit vollem Zugang::<br \/>\nOne Night Stand &#8211; Hot Affair &#8211; Big Romance<\/p>\n<ol class=\"no-indent\">\n<li class=\"mb-1 font-weight-normal\">Zugang zum Blog der MUSEN (Quickie)<span class=\"font-weight-light\"><br \/>\nKurzer &amp; softer Einblick in Welt der MUSEN. Regelm\u00e4\u00dfig Posts von kurzen Nacktclips &amp; Schnappsch\u00fcssen des Privatlebens sowie die Sex-Phantasien der MUSEN. Wenn Du noch viel mehr und sexuellere Inhalte von den MUSEN sehen willst, hol dir den vollen Zugang!<br \/>\n<\/span><\/li>\n<li class=\"mb-1 font-weight-normal\">Zugang zu Videos and Foto-Gallerien<br \/>\n<span class=\"font-weight-light\">Jede Woche neue Uploads. Unglaublich heisse Nackt-Inhalte warten auf Dich!<br \/>\nDie Bilder der MUSEN sind eine Explosion aus Freiheit, purer Sinnlichkeit und weiblicher Lust.<\/span><\/li>\n<li class=\"mb-1 font-weight-normal\">Zugang zu Milo Moir\u00e9 Kunst Performances<br \/>\n<span class=\"font-weight-light\">Milo\u2019s krasse Nackt-Performances in der \u00d6ffentlichkeit sorgten weltweit f\u00fcr Schlagzeilen. Sieh selbst wie schamlos sie ihren K\u00f6rper als Werkzeug in ihrer Kunst einsetzt.<\/span><\/li>\n<li class=\"mb-1 font-weight-normal\">Zugang zum Livestream und Livestream Archiv<br \/>\n<span class=\"font-weight-light\">Alle zwei Wochen kannst Du deine MUSE live sehen und mit ihr chatten! Beobachte deine Muse wie sie sexy shoppen geht, w\u00e4hrend verr\u00fcckten Abenteuern oder in intimen Momenten. Falls Du einen Livestream verpasst hast, kein Problem! Du hast jederzeit Zugang zum Archiv.<\/span><\/li>\n<li class=\"mb-1 font-weight-normal\">Du sparst Geld und exklusive Inhalte garantiert<br \/>\n<span class=\"font-weight-light\">Streame alle Videos so oft Du willst. Ausserdem sparst Du als Mitglied Geld. Wenn Du z.B. alle Kunst Videos von Milo ohne Mitgliedschaft sehen m\u00f6chtest, m\u00fcsstest Du daf\u00fcr im Shop alleine schon um die 91.88\u20ac f\u00fcr die Downloads bezahlen. unlimitedMUSE ist der einzige Ort mit ihren k\u00fcnstlerischen Nackt-Performances von ihr!<\/span><\/li>\n<\/ol>\n<div class=\"space mb-1\"><\/div>\n<p class=\"title-orange\">Als Mitglied tauchst du exklusiv in die Welt der MUSEN ein.<br \/>\nErlebe ihre freie Nacktheit. Jetzt!<\/p>\n<p class=\"title-orange\">Die MUSEN zeigen schamlos ihre sexuellen Phantasien. F\u00fcr sie ist es an der Zeit, dass Frauen ihre sexuelle Stimme in die Welt verbreiten. Die Musen leben ihre \u201cPorny Phantasien\u201d mit gelassener Selbstbestimmung. Folglich spielt der Orgasmus eine kraftvolle Rolle f\u00fcr sie. Ihre Sexualit\u00e4t ist die magische Quelle f\u00fcr ihre Kreativit\u00e4t und neue vision\u00e4re Ideen.<\/p>\n<p>Du suchst nach einem Quickie, One Night Stand, Love Affair, Big Romance oder True Love mit den Musen.<\/p>\n<p>Du m\u00f6chtest einen privaten Livechat mit deiner Lieblingsmuse, schreibe gerne unseren support an.<\/p>\n<div class=\"space mb-1\"><\/div>\n<p class=\"title-orange\">Werde Mitglied f\u00fcr nur 0.17 Cent pro Tag (Quickie)<\/p>\n<p>Du wirst eine Vielzahl von nackten, unz\u00fcchtigen Videos und Fotos von den MUSEN zu sehen bekommen. Einmal pro Woche wird neuer Inhalt f\u00fcr dich freigeschaltet. Je l\u00e4nger Du Mitglied bist, umso mehr Inhalte bekommst Du! Deine Mitgliedschaft kannst Du jederzeit k\u00fcndigen.<\/p>\n<p>Mitglieder erleben das aufregendes und lustvolles Leben der MUSEN hautnah. In ihrem Blog zeigen sie, dass sie machen, was sie wollen. So gehen sie ohne Slip in den Supermarkt oder auf Shopping Tour. \u00dcberzeuge Dich einfach selbst!!!<\/p>\n<div class=\"space mb-2\"><\/div>\n<p class=\"note\">Die Fotos wurden alle von dem renommierten Star Fotografen PETER PALM produziert &#8211; ausgenommen der Selfies. Peter Palm arbeitet f\u00fcr Magazine wie PLAYBOY, MAXIM, FHM and GQ. Er ist ein Meister der subtilen wie auch provokanten Erotik-Fotografie.<\/p>\n","protected":false},"excerpt":{"rendered":"<p>Mitgliedschaften mit vollem Zugang:: One Night Stand &#8211; Hot Affair &#8211; Big Romance Zugang zum Blog der MUSEN (Quickie) Kurzer &amp; softer Einblick in Welt der MUSEN. Regelm\u00e4\u00dfig Posts von kurzen Nacktclips &amp; Schnappsch\u00fcssen des Privatlebens sowie die Sex-Phantasien der MUSEN. Wenn Du noch viel mehr und sexuellere Inhalte von den MUSEN sehen willst, hol [&hellip;]<\/p>\n","protected":false},"author":2738,"featured_media":0,"parent":0,"menu_order":0,"comment_status":"open","ping_status":"closed","template":"membership_copy.php","meta":{"_acf_changed":false,"_themeisle_gutenberg_block_has_review":false,"footnotes":""},"class_list":["post-52319","page","type-page","status-publish","hentry"],"acf":[],"_links":{"self":[{"href":"https:\/\/unlimitedmuse.com\/de\/wp-json\/wp\/v2\/pages\/52319","targetHints":{"allow":["GET"]}}],"collection":[{"href":"https:\/\/unlimitedmuse.com\/de\/wp-json\/wp\/v2\/pages"}],"about":[{"href":"https:\/\/unlimitedmuse.com\/de\/wp-json\/wp\/v2\/types\/page"}],"author":[{"embeddable":true,"href":"https:\/\/unlimitedmuse.com\/de\/wp-json\/wp\/v2\/users\/2738"}],"replies":[{"embeddable":true,"href":"https:\/\/unlimitedmuse.com\/de\/wp-json\/wp\/v2\/comments?post=52319"}],"version-history":[{"count":36,"href":"https:\/\/unlimitedmuse.com\/de\/wp-json\/wp\/v2\/pages\/52319\/revisions"}],"predecessor-version":[{"id":169457,"href":"https:\/\/unlimitedmuse.com\/de\/wp-json\/wp\/v2\/pages\/52319\/revisions\/169457"}],"wp:attachment":[{"href":"https:\/\/unlimitedmuse.com\/de\/wp-json\/wp\/v2\/media?parent=52319"}],"curies":[{"name":"wp","href":"https:\/\/api.w.org\/{rel}","templated":true}]}}