{"id":4952,"date":"2014-06-08T17:42:44","date_gmt":"2014-06-08T15:42:44","guid":{"rendered":"https:\/\/unlimitedmuse.com\/?page_id=4952"},"modified":"2021-12-27T11:32:18","modified_gmt":"2021-12-27T09:32:18","slug":"allgemeine-geschaftsbedingungen","status":"publish","type":"page","link":"https:\/\/unlimitedmuse.com\/de\/allgemeine-geschaftsbedingungen\/","title":{"rendered":"AGBs"},"content":{"rendered":"<p>Auch wir kommen um das so genannte &#8222;Kleingedruckte&#8220; leider nicht herum. Schlie\u00dflich handeln wir mit anspruchsvollen und empfindlichen Kunstwerken. Unsere Gesch\u00e4ftsbedingungen haben das Ziel, die Gesch\u00e4ftsbeziehung zwischen Ihnen und uns verbindlich und fair zu regeln. Grundlage einer Bestellung und eines Vertrages sind daher immer die nachfolgenden Allgemeinen Gesch\u00e4ftsbedingungen von Unlimited Muse, deren Kenntnisnahme und Einbeziehung Sie mit einer Bestellung bei uns anerkennen und best\u00e4tigen. Sie k\u00f6nnen die Gesch\u00e4ftsbedingungen an dieser Stelle einsehen.<\/p>\n<p>&nbsp;<\/p>\n<p><strong>\u00a7 1 Geltungsbereich<\/strong><br \/>\nF\u00fcr die Gesch\u00e4ftsbeziehung zwischen Unlimited Muse, und dem Besteller gelten ausschlie\u00dflich die nachfolgenden Allgemeinen Gesch\u00e4ftsbedingungen in ihrer zum Zeitpunkt der Bestellung g\u00fcltigen Fassung. Abweichende Bedingungen des Bestellers erkennt Unlimited Muse nicht an, es sei denn, Unlimited Muse h\u00e4tte ausdr\u00fccklich schriftlich ihrer Geltung zugestimmt.<\/p>\n<p>&nbsp;<\/p>\n<p><strong>\u00a7 2 Vertragsschluss<\/strong><br \/>\nIhre Bestellung stellt ein Angebot an uns zum Abschluss eines Kaufvertrages dar. Wenn Sie eine Bestellung bei Unlimited Muse aufgeben, schicken wir Ihnen eine E-Mail, die den Eingang Ihrer Bestellung bei uns best\u00e4tigt und deren Einzelheiten auff\u00fchrt (Bestellbest\u00e4tigung). Diese Bestellbest\u00e4tigung stellt keine Annahme Ihres Angebotes dar, sondern soll Sie nur dar\u00fcber informieren, dass Ihre Bestellung bei uns eingegangen ist. Ein Kaufvertrag kommt erst dann zu Stande, wenn wir das bestellte Produkt an Sie versenden. \u00dcber Produkte aus ein und derselben Bestellung, die nicht in den Versandpapieren aufgef\u00fchrt sind, kommt kein Kaufvertrag zu Stande. Bitte beachten Sie, dass wir alle Produkte nur in haushalts\u00fcblichen Mengen verkaufen.<\/p>\n<p>&nbsp;<\/p>\n<p><strong>\u00a7 3 Widerruf, R\u00fccksendungen, K\u00fcndigungen<\/strong><br \/>\nDa alle Werke erst nach Ihrer Bestellung individuell f\u00fcr Sie angefertigt werden ist ein Widerrufsrecht ausgeschlossen. Bitte beachten sie, dass Waren, die individuell nach ihren W\u00fcnschen angefertigt wurden (Ma\u00dfanfertigungen), vom Widerrufsrecht ausgeschlossen sind (siehe \u00a7 312 d Abs. 4 Nr. 1 BGB: \u201e(4) Das Widerrufsrecht besteht, soweit nicht ein anderes bestimmt ist, nicht bei Fernabsatzvertr\u00e4gen 1. zur Lieferung von Waren, die nach Kundenspezifikation angefertigt werden oder eindeutig auf die pers\u00f6nlichen Bed\u00fcrfnisse zugeschnitten sind oder die auf Grund ihrer Beschaffenheit nicht f\u00fcr eine R\u00fccksendung geeignet sind.\u201c).<\/p>\n<p>Abonnements verl\u00e4ngern sich automatisch k\u00f6nnen aber zu jederzeit im Men\u00fc &#8222;Mein Konto&#8220; gek\u00fcndigt werden.<\/p>\n<p>Subscriptions are automatically renewed but can be canceled at any time in the &#8222;My account&#8220; menu.<\/p>\n<p>&nbsp;<\/p>\n<p><strong>\u00a7 4 Lieferung<\/strong><br \/>\nSofern nicht anders vereinbart, erfolgt die Lieferung ab Lager an die Adresse des Bestellers bzw. an die vom Besteller angegebene Lieferadresse. Angaben \u00fcber die Lieferfrist sind unverbindlich, soweit nicht ausnahmsweise der Liefertermin verbindlich zugesagt wurde.<br \/>\nDer K\u00e4ufer hat die Ware unverz\u00fcglich auf Sch\u00e4den zu \u00fcberpr\u00fcfen und dem Spediteur gegen\u00fcber vor deren Annahme zu r\u00fcgen. Sollten offensichtliche Sch\u00e4den vorhanden sein und erst nach Annahme bemerkt werden, so hat der K\u00e4ufer dies uns gegen\u00fcber innerhalb einer Frist von 5 Tagen nach Annahme zu r\u00fcgen. Unterl\u00e4\u00dft der K\u00e4ufer dies, so ist die Geltendmachung von M\u00e4ngelr\u00fcgen f\u00fcr solch offensichtliche Sch\u00e4den ausgeschlossen.<\/p>\n<p>&nbsp;<\/p>\n<p><strong>\u00a7 5 Editions-Zertifikat mit Signatur<\/strong><br \/>\nAus organisatorischen Gr\u00fcnden kann Unlimited Muse das Editions-Zertifikat mit Signatur des K\u00fcnstlers und den Editionsdetails getrennt an den Besteller \u2013 auch zeitversetzt \u2013 versenden, ohne dass hiervon die Widerrufsfrist ber\u00fchrt w\u00e4re. Sollte der Kunde von seinem Widerrufsrecht Gebrauch machen, wird er das unbenutzte Editions-Zertifikat unverz\u00fcglich ebenfalls zur\u00fccksenden. Ohne den Eingang des Editions-Zertifikats erfolgt keine R\u00fcckerstattung des Kaufpreises. Mit Verwendung des Editions-Zertifikats auf dem Kunstwerk, dem Rahmen, der Kaschierung oder an anderer Stelle erlischt das Widerrufsrecht.<\/p>\n<p>&nbsp;<\/p>\n<p><strong>\u00a7 6 F\u00e4lligkeit und Zahlung, Verzug<\/strong><br \/>\nDer Besteller zahlt den Kaufpreis per Kreditkarte oder Lastschriftverfahren vor der Lieferung (Vorauskasse). Kauf gegen Rechnung kann f\u00fcr Gesch\u00e4ftkunden im Einzelfall nach Pr\u00fcfung von Unlimited Muse einger\u00e4umt werden.<br \/>\nF\u00fcr den Fall, da\u00df das Konto des Bestellers dann keine ausreichende Deckung aufweist oder der Besteller unberechtigt Widerspruch gegen den Bankeinzug einlegt, kann Unlimited Muse eine Bearbeitungsgeb\u00fchr in H\u00f6he von \u20ac9,00 vom Besteller verlangen.\u00a0Kommt der Besteller in Zahlungsverzug, so ist Unlimited Muse berechtigt, Verzugszinsen in H\u00f6he von 6% \u00fcber dem von der Europ\u00e4ischen Zentralbank jeweils bekannt gegebenen Basiszinssatz p.a. und pauschal \u20ac7,50 je Mahnung mit Ausnahme der Erstmahnung zu fordern. Falls Unlimited Muse ein h\u00f6herer Verzugsschaden nachweisbar entstanden ist, ist Unlimited Muse berechtigt, diesen geltend zu machen. Der Besteller kann in den o.g. F\u00e4llen nachweisen, da\u00df Unlimited Muse ein Schaden \u00fcberhaupt nicht entstanden ist oder aber da\u00df dieser niedriger als die o.g. Pauschalen ist.<\/p>\n<p>&nbsp;<\/p>\n<p><strong>\u00a7 7 Versandkosten<\/strong><br \/>\nDie Versandkosten sind in den Preisen enthalten.<\/p>\n<p>&nbsp;<\/p>\n<p><strong>\u00a7 8 Aufrechnung, Zur\u00fcckbehaltung<\/strong><br \/>\nEin Recht zur Aufrechnung steht dem Besteller nur zu, wenn seine Gegenanspr\u00fcche rechtskr\u00e4ftig festgestellt oder von Unlimited Muse anerkannt sind. Au\u00dferdem ist er zur Aus\u00fcbung eines Zur\u00fcckbehaltungsrechts nur insoweit befugt, als sein Gegenanspruch auf dem gleichen Vertragsverh\u00e4ltnis beruht.<\/p>\n<p>&nbsp;<\/p>\n<p><strong>\u00a7 9 Eigentumsvorbehalt<\/strong><br \/>\nDie gelieferte Ware bleibt bis zur vollst\u00e4ndigen und endg\u00fcltigen Bezahlung im Eigentum von Unlimited Muse.<\/p>\n<p>&nbsp;<\/p>\n<p><strong>\u00a7 10 Haftung<\/strong><br \/>\nUnlimited Muse haftet nur, wennUnlimited Muse oder einer seiner Erf\u00fcllungsgehilfen eine wesentliche Vertragspflicht (Kardinalpflicht) in einer den Vertragszweck gef\u00e4hrdenden Weise verletzt hat oder der Schaden auf grober Fahrl\u00e4ssigkeit oder Vorsatz von Unlimited Muse oder einer seiner Erf\u00fcllungsgehilfen zur\u00fcckzuf\u00fchren ist. Sofern dies nicht grob fahrl\u00e4ssig oder vors\u00e4tzlich erfolgt, ist die Haftung von Unlimited Muse auf den Schaden beschr\u00e4nkt, der bei Vertragsschluss vern\u00fcnftigerweise voraussehbar war.\u00a0Die Haftung wegen zugesicherter Beschaffenheiten, bei Personensch\u00e4den sowie aufgrund zwingender gesetzlicher Vorschriften, insbesondere dem Produkthaftungsgesetz, bleibt unber\u00fchrt.<\/p>\n<p>&nbsp;<\/p>\n<p><strong>\u00a7 11 Gew\u00e4hrleistung, sachgem\u00e4\u00dfe Behandlung<\/strong><br \/>\nEs wird als bekannt vorausgesetzt, das alle Fotografien von Umwelteinfl\u00fcssen abh\u00e4ngig, ihre Anmutung und Farbigkeit ver\u00e4ndern und ausbleichen k\u00f6nnen. F\u00fcr diesen unab\u00e4nderlichen Ver\u00e4nderungsprozess \u00fcbernimmt Unlimited Muse keine Gew\u00e4hrleistung.\u00a0Ansonsten betr\u00e4gt die gesetzliche Gew\u00e4hrleistungsfrist 2 Jahre und beginnt mit \u00dcbergabe der Ware. In dieser Zeit werden alle M\u00e4ngel, die der gesetzlichen Gew\u00e4hrleistungspflicht unterliegen, kostenlos behoben. Ausgenommen von der Gew\u00e4hrleistung sind Sch\u00e4den, die auf nat\u00fcrlichen Verschlei\u00df, auf unsachgem\u00e4\u00dfen Gebrauch und auf mangelnde oder falsche Pflege oder Lagerung zur\u00fcckzuf\u00fchren sind. Im \u00dcbrigen verweisen wir auf \u00a7 4.\u00a0Fotografien, Kaschierungen und Rahmen d\u00fcrfen weder ganz noch in Teilen direkter Sonneneinstrahlung ausgesetzt werden, nicht unmittelbar \u00fcber Heizungen geh\u00e4ngt werden und nicht einer das Niveau normaler Wohnr\u00e4ume \u00fcbersteigenden Luftfeuchtigkeit ausgesetzt werden. Fotografien, Kaschierungen und Rahmen sind demnach f\u00fcr den Au\u00dfenraum, Keller\u00e4ume, B\u00e4der und K\u00fcchen nicht geeignet. Kaschierungen mit UV-Schutzfolie oder Acrylglas und Holzrahmen sind sehr kratz- und fleckempfindlich und d\u00fcrfen daher nur mit Handschuhen oder einem vergleichbaren Schutz angefasst werden.<\/p>\n<p>&nbsp;<\/p>\n<p><strong>\u00a7 12 Keine Einr\u00e4umung von Rechten, Ausstellungen<\/strong><br \/>\nMit dem Kauf eines fotografischen Abzugs erwerben Sie nur das dingliche Eigentum an dem Abzug. Es werden keinerlei sonstige Nutzungsrechte einger\u00e4umt. Jegliche Reproduktion (Vervielf\u00e4ltigung), Verbreitung, Vermietung, \u00f6ffentliche Zug\u00e4nglichmachung oder sonstige analoge oder digitale Verwertung sind nicht gestattet. Sie k\u00f6nnen den Abzug jedoch weiterverkaufen.<br \/>\nDie \u00f6ffentliche Ausstellung von erworbenen Kunstwerken bedarf im Einzelfall der Zustimmung des betroffenen K\u00fcnstlers.<\/p>\n<p>&nbsp;<\/p>\n<p><strong>\u00a7 13 Erhebung, Verarbeitung und Nutzung von pers\u00f6nlichen Daten<\/strong><br \/>\nDaten und Informationen, die wir von Ihnen bekommen, helfen uns, Ihr Einkaufserlebnis bei Unlimited Muse individuell zu gestalten und stetig zu verbessern. Wir nutzen diese Informationen f\u00fcr die Abwicklung von Bestellungen, die Lieferung von Waren und das Erbringen von Dienstleistungen sowie die Abwicklung der Zahlung (bei Rechnungskauf auch f\u00fcr erforderliche Pr\u00fcfungen). Wir verwenden Ihre Informationen auch, um mit Ihnen \u00fcber Bestellungen, Produkte, \u00fcber Marketingangebote oder den Unlimited Muse Newsletter zu kommunizieren sowie dazu, unsere Datens\u00e4tze zu aktualisieren und Ihre Kundenkonten bei uns zu unterhalten und zu pflegen sowie dazu, Inhalte wie z. B. Merkzettel oder Warenkorbinhalte abzubilden und Ihnen &#8211; bei Einwilligung hierzu &#8211; Produkte oder Dienstleistungen zu empfehlen, die Sie interessieren k\u00f6nnten. Wir nutzen Ihre Informationen auch dazu, unser Angebot zu verbessern, einem Missbrauch unserer Website vorzubeugen oder einen zu entdecken oder Dritten die Durchf\u00fchrung technischer, logistischer oder anderer Dienstleistungen in unserem Auftrag zu erm\u00f6glichen.<\/p>\n<p>&nbsp;<\/p>\n<p><strong>\u00a7 14 Salvatorische Klausel<\/strong><br \/>\nSollten einzelne Bestimmungen dieses Vertrages ganz oder teilweise nicht rechtswirksam sein oder ihre Rechtswirksamkeit sp\u00e4ter verlieren, wird die G\u00fcltigkeit des Vertrages im \u00dcbrigen nicht ber\u00fchrt.<br \/>\n<div class=\"woocommerce woocommerce-gzd woocommerce-gzd-complaints-shortcode\">\n\t\t\t<h3>Alternative Streitbeilegung gem\u00e4\u00df Art. 14 Abs. 1 ODR-VO und \u00a7 36 VSBG:<\/h3>\n\t\nVerbraucher haben die M\u00f6glichkeit, sich f\u00fcr die Beilegung ihrer Streitigkeiten an [Name, Anschrift, Webseite der Schlichtungsstelle] zu wenden. Wir sind verpflichtet, an Verfahren zur Streitbeilegung vor dieser Stelle teilzunehmen. Wir werden an einem solchen Verfahren teilnehmen.<\/div><\/p>\n","protected":false},"excerpt":{"rendered":"<p>Auch wir kommen um das so genannte &#8222;Kleingedruckte&#8220; leider nicht herum. Schlie\u00dflich handeln wir mit anspruchsvollen und empfindlichen Kunstwerken. Unsere Gesch\u00e4ftsbedingungen haben das Ziel, die Gesch\u00e4ftsbeziehung zwischen Ihnen und uns verbindlich und fair zu regeln. Grundlage einer Bestellung und eines Vertrages sind daher immer die nachfolgenden Allgemeinen Gesch\u00e4ftsbedingungen von Unlimited Muse, deren Kenntnisnahme und Einbeziehung [&hellip;]<\/p>\n","protected":false},"author":2738,"featured_media":0,"parent":0,"menu_order":0,"comment_status":"open","ping_status":"closed","template":"","meta":{"_acf_changed":false,"_themeisle_gutenberg_block_has_review":false,"footnotes":""},"class_list":["post-4952","page","type-page","status-publish","hentry"],"acf":[],"_links":{"self":[{"href":"https:\/\/unlimitedmuse.com\/de\/wp-json\/wp\/v2\/pages\/4952","targetHints":{"allow":["GET"]}}],"collection":[{"href":"https:\/\/unlimitedmuse.com\/de\/wp-json\/wp\/v2\/pages"}],"about":[{"href":"https:\/\/unlimitedmuse.com\/de\/wp-json\/wp\/v2\/types\/page"}],"author":[{"embeddable":true,"href":"https:\/\/unlimitedmuse.com\/de\/wp-json\/wp\/v2\/users\/2738"}],"replies":[{"embeddable":true,"href":"https:\/\/unlimitedmuse.com\/de\/wp-json\/wp\/v2\/comments?post=4952"}],"version-history":[{"count":3,"href":"https:\/\/unlimitedmuse.com\/de\/wp-json\/wp\/v2\/pages\/4952\/revisions"}],"predecessor-version":[{"id":138751,"href":"https:\/\/unlimitedmuse.com\/de\/wp-json\/wp\/v2\/pages\/4952\/revisions\/138751"}],"wp:attachment":[{"href":"https:\/\/unlimitedmuse.com\/de\/wp-json\/wp\/v2\/media?parent=4952"}],"curies":[{"name":"wp","href":"https:\/\/api.w.org\/{rel}","templated":true}]}}