{"id":152585,"date":"2023-02-14T21:32:17","date_gmt":"2023-02-14T20:32:17","guid":{"rendered":"https:\/\/unlimitedmuse.com\/complaint-policy\/"},"modified":"2023-02-15T16:32:20","modified_gmt":"2023-02-15T14:32:20","slug":"beschwerde-richtlinien","status":"publish","type":"page","link":"https:\/\/unlimitedmuse.com\/de\/beschwerde-richtlinien\/","title":{"rendered":"Beschwerde Richtlinien"},"content":{"rendered":"<p>Wir bei unlimitedMUSE sind bestrebt, unseren Kunden das bestm\u00f6gliche Einkaufserlebnis zu bieten. Wir verstehen jedoch, dass es Zeiten geben kann, in denen die Dinge nicht wie geplant laufen. F\u00fcr den Fall, dass Sie eine Beschwerde \u00fcber einen Aspekt unseres Services haben, m\u00f6chten wir Sie bitten, uns zu kontaktieren, damit wir das Problem so schnell und effizient wie m\u00f6glich l\u00f6sen k\u00f6nnen.<\/p>\n<p>Wie Sie eine Beschwerde einreichen k\u00f6nnen<\/p>\n<p>Um eine Beschwerde einzureichen, k\u00f6nnen Sie uns auf eine der folgenden Arten kontaktieren:<br \/>\nSenden Sie eine E-Mail an support@unlimitedmuse.com<br \/>\nRufen Sie unser Kundendienstteam unter +49 211 5580249 an.<br \/>\nSenden Sie eine Nachricht \u00fcber unser Online-Kontaktformular<br \/>\nWenn Sie eine Beschwerde einreichen, geben Sie bitte so viele Details wie m\u00f6glich an, einschlie\u00dflich Ihrer Bestellnummer, Kontaktdaten und einer klaren Beschreibung des Problems, das Sie erlebt haben.<\/p>\n<p>Unsere Verpflichtung zur L\u00f6sung von Beschwerden<\/p>\n<p>Sobald wir Ihre Beschwerde erhalten haben, werden wir sie innerhalb von 3 Werktagen best\u00e4tigen und Ihnen eine Referenznummer mitteilen. Wir werden dann Ihre Beschwerde untersuchen und versuchen, sie so schnell und effizient wie m\u00f6glich zu l\u00f6sen.<\/p>\n<p>Wir halten Sie \u00fcber den Fortgang Ihrer Beschwerde auf dem Laufenden und bem\u00fchen uns, Ihnen innerhalb von 7 Werktagen eine L\u00f6sung zu bieten. Sollte es uns nicht m\u00f6glich sein, Ihre Beschwerde innerhalb dieses Zeitrahmens zu l\u00f6sen, werden wir Ihnen eine Erkl\u00e4rung geben und Sie \u00fcber den Fortgang auf dem Laufenden halten.<\/p>\n<p>Wenn Sie mit dem Ergebnis Ihrer Beschwerde nicht zufrieden sind, k\u00f6nnen Sie sie per E-Mail an support@unlimitedmuse.com an unser Managementteam weiterleiten. Wir werden Ihre Beschwerde dann pr\u00fcfen und versuchen, Ihnen innerhalb von 5 Werktagen eine L\u00f6sung zu bieten.<\/p>\n<p>Unser Engagement f\u00fcr Kundenzufriedenheit<\/p>\n<p>Wir bei unlimitedMUSE sch\u00e4tzen unsere Kunden und bem\u00fchen uns, jederzeit den bestm\u00f6glichen Service zu bieten. Wir nehmen alle Beschwerden ernst und bem\u00fchen uns, sie so schnell und effizient wie m\u00f6glich zu l\u00f6sen.<\/p>\n<p>Vielen Dank, dass Sie sich f\u00fcr unlimitedMUSE entschieden haben.<\/p>\n","protected":false},"excerpt":{"rendered":"<p>Wir bei unlimitedMUSE sind bestrebt, unseren Kunden das bestm\u00f6gliche Einkaufserlebnis zu bieten. Wir verstehen jedoch, dass es Zeiten geben kann, in denen die Dinge nicht wie geplant laufen. F\u00fcr den Fall, dass Sie eine Beschwerde \u00fcber einen Aspekt unseres Services haben, m\u00f6chten wir Sie bitten, uns zu kontaktieren, damit wir das Problem so schnell und [&hellip;]<\/p>\n","protected":false},"author":208450,"featured_media":0,"parent":0,"menu_order":0,"comment_status":"open","ping_status":"closed","template":"","meta":{"_acf_changed":false,"_themeisle_gutenberg_block_has_review":false,"footnotes":""},"class_list":["post-152585","page","type-page","status-publish","hentry"],"acf":[],"_links":{"self":[{"href":"https:\/\/unlimitedmuse.com\/de\/wp-json\/wp\/v2\/pages\/152585","targetHints":{"allow":["GET"]}}],"collection":[{"href":"https:\/\/unlimitedmuse.com\/de\/wp-json\/wp\/v2\/pages"}],"about":[{"href":"https:\/\/unlimitedmuse.com\/de\/wp-json\/wp\/v2\/types\/page"}],"author":[{"embeddable":true,"href":"https:\/\/unlimitedmuse.com\/de\/wp-json\/wp\/v2\/users\/208450"}],"replies":[{"embeddable":true,"href":"https:\/\/unlimitedmuse.com\/de\/wp-json\/wp\/v2\/comments?post=152585"}],"version-history":[{"count":7,"href":"https:\/\/unlimitedmuse.com\/de\/wp-json\/wp\/v2\/pages\/152585\/revisions"}],"predecessor-version":[{"id":152677,"href":"https:\/\/unlimitedmuse.com\/de\/wp-json\/wp\/v2\/pages\/152585\/revisions\/152677"}],"wp:attachment":[{"href":"https:\/\/unlimitedmuse.com\/de\/wp-json\/wp\/v2\/media?parent=152585"}],"curies":[{"name":"wp","href":"https:\/\/api.w.org\/{rel}","templated":true}]}}