{"id":152436,"date":"2023-02-08T20:21:38","date_gmt":"2023-02-08T18:21:38","guid":{"rendered":"https:\/\/unlimitedmuse.com\/merchant-privacy-policy\/"},"modified":"2023-02-12T18:52:29","modified_gmt":"2023-02-12T16:52:29","slug":"datenschutzrichtlinie-fuer-haendler","status":"publish","type":"page","link":"https:\/\/unlimitedmuse.com\/de\/datenschutzrichtlinie-fuer-haendler\/","title":{"rendered":"Datenschutzrichtlinie f\u00fcr H\u00e4ndler"},"content":{"rendered":"<p>Um unseren Service verf\u00fcgbar zu machen, m\u00fcssen Sie UnlimitedMUSE Informationen \u00fcber Sie und Ihr Unternehmen zur Verf\u00fcgung stellen. Dar\u00fcber hinaus kommunizieren Sie und die Mitarbeiter von UnlimitedMUSE \u00fcber alle Standardkommunikationsformen miteinander und als Teil seines Prozesses speichert UnlimitedMUSE Informationen \u00fcber jede Transaktion, die es f\u00fcr Sie verarbeitet. UnlimitedMUSE speichert alle Informationen und Mitteilungen, die es f\u00fcr seine Gesch\u00e4ftst\u00e4tigkeit als relevant erachtet, und diese Informationen werden zu dem Zeitpunkt, an dem sie empfangen oder generiert werden, Eigentum von UnlimitedMUSE.<\/p>\n<p>UnlimitedMUSE kann alle Informationen \u00fcber Sie und Ihr Unternehmen weitergeben, wenn dies von Dritten bei der Verarbeitung von Kreditkarten und Online-Schecks verlangt wird.<\/p>\n<p>Nur H\u00e4ndler mit Abonnementtransaktionen: UnlimitedMUSE wird die pers\u00f6nlichen und Kontoinformationen seiner H\u00e4ndler nicht anderweitig offenlegen, es sei denn, UnlimitedMUSE hat Grund zu der Annahme, dass die Offenlegung dieser Informationen notwendig ist, um jemanden zu identifizieren, Kontakt aufzunehmen oder rechtliche Schritte gegen jemanden einzuleiten, der m\u00f6glicherweise Schaden verursacht oder sich einmischt mit den Rechten oder dem Eigentum von UnlimitedMUSE, den H\u00e4ndlern von UnlimitedMUSE oder anderen, oder wenn UnlimitedMUSE nach Treu und Glauben davon ausgeht, dass das Gesetz eine solche Offenlegung erfordert.<\/p>\n<p>H\u00e4ndler mit materiellen G\u00fctern: Wenn Sie Transaktionen f\u00fcr materielle G\u00fcter abwickeln, sind Ihre Kontaktinformationen leicht auf Ihrer Website verf\u00fcgbar. Wenn UnlimitedMUSE eine schriftliche Anfrage von einer legitimen Strafverfolgungsbeh\u00f6rde erh\u00e4lt, die eine betr\u00fcgerische Verwendung einer Kartenbeschwerde untersucht, wird UnlimitedMUSE den Strafverfolgungsbeh\u00f6rden Ihre Kontaktinformationen zur Verf\u00fcgung stellen, ohne Sie zu konsultieren. Andernfalls wird UnlimitedMUSE die pers\u00f6nlichen und Kontoinformationen seiner H\u00e4ndler nicht offenlegen, es sei denn, UnlimitedMUSE hat Grund zu der Annahme, dass die Offenlegung dieser Informationen notwendig ist, um jemanden zu identifizieren, Kontakt aufzunehmen oder rechtliche Schritte gegen jemanden einzuleiten, der m\u00f6glicherweise Schaden verursacht oder die Rechte oder das Eigentum beeintr\u00e4chtigt von UnlimitedMUSE, den H\u00e4ndlern von UnlimitedMUSE oder anderen, oder wenn UnlimitedMUSE in gutem Glauben davon ausgeht, dass das Gesetz eine solche Offenlegung erfordert.<\/p>\n<p>UnlimitedMUSE wird auch, au\u00dfer aus den unten genannten Gr\u00fcnden, den Inhalt von E-Mails oder anderen elektronischen Mitteilungen, die UnlimitedMUSE speichert oder an seine H\u00e4ndler \u00fcbermittelt oder von diesen erh\u00e4lt, nicht an Dritte weitergeben. Die Umst\u00e4nde, unter denen UnlimitedMUSE solche elektronischen H\u00e4ndlerkommunikationen offenlegt, sind, wenn:<\/p>\n<ol>\n<li>Es ist notwendig, um dem H\u00e4ndler Dienstleistungen zu erbringen,<\/li>\n<li>Es ist erforderlich, um die berechtigten Interessen von UnlimitedMUSE und seinen H\u00e4ndlern zu sch\u00fctzen,<\/li>\n<li>Es ist verpflichtet, bei Abh\u00f6ranordnungen, Haftbefehlen oder anderen Rechtsverfahren zu kooperieren, die UnlimitedMUSE nach eigenem Ermessen f\u00fcr g\u00fcltig und durchsetzbar h\u00e4lt; Und<\/li>\n<li>Es ist notwendig, eine Strafverfolgungsbeh\u00f6rde bereitzustellen, wenn die Inhalte versehentlich von UnlimitedMUSE erhalten wurden und sich auf die Begehung eines Verbrechens zu beziehen scheinen.<\/li>\n<\/ol>\n<p>Durch die Nutzung der Dienste von UnlimitedMUSE erkl\u00e4ren Sie sich damit einverstanden, dass wir Informationen, die Sie im Laufe Ihrer Nutzung der Dienste von UnlimitedMUSE erhalten haben, freigeben k\u00f6nnen, wenn nach alleinigem und absolutem Ermessen von UnlimitedMUSE davon ausgegangen wird, dass die Freigabe angemessen oder anderweitig erforderlich ist, um die Gesetze einzuhalten, unsere durchzusetzen Vereinbarung und\/oder den Vertrag und andere Rechte von UnlimitedMUSE und unseren H\u00e4ndlern sch\u00fctzen.<\/p>\n<p>UnlimitedMUSE lehnt jede Absicht ab, die Kommunikation zu zensieren, zu bearbeiten oder sich an einer laufenden \u00dcberpr\u00fcfung oder \u00dcberwachung von Kommunikation zu beteiligen, die von H\u00e4ndlern oder anderen in seinen Einrichtungen gespeichert oder \u00fcber diese \u00fcbertragen wird. UnlimitedMUSE \u00fcberpr\u00fcft, l\u00f6scht oder blockiert jedoch den Zugang zu Mitteilungen, die UnlimitedMUSE, seinen H\u00e4ndlern oder Dritten schaden k\u00f6nnten. Zu den Gr\u00fcnden, aus denen UnlimitedMUSE solche Ma\u00dfnahmen ergreifen kann, geh\u00f6ren unter anderem tats\u00e4chliche oder potenzielle Verst\u00f6\u00dfe gegen die Acceptable Use Policy (AUP) von UnlimitedMUSE. Es ist Ihre Pflicht, UnlimitedMUSE genaue und aktuelle Informationen zur Verf\u00fcgung zu stellen, und wenn Sie uns solche Informationen nicht zur Verf\u00fcgung stellen, kann jede Vereinbarung zwischen Ihnen und UnlimitedMUSE ung\u00fcltig werden. Wir verwenden die von Ihnen bereitgestellten Informationen f\u00fcr Zwecke wie die Abwicklung von Transaktionen, die Schadensverh\u00fctung, die Verbesserung unseres Service, die Kommunikation mit Ihnen und die Erf\u00fcllung unserer Verpflichtungen Ihnen gegen\u00fcber. Die Mitarbeiter von UnlimitedMUSE haben Zugriff auf Ihre Informationen, wenn dies erforderlich ist. UnlimitedMUSE wird Ihre Informationen aus keinem Grund an Dritte verkaufen.<\/p>\n<p>UnlimitedMUSE setzt nach besten Kr\u00e4ften die neuesten und besten verf\u00fcgbaren Techniken ein, um seine Systeme vor dem Eindringen unbefugter Personen zu sch\u00fctzen, und verbessert seine Sicherheit st\u00e4ndig, sobald bessere Methoden verf\u00fcgbar werden. Alle Informationen werden hinter Firewalls und anderen ausgekl\u00fcgelten Sicherheitssystemen gespeichert. Unser Rechenzentrum verwendet modernste physische Sicherheitsma\u00dfnahmen, um unbefugten Zugriff auf die Einrichtung zu verhindern.<\/p>\n<p>UnlimitedMUSE beh\u00e4lt sich das Recht vor, diese Richtlinie jederzeit zu \u00e4ndern, zu modifizieren oder zu erg\u00e4nzen. UnlimitedMUSE nimmt Datenschutzangelegenheiten sehr ernst und beabsichtigt, bei Datenschutzrichtlinien und Schutzangelegenheiten an vorderster Front zu bleiben. Wir werden unsere Datenschutzrichtlinie gelegentlich aktualisieren und diese Aktualisierungen auf dieser Seite ver\u00f6ffentlichen. Sie sind daf\u00fcr verantwortlich, diese Seite erneut zu besuchen, um unsere aktualisierten Datenschutzrichtlinien zu lesen.<\/p>\n<p>Welche Daten wir sammeln und wie wir sie verwenden: Die UnlimitedMUSE-Website verwendet Cookies, Tracking-Pixel und verwandte Technologien. Cookies sind kleine Datendateien, die von unserer Plattform und\/oder Drittanbietern bereitgestellt und auf Ihrem Ger\u00e4t gespeichert werden. Unsere Website verwendet Cookies, die von uns oder Dritten f\u00fcr eine Reihe von Zwecken abgelegt werden, einschlie\u00dflich, aber nicht beschr\u00e4nkt auf den Betrieb und die Personalisierung der Website. Dar\u00fcber hinaus k\u00f6nnen Cookies verwendet werden, um Daten zu sammeln, die verfolgen, wie Sie die Website nutzen, damit wir Ihnen gezielte Werbung anbieten k\u00f6nnen.<\/p>\n<p>Datenweitergabe: Wir werden keine Daten, die von Cookies gesammelt werden, die auf unserer Website bereitgestellt werden, an Dritte weitergeben.<\/p>\n<p>Ihre Wahlm\u00f6glichkeiten und Opt-out: Wir sind uns bewusst, wie wichtig Ihnen Ihre Online-Privatsph\u00e4re ist, daher bieten wir die folgenden Optionen an, um zu steuern, wie sich Cookies auf Sie auswirken:<\/p>\n<p>Sie k\u00f6nnen den Erhalt gezielter Werbung, die von uns oder in unserem Namen geschaltet wird, deaktivieren, indem Sie auf das blaue Symbol klicken, das normalerweise in der Ecke der von uns geschalteten Werbung erscheint, oder indem Sie hier klicken. Bitte beachten Sie, dass Sie sich erneut abmelden m\u00fcssen, wenn Sie Ihre Cookies l\u00f6schen oder Ihren Browser aktualisieren, nachdem Sie sich abgemeldet haben. Wenn Sie mehrere Browser oder Ger\u00e4te verwenden, m\u00fcssen Sie dieses Opt-out auf jedem Browser oder Ger\u00e4t ausf\u00fchren.<\/p>\n<p>Um den Erhalt gezielter Werbung zu deaktivieren, die auf Ihrem Verhalten in verschiedenen mobilen Anwendungen basiert, befolgen Sie die nachstehenden Anweisungen f\u00fcr iOS- und Android-Ger\u00e4te:<\/p>\n<p>iOS 7 oder h\u00f6her: Gehen Sie zu Ihren Einstellungen &gt; W\u00e4hlen Sie Datenschutz &gt; W\u00e4hlen Sie Werbung &gt; Aktivieren Sie die Einstellung \u201eWerbeverfolgung einschr\u00e4nken\u201c.<\/p>\n<p>F\u00fcr Android-Ger\u00e4te mit OS 2.2 oder h\u00f6her und Google Play Services Version 4.0 oder h\u00f6her: \u00d6ffnen Sie Ihre Google-Einstellungen-App &gt; Anzeigen &gt; Aktivieren Sie \u201eInteressenbezogene Werbung deaktivieren\u201c.<\/p>\n<p>Die Deaktivierung verhindert nicht, dass Sie Anzeigen sehen, aber diese Anzeigen sind wahrscheinlich weniger relevant, da sie nicht auf Ihre Interessen zugeschnitten sind. Die Anzeigen k\u00f6nnen beispielsweise zuf\u00e4llig generiert werden oder auf der von Ihnen besuchten Webseite basieren.<\/p>\n<p>\u00c4nderungen an dieser Datenschutzerkl\u00e4rung werden auf dieser Seite ver\u00f6ffentlicht. Wenn wir eine wesentliche \u00c4nderung an unseren Datenschutzpraktiken vornehmen, werden wir sie auf dieser Seite ver\u00f6ffentlichen, also stellen Sie bitte sicher, dass Sie regelm\u00e4\u00dfig nach Aktualisierungen suchen.<\/p>\n<p>Wenn Sie Fragen zu dieser Datenschutzerkl\u00e4rung oder unseren Datenschutzpraktiken haben, k\u00f6nnen Sie uns unter unlimitedMUSE@unlimitedMUSE.com kontaktieren<\/p>\n<p>Fragen zu den Informationen, die UnlimitedMUSE \u00fcber Sie gespeichert hat, sollten schriftlich erfolgen und an folgende Adresse gerichtet werden:<\/p>\n<p>Peter Palm<br \/>\nSchanzenstrasse 6-8<br \/>\n40549 D\u00fcsseldorf<\/p>\n<hr \/>\n<h1>Allgemeine Datenschutzverordnung (DSGVO) \u2013 konforme Datenschutzrichtlinie<\/h1>\n<p>Anweisungen<\/p>\n<p>UnlimitedMUSE (&#8222;UnlimitedMUSE&#8220;) muss bestimmte Informationen \u00fcber Einzelpersonen sammeln und verwenden. Diese Informationen k\u00f6nnen Kunden, Lieferanten, Gesch\u00e4ftskontakte, Mitarbeiter und andere Personen umfassen, mit denen die Organisation eine Beziehung hat oder mit denen sie Kontakt aufnehmen muss. Diese Richtlinie beschreibt, wie diese personenbezogenen Daten erhoben, verarbeitet und gespeichert werden m\u00fcssen, um die Datenschutzstandards des Unternehmens zu erf\u00fcllen \u2013 und um die Gesetze einzuhalten.<\/p>\n<p>Warum diese Richtlinie existiert<\/p>\n<p>Diese Datenschutzerkl\u00e4rung gew\u00e4hrleistet UnlimitedMUSE:<\/p>\n<p>Entspricht dem Datenschutzgesetz und befolgt bew\u00e4hrte Verfahren<\/p>\n<p>Sch\u00fctzt die Rechte von Mitarbeitern, Kunden und Partnern<\/p>\n<p>Ist transparent dar\u00fcber, wie personenbezogene Daten von Einzelpersonen gespeichert und verarbeitet werden<\/p>\n<p>Sch\u00fctzt sich vor dem Risiko einer Datenschutzverletzung<\/p>\n<p>Die Datenschutz-Grundverordnung<\/p>\n<p>Die EU-Datenschutz-Grundverordnung (DSGVO) ersetzt die Datenschutzrichtlinie 95\/46\/EG und wurde entwickelt, um die Datenschutzgesetze in ganz Europa zu harmonisieren, die Privatsph\u00e4re der EU-B\u00fcrger zu sch\u00fctzen und die Art und Weise, wie Organisationen auf der ganzen Welt mit dem Datenschutz umgehen, neu zu gestalten. Die DSGVO zielt in erster Linie darauf ab, B\u00fcrgern und Einwohnern die Kontrolle \u00fcber ihre personenbezogenen Daten zur\u00fcckzugeben und das regulatorische Umfeld f\u00fcr internationale Gesch\u00e4fte zu vereinfachen, indem die Verordnung innerhalb der EU vereinheitlicht wird.<\/p>\n<p>Was sind \u201epersonenbezogene Daten\u201c?<\/p>\n<p>\u201ePersonenbezogene Daten\u201c sind sowohl in der Richtlinie als auch in der DSGVO alle Informationen, die sich auf eine Person beziehen, die direkt oder indirekt identifiziert werden kann, insbesondere durch Zuordnung zu einer Kennung wie einem Namen, einer Identifikationsnummer, Standortdaten, einer Online-Kennung oder auf einen oder mehrere Faktoren, die f\u00fcr die physische, physiologische, genetische, mentale, wirtschaftliche, kulturelle oder soziale Identit\u00e4t dieser Person spezifisch sind. Daher werden in vielen F\u00e4llen Online-Identifikatoren, einschlie\u00dflich IP-Adresse, Cookies usw., jetzt als personenbezogene Daten angesehen, wenn sie ohne unangemessenen Aufwand mit der betroffenen Person in Verbindung gebracht werden k\u00f6nnen (oder werden k\u00f6nnen).<\/p>\n<p>1. Sammeln und Verfolgen von Informationen<\/p>\n<p>1.1. Wenn Sie unsere Website besuchen<\/p>\n<p>Sie k\u00f6nnen unsere Website (www.unlimitedMUSE.com) besuchen, ohne Ihre pers\u00f6nlichen Daten preiszugeben. UnlimitedMUSE verwendet Google Analytics und Cookies, um unseren Service und die Benutzererfahrung zu verbessern und zu analysieren, wie unsere Website verwendet wird. Abgesehen vom ungef\u00e4hren Standort (IP-Adresse) handelt es sich bei den von Google Analytics gesammelten Informationen haupts\u00e4chlich um anonyme Verkehrsdaten, einschlie\u00dflich Browserinformationen, Ger\u00e4teinformationen und Sprache. Wir erfassen keine zus\u00e4tzlichen Informationen wie Alter, Geschlecht, Interessen, Bankverbindung oder Clickstream.<\/p>\n<p>Die gesammelten Informationen werden verwendet, um einen \u00dcberblick dar\u00fcber zu geben, wie Personen auf die UnlimitedMUSE-Website zugreifen und diese nutzen. Sie werden nicht f\u00fcr weitere Zwecke verwendet, wie z. B. zur Profilerstellung derjenigen, die auf unsere Website zugreifen.<\/p>\n<p>2. Wenn Sie uns kontaktieren<\/p>\n<p>Sie k\u00f6nnen unsere Website zwar nutzen, ohne Ihre personenbezogenen Daten preiszugeben, aber sobald Sie uns \u00fcber die UnlimitedMUSE-Website kontaktieren, erfasst UnlimitedMUSE Informationen \u00fcber Sie.<\/p>\n<p>Die von Ihnen eingegebenen Informationen (pers\u00f6nliche Daten wie Name, E-Mail-Adresse, Organisation) werden verarbeitet und gespeichert, damit wir Ihre Anfrage kontaktieren und beantworten und\/oder Ihnen Zugang zu unseren Diensten erm\u00f6glichen k\u00f6nnen.<\/p>\n<p>2.1. Rekrutierung<\/p>\n<p>Wenn Sie sich auf eine Stelle bei UnlimitedMUSE bewerben, erheben, verarbeiten und speichern wir die Informationen, die Sie uns zu rekrutierungsbezogenen Zwecken, z. B. zur Kontaktaufnahme, gesendet haben. Dar\u00fcber hinaus kann UnlimitedMUSE Ihre Daten f\u00fcr einen bestimmten Zeitraum aufbewahren, um Sie f\u00fcr eine andere Gelegenheit in Betracht zu ziehen.<\/p>\n<p>3. Social-Media-Plugins<\/p>\n<p>Unsere Website verf\u00fcgt \u00fcber zwei Plug-Ins zum einfachen Teilen und Verfolgen unserer Social-Media-Seiten: Facebook, betrieben von Facebook Inc., 1601 S. California Ave, Palo Alto, CA 94304, USA; und LinkedIn, betrieben von LinkedIn, 2029 Sterling Court Mountain View, CA 94043 United States.<\/p>\n<p>Der Besuch unserer Website f\u00fchrt nicht automatisch dazu, dass Daten in diesen sozialen Netzwerken geteilt werden. Diese Plugins bleiben inaktiv (idle), bis sie angeklickt werden. Sobald Sie darauf geklickt haben, werden Sie zu den genannten Social-Media-Netzwerken mit ihren eigenen spezifischen Datenschutzrichtlinien weitergeleitet, die Sie konsultieren sollten.<\/p>\n<p>4. Informationssicherheit<\/p>\n<p>Wenn UnlimitedMUSE Informationen \u00fcber Sie sammelt, stellen wir auch sicher, dass Ihre Informationen vor unbefugtem Zugriff, Verlust, Manipulation, Verf\u00e4lschung, Zerst\u00f6rung oder unbefugter Offenlegung gesch\u00fctzt sind. Dies geschieht durch geeignete technische Ma\u00dfnahmen.<\/p>\n<p>5. Zugang zu Informationen<\/p>\n<p>Sie haben das Recht, Zugang zu den Informationen zu verlangen, die wir \u00fcber Sie haben. Sie k\u00f6nnen dies tun, indem Sie uns unter dpo@unlimitedMUSE.com kontaktieren. Wir stellen sicher, dass wir Ihnen eine Kopie der Daten zur Verf\u00fcgung stellen, die wir \u00fcber Sie verarbeiten. Um Ihrer Anfrage nachzukommen, k\u00f6nnen wir Sie bitten, Ihre Identit\u00e4t zu \u00fcberpr\u00fcfen. Wir werden Ihrer Anfrage nachkommen, indem wir Ihnen Ihre Kopie elektronisch zusenden, es sei denn, in der Anfrage wird ausdr\u00fccklich eine andere Methode angegeben. F\u00fcr jede nachfolgende Zugriffsanfrage k\u00f6nnen wir Ihnen eine Verwaltungsgeb\u00fchr in Rechnung stellen.<\/p>\n<p>6. Berichtigung und L\u00f6schung von Informationen<\/p>\n<p>Wenn Sie glauben, dass die Informationen, die wir \u00fcber Sie haben, falsch sind, k\u00f6nnen Sie uns gerne kontaktieren, damit wir sie aktualisieren und Ihre Daten korrekt halten k\u00f6nnen. Alle Daten, die nicht mehr f\u00fcr die unter Erfassung und Verwendung von Informationen angegebenen Zwecke oder f\u00fcr Zwecke der aufsichtsrechtlichen Berichterstattung ben\u00f6tigt werden, werden gel\u00f6scht.<\/p>\n<p>Wenn Sie Fragen zu den von UnlimitedMUSE gespeicherten personenbezogenen Daten haben, k\u00f6nnen Sie uns einfach unter dpo@unlimitedMUSE.com kontaktieren.<\/p>\n<p>7. Wann diese Datenschutzrichtlinie gilt<\/p>\n<p>Diese Datenschutzrichtlinie gilt f\u00fcr die von UnlimitedMUSE direkt \u00fcber unsere Website angebotenen Dienste. Unsere Website kann Links zu anderen Websites enthalten. Sobald Sie auf eine andere Website umgeleitet wurden, gilt diese Richtlinie nicht mehr.<\/p>\n<p>Diese Version der Datenschutzrichtlinie gilt ab Januar 2019.<\/p>\n<p>8. \u00c4nderungen<\/p>\n<p>Wir behalten uns das Recht vor, diese Datenschutzrichtlinie zu \u00e4ndern. Wir \u00fcberpr\u00fcfen unsere Datenschutzrichtlinie st\u00e4ndig und bem\u00fchen uns, sie zu verbessern. UnlimitedMUSE wird Ihre in dieser Richtlinie genannten Rechte nicht einschr\u00e4nken, ohne Sie um ausdr\u00fcckliche vorherige Zustimmung zu den \u00c4nderungen zu bitten. Alle \u00c4nderungen an unserer Datenschutzrichtlinie werden auf dieser Website verf\u00fcgbar sein. Sie k\u00f6nnen hier auf die fr\u00fcheren Versionen dieser Richtlinie zugreifen.<\/p>\n<p>9. Zusammenfassend<\/p>\n<p>In \u00dcbereinstimmung mit geltendem Recht erfassen wir nur eine begrenzte Menge an Informationen \u00fcber Sie, die zur Verbesserung unseres Dienstes erforderlich sind. Wir verwenden kein Profiling, wir verkaufen oder geben Ihre Daten nicht an Dritte weiter und wir verwenden Ihre Daten nicht f\u00fcr andere als die von uns angegebenen Zwecke. Wir sorgen auch daf\u00fcr, dass Ihre Daten sicher gespeichert werden. Wir l\u00f6schen alle Informationen, die wir f\u00fcr nicht mehr erforderlich halten. Wir \u00fcberpr\u00fcfen unsere Datenschutzrichtlinie st\u00e4ndig, um sie zu verbessern und Sie besser zu sch\u00fctzen.<\/p>\n<p>10. Sie k\u00f6nnen uns jederzeit kontaktieren, um:<\/p>\n<p>Fordern Sie Zugriff auf Informationen an, die UnlimitedMUSE \u00fcber Sie hat<\/p>\n<p>Korrigieren Sie alle Informationen, die UnlimitedMUSE \u00fcber Sie hat<\/p>\n<p>Fordern Sie die L\u00f6schung aller nicht vertraglichen Informationen an, die UnlimitedMUSE \u00fcber Sie hat<\/p>\n<p>Wenn Sie weitere Fragen zur Erhebung und Speicherung von Daten durch UnlimitedMUSE haben, kontaktieren Sie uns bitte unter:<\/p>\n<p>Peter Palm<br \/>\nSchanzenstrasse 6-8<br \/>\n40549 D\u00fcsseldorf<\/p>\n<p>Glossar der Begriffe<\/p>\n<p>Kekse<\/p>\n<p>Cookies sind kleine Dateien oder andere Datenelemente, die auf Ihren Computer oder ein anderes Ger\u00e4t heruntergeladen oder gespeichert werden und mit Informationen \u00fcber Ihre Nutzung unserer Website verkn\u00fcpft werden k\u00f6nnen (einschlie\u00dflich bestimmter Dienste und Funktionen von Drittanbietern, die als Teil unserer Website angeboten werden).<\/p>\n<p>Ger\u00e4t<\/p>\n<p>Ein Ger\u00e4t ist das, was Sie verwenden, um auf unsere Website zuzugreifen, z. B. ein Smartphone, Tablet oder Computer.<\/p>\n<p>IP Adresse<\/p>\n<p>Die Internet Protocol (IP)-Adresse ist eine Nummer, die mit Ihrem Ger\u00e4t verbunden ist. Eine IP-Adresse kann verwendet werden, um den Standort Ihres Ger\u00e4ts in der Regel in einem Umkreis von 40 km zu bestimmen, und stellt somit keine genaue Bestimmung Ihres Standorts dar. IP-Adressen sind im Grunde die Funktionsweise des Internets.<\/p>\n<p>Personenbezogene Daten Personenbezogene Daten sind Informationen, die Sie identifizieren k\u00f6nnen. Dies k\u00f6nnen Ihr Name, Ihre E-Mail-Adresse, Kontaktinformationen oder andere Arten von Informationen sein, die zu Ihnen zur\u00fcckverfolgt werden k\u00f6nnen.<\/p>\n","protected":false},"excerpt":{"rendered":"<p>Um unseren Service verf\u00fcgbar zu machen, m\u00fcssen Sie UnlimitedMUSE Informationen \u00fcber Sie und Ihr Unternehmen zur Verf\u00fcgung stellen. Dar\u00fcber hinaus kommunizieren Sie und die Mitarbeiter von UnlimitedMUSE \u00fcber alle Standardkommunikationsformen miteinander und als Teil seines Prozesses speichert UnlimitedMUSE Informationen \u00fcber jede Transaktion, die es f\u00fcr Sie verarbeitet. UnlimitedMUSE speichert alle Informationen und Mitteilungen, die es [&hellip;]<\/p>\n","protected":false},"author":208450,"featured_media":0,"parent":0,"menu_order":0,"comment_status":"open","ping_status":"closed","template":"","meta":{"_acf_changed":false,"_themeisle_gutenberg_block_has_review":false,"footnotes":""},"class_list":["post-152436","page","type-page","status-publish","hentry"],"acf":[],"_links":{"self":[{"href":"https:\/\/unlimitedmuse.com\/de\/wp-json\/wp\/v2\/pages\/152436","targetHints":{"allow":["GET"]}}],"collection":[{"href":"https:\/\/unlimitedmuse.com\/de\/wp-json\/wp\/v2\/pages"}],"about":[{"href":"https:\/\/unlimitedmuse.com\/de\/wp-json\/wp\/v2\/types\/page"}],"author":[{"embeddable":true,"href":"https:\/\/unlimitedmuse.com\/de\/wp-json\/wp\/v2\/users\/208450"}],"replies":[{"embeddable":true,"href":"https:\/\/unlimitedmuse.com\/de\/wp-json\/wp\/v2\/comments?post=152436"}],"version-history":[{"count":3,"href":"https:\/\/unlimitedmuse.com\/de\/wp-json\/wp\/v2\/pages\/152436\/revisions"}],"predecessor-version":[{"id":152446,"href":"https:\/\/unlimitedmuse.com\/de\/wp-json\/wp\/v2\/pages\/152436\/revisions\/152446"}],"wp:attachment":[{"href":"https:\/\/unlimitedmuse.com\/de\/wp-json\/wp\/v2\/media?parent=152436"}],"curies":[{"name":"wp","href":"https:\/\/api.w.org\/{rel}","templated":true}]}}