{"id":152387,"date":"2023-02-08T19:59:09","date_gmt":"2023-02-08T17:59:09","guid":{"rendered":"https:\/\/unlimitedmuse.com\/18-u-s-c-%c2%a72257-records-keeping-requirements-compliance-statement\/"},"modified":"2023-02-12T12:13:45","modified_gmt":"2023-02-12T10:13:45","slug":"18-u-s-c-%c2%a72257-anforderungen-an-die-aufbewahrung-von-aufzeichnungen-konformitaetserklaerung","status":"publish","type":"page","link":"https:\/\/unlimitedmuse.com\/de\/18-u-s-c-%c2%a72257-anforderungen-an-die-aufbewahrung-von-aufzeichnungen-konformitaetserklaerung\/","title":{"rendered":"18 U.S.C. \u00a72257 Anforderungen an die Aufbewahrung von Aufzeichnungen Konformit\u00e4tserkl\u00e4rung"},"content":{"rendered":"<p>Alle Modelle, Schauspieler, Schauspielerinnen und andere Personen, die in visuellen Darstellungen von tats\u00e4chlichen oder simulierten sexuellen Handlungen auf dieser Website erscheinen oder anderweitig auf dieser Website enthalten sind, waren zum Zeitpunkt der Produktion des visuellen Bildes \u00fcber achtzehn (18) Jahre alt. Die gem\u00e4\u00df Titel 18 U.S.C. \u00a72257 erforderlichen Aufzeichnungen sind bei der zust\u00e4ndigen Aufsichtsbeh\u00f6rde hinterlegt.<\/p>\n<p>Alle anderen visuellen Darstellungen, die auf dieser Website gezeigt werden, sind von den Bestimmungen von 18 U.S.C. \u00a72257, 2257A und\/oder 28 C.F.R. 75 ausgenommen, da sie 1) kein Verhalten darstellen, das speziell in 18 U.S.C. Abschnitt 2256 (2)(A) (i) bis (iv) aufgef\u00fchrt ist, 2) kein Verhalten darstellen, das speziell in 18 U. S.C. section 2257A aufgef\u00fchrt sind, 3) sie keine in 18 U.S.C. section 2256(2)(A)(v) aufgef\u00fchrten Handlungen darstellen und nach dem 27. Juli 2006 hergestellt wurden, oder 4) aus anderen Gr\u00fcnden freigestellt sind, weil die visuellen Darstellungen vor dem 3. Juli 1995 erstellt wurden.<\/p>\n<p>In Bezug auf alle visuellen Darstellungen, die auf dieser Website gezeigt werden, unabh\u00e4ngig davon, ob es sich um tats\u00e4chliche sexuelle Handlungen, simulierte sexuelle Handlungen oder andere handelt, waren alle Personen mindestens 18 Jahre alt, als die visuellen Darstellungen produziert wurden.<\/p>\n<p>Der Titel dieses Werkes lautet: www.unlimitedmuse.com<\/p>\n<p>Die auf dieser Website enthaltenen Bilder wurden am 07. Februar 2023 vervielf\u00e4ltigt, reproduziert oder neu aufgelegt. Alle Aufzeichnungen, die nach Bundesrecht aufbewahrt werden m\u00fcssen, befinden sich im Besitz von Peter Palm, dessen Titel lautet: Direktor, und k\u00f6nnen w\u00e4hrend der \u00fcblichen Gesch\u00e4ftszeiten eingesehen werden unter:<\/p>\n<p>unlimitedmuse.com<br \/>\nPeter Palm<br \/>\nSchanzenstra\u00dfe 6-8<br \/>\n40549 D\u00fcsseldorf<\/p>\n<p>Die normalen Gesch\u00e4ftszeiten f\u00fcr dieses Unternehmen sind: 11 Uhr bis 16 Uhr, Montag bis Freitag.<\/p>\n<p>Bei Fragen wenden Sie sich bitte an Peter Palm, Esq. +49 211 5580249<\/p>\n","protected":false},"excerpt":{"rendered":"<p>Alle Modelle, Schauspieler, Schauspielerinnen und andere Personen, die in visuellen Darstellungen von tats\u00e4chlichen oder simulierten sexuellen Handlungen auf dieser Website erscheinen oder anderweitig auf dieser Website enthalten sind, waren zum Zeitpunkt der Produktion des visuellen Bildes \u00fcber achtzehn (18) Jahre alt. Die gem\u00e4\u00df Titel 18 U.S.C. \u00a72257 erforderlichen Aufzeichnungen sind bei der zust\u00e4ndigen Aufsichtsbeh\u00f6rde hinterlegt. [&hellip;]<\/p>\n","protected":false},"author":208450,"featured_media":0,"parent":0,"menu_order":0,"comment_status":"open","ping_status":"closed","template":"","meta":{"_acf_changed":false,"_themeisle_gutenberg_block_has_review":false,"footnotes":""},"class_list":["post-152387","page","type-page","status-publish","hentry"],"acf":[],"_links":{"self":[{"href":"https:\/\/unlimitedmuse.com\/de\/wp-json\/wp\/v2\/pages\/152387","targetHints":{"allow":["GET"]}}],"collection":[{"href":"https:\/\/unlimitedmuse.com\/de\/wp-json\/wp\/v2\/pages"}],"about":[{"href":"https:\/\/unlimitedmuse.com\/de\/wp-json\/wp\/v2\/types\/page"}],"author":[{"embeddable":true,"href":"https:\/\/unlimitedmuse.com\/de\/wp-json\/wp\/v2\/users\/208450"}],"replies":[{"embeddable":true,"href":"https:\/\/unlimitedmuse.com\/de\/wp-json\/wp\/v2\/comments?post=152387"}],"version-history":[{"count":3,"href":"https:\/\/unlimitedmuse.com\/de\/wp-json\/wp\/v2\/pages\/152387\/revisions"}],"predecessor-version":[{"id":152403,"href":"https:\/\/unlimitedmuse.com\/de\/wp-json\/wp\/v2\/pages\/152387\/revisions\/152403"}],"wp:attachment":[{"href":"https:\/\/unlimitedmuse.com\/de\/wp-json\/wp\/v2\/media?parent=152387"}],"curies":[{"name":"wp","href":"https:\/\/api.w.org\/{rel}","templated":true}]}}